{"id":24941,"date":"2021-05-11T12:36:19","date_gmt":"2021-05-11T12:36:19","guid":{"rendered":"https:\/\/micuna.com\/non%20class\u00e9\/moom-breastfeeding-cushion\/"},"modified":"2024-04-04T13:18:49","modified_gmt":"2024-04-04T11:18:49","slug":"coussin-dallaitement-moom","status":"publish","type":"product","link":"https:\/\/micuna.com\/fr\/product\/chambres\/fauteiuils-a-bascule-d-allaitement\/coussin-dallaitement-moom\/","title":{"rendered":"Moom Coussin D&rsquo;Allaitement"},"content":{"rendered":"<p><strong>MOOM COUSSIN<\/strong><\/p>\n<p><strong>Mat\u00e9riau:<\/strong> Mousse polyur\u00e9thane<\/p>\n<p><strong>Mat\u00e9riaux Tissu:<\/strong> 100% Co<\/p>\n<p><strong>Couleur du tissu:<\/strong><br \/>\n&#8211; Beige-Marron<br \/>\n&#8211; Gris clair-Gris nuit<br \/>\n&#8211; Rose terre-Gris clair<br \/>\n&#8211; Blanc Babybacter Grey<br \/>\n&#8211; Waterwood Babybacter Grey<\/p>\n<p><strong>Caract\u00e9ristiques:<\/strong><br \/>\nChoix du tissu<\/p>\n","protected":false},"excerpt":{"rendered":"<p>Ce coussin de la collection Moom de Micuna facilitera l&rsquo;allaitement et optimisera le confort. Sa taille est id\u00e9ale pour s&rsquo;attacher au bas du dos et \u00e9viter l&rsquo;inconfort lombaire, ou vous pouvez l&rsquo;utiliser pour nourrir votre b\u00e9b\u00e9. Ce coussin est disponible en beige, gris, rose terre et le tissu antibact\u00e9rien babybacter Grey.<\/p>\n","protected":false},"featured_media":23144,"template":"","meta":[],"product_brand":[],"product_cat":[1808,1850,1834,1810],"product_tag":[],"class_list":{"0":"post-24941","1":"product","2":"type-product","3":"status-publish","4":"has-post-thumbnail","6":"product_cat-allaitement","7":"product_cat-fauteiuils-a-bascule-d-allaitement","8":"product_cat-accessoires-de-fauteuils-a-bascule","9":"product_cat-chambres","10":"pa_color-textil-beige-fr","11":"pa_color-textil-gris-fr","12":"pa_color-textil-rosa-fr","14":"first","15":"instock","16":"shipping-taxable","17":"product-type-variable","18":"has-default-attributes"},"_links":{"self":[{"href":"https:\/\/micuna.com\/fr\/wp-json\/wp\/v2\/product\/24941","targetHints":{"allow":["GET"]}}],"collection":[{"href":"https:\/\/micuna.com\/fr\/wp-json\/wp\/v2\/product"}],"about":[{"href":"https:\/\/micuna.com\/fr\/wp-json\/wp\/v2\/types\/product"}],"wp:featuredmedia":[{"embeddable":true,"href":"https:\/\/micuna.com\/fr\/wp-json\/wp\/v2\/media\/23144"}],"wp:attachment":[{"href":"https:\/\/micuna.com\/fr\/wp-json\/wp\/v2\/media?parent=24941"}],"wp:term":[{"taxonomy":"product_brand","embeddable":true,"href":"https:\/\/micuna.com\/fr\/wp-json\/wp\/v2\/product_brand?post=24941"},{"taxonomy":"product_cat","embeddable":true,"href":"https:\/\/micuna.com\/fr\/wp-json\/wp\/v2\/product_cat?post=24941"},{"taxonomy":"product_tag","embeddable":true,"href":"https:\/\/micuna.com\/fr\/wp-json\/wp\/v2\/product_tag?post=24941"}],"curies":[{"name":"wp","href":"https:\/\/api.w.org\/{rel}","templated":true}]}}