{"id":24950,"date":"2021-05-11T12:36:27","date_gmt":"2021-05-11T12:36:27","guid":{"rendered":"https:\/\/micuna.com\/non%20class\u00e9\/fixed-legs-for-rocking-chair\/"},"modified":"2021-08-13T09:06:04","modified_gmt":"2021-08-13T09:06:04","slug":"pieds-fixes-pour-fauteuil-a-bascule","status":"publish","type":"product","link":"https:\/\/micuna.com\/fr\/product\/chambres\/fauteiuils-a-bascule-d-allaitement\/pieds-fixes-pour-fauteuil-a-bascule\/","title":{"rendered":"Pieds Fixes pour Fauteuil \u00e0 Bascule"},"content":{"rendered":"<p><strong>JEU DE 4 PIEDS FIXES POUR FAUTEUIL \u00c0 BASCULE CP-1811<\/strong><\/p>\n<p><strong>Dimensions:<\/strong> Hauteur 7,5 cm \/ Largeur 7 cm \/ Profondeur. 8 cm<\/p>\n<p><strong>Mat\u00e9riau:<\/strong> H\u00eatre<\/p>\n<p><strong>Couleur:<\/strong> Blanc<\/p>\n","protected":false},"excerpt":{"rendered":"<p>Gr\u00e2ce \u00e0 l&rsquo;ensemble de pieds fixes de micuna, vous pouvez transformer votre fauteuil \u00e0 bascule en simple fauteuil en rempla\u00e7ant la bascule par les pieds.<\/p>\n<p>Les pieds sont disponibles en blanc, ce qui permet de les combiner avec n&rsquo;importe quel mod\u00e8le de fauteuil \u00e0 bascule: Flor, Nanny et Confort.<\/p>\n","protected":false},"featured_media":18218,"template":"","meta":[],"product_brand":[],"product_cat":[1808,1850,1834,1810],"product_tag":[],"class_list":{"0":"post-24950","1":"product","2":"type-product","3":"status-publish","4":"has-post-thumbnail","6":"product_cat-allaitement","7":"product_cat-fauteiuils-a-bascule-d-allaitement","8":"product_cat-accessoires-de-fauteuils-a-bascule","9":"product_cat-chambres","10":"pa_color-madera-blanc","12":"first","13":"instock","14":"shipping-taxable","15":"product-type-simple"},"_links":{"self":[{"href":"https:\/\/micuna.com\/fr\/wp-json\/wp\/v2\/product\/24950","targetHints":{"allow":["GET"]}}],"collection":[{"href":"https:\/\/micuna.com\/fr\/wp-json\/wp\/v2\/product"}],"about":[{"href":"https:\/\/micuna.com\/fr\/wp-json\/wp\/v2\/types\/product"}],"wp:featuredmedia":[{"embeddable":true,"href":"https:\/\/micuna.com\/fr\/wp-json\/wp\/v2\/media\/18218"}],"wp:attachment":[{"href":"https:\/\/micuna.com\/fr\/wp-json\/wp\/v2\/media?parent=24950"}],"wp:term":[{"taxonomy":"product_brand","embeddable":true,"href":"https:\/\/micuna.com\/fr\/wp-json\/wp\/v2\/product_brand?post=24950"},{"taxonomy":"product_cat","embeddable":true,"href":"https:\/\/micuna.com\/fr\/wp-json\/wp\/v2\/product_cat?post=24950"},{"taxonomy":"product_tag","embeddable":true,"href":"https:\/\/micuna.com\/fr\/wp-json\/wp\/v2\/product_tag?post=24950"}],"curies":[{"name":"wp","href":"https:\/\/api.w.org\/{rel}","templated":true}]}}