{"id":24952,"date":"2021-05-11T12:37:50","date_gmt":"2021-05-11T12:37:50","guid":{"rendered":"https:\/\/micuna.com\/non%20class\u00e9\/claire-baby-nest\/"},"modified":"2021-08-13T09:11:31","modified_gmt":"2021-08-13T09:11:31","slug":"baby-nest-claire","status":"publish","type":"product","link":"https:\/\/micuna.com\/fr\/product\/allaitement\/baby-nest-claire\/","title":{"rendered":"Baby Nest Claire"},"content":{"rendered":"<p><strong>BABY NEST TX-1869 CLAIRE<\/strong><\/p>\n<p><strong>Composition ext\u00e9rieure:<\/strong> 100%\u00a0CO<\/p>\n<p><strong>Composition int\u00e9rieure:<\/strong> Ouate toucher plume 100% Polyester<\/p>\n<p><strong>Caract\u00e9ristiques:<br \/>\n<\/strong>&#8211; Polyvalent: coussin de grossesse, coussin d&rsquo;allaitement et r\u00e9ducteur de lit pour b\u00e9b\u00e9<br \/>\n&#8211; D\u00e9houssable<br \/>\n&#8211; Lavable<\/p>\n","protected":false},"excerpt":{"rendered":"<p>Pendant la grossesse, des changements dans le corps emp\u00eachent la maman de se reposer correctement: les premiers coups de pied commencent, on n&rsquo;arrive pas \u00e0 trouver la bonne posture, etc. L&rsquo;oreiller multifonctionnel Baby Nest sera le compagnon id\u00e9al pendant cette \u00e9tape.<\/p>\n<p>1- En dormant sur le c\u00f4t\u00e9 gauche, on \u00e9vite la pression du poids du corps sur la veine cave, favorisant l&rsquo;irrigation du sang vers le placenta et apportant plus d&rsquo;oxyg\u00e8ne et de nutriments au b\u00e9b\u00e9.<br \/>\n2- Soutien de la nuque et du dos.<br \/>\n3- Le support dorsal aide \u00e0 d\u00e9tendre l&rsquo;abdomen.<br \/>\n4- Soutien des jambes. Pr\u00e9vient le gonflement des pieds.<br \/>\n5- Pendant l&rsquo;allaitement au sein et au biberon, il facilite le positionnement correct du b\u00e9b\u00e9 par la m\u00e8re. En plus d&rsquo;\u00e9viter les postures g\u00eanantes et inconfortables et de soulager les douleurs du dos et des bras, il \u00e9limine les tensions, transmettant un moment de paix et de tranquillit\u00e9 au b\u00e9b\u00e9.<br \/>\n6- En outre, le Baby Nest est un r\u00e9ducteur de berceau pour les premiers mois du b\u00e9b\u00e9, lorsqu&rsquo;il a besoin de se sentir envelopp\u00e9 et prot\u00e9g\u00e9.<br \/>\n7- Il est parfait pour le cododo dans le lit des parents, vous permettant de dormir \u00e0 c\u00f4t\u00e9 de votre b\u00e9b\u00e9 avec un maximum de tranquillit\u00e9 et de s\u00e9curit\u00e9. Et lorsque le b\u00e9b\u00e9 grandit et commence \u00e0 s&rsquo;asseoir, il peut \u00e9galement \u00eatre utilis\u00e9 comme un transat pour b\u00e9b\u00e9.<\/p>\n<p>Son int\u00e9rieur est constitu\u00e9 d&rsquo;une mati\u00e8re confortable et moulable au toucher plume, ce qui lui permet de s&rsquo;adapter \u00e0 toutes les postures. Il est respirant et gr\u00e2ce \u00e0 sa fermeture \u00e9clair, il peut \u00eatre utilis\u00e9 facilement dans toutes ses positions.<\/p>\n","protected":false},"featured_media":19400,"template":"","meta":[],"product_brand":[],"product_cat":[1808],"product_tag":[],"class_list":{"0":"post-24952","1":"product","2":"type-product","3":"status-publish","4":"has-post-thumbnail","6":"product_cat-allaitement","8":"first","9":"instock","10":"shipping-taxable","11":"product-type-simple"},"_links":{"self":[{"href":"https:\/\/micuna.com\/fr\/wp-json\/wp\/v2\/product\/24952","targetHints":{"allow":["GET"]}}],"collection":[{"href":"https:\/\/micuna.com\/fr\/wp-json\/wp\/v2\/product"}],"about":[{"href":"https:\/\/micuna.com\/fr\/wp-json\/wp\/v2\/types\/product"}],"wp:featuredmedia":[{"embeddable":true,"href":"https:\/\/micuna.com\/fr\/wp-json\/wp\/v2\/media\/19400"}],"wp:attachment":[{"href":"https:\/\/micuna.com\/fr\/wp-json\/wp\/v2\/media?parent=24952"}],"wp:term":[{"taxonomy":"product_brand","embeddable":true,"href":"https:\/\/micuna.com\/fr\/wp-json\/wp\/v2\/product_brand?post=24952"},{"taxonomy":"product_cat","embeddable":true,"href":"https:\/\/micuna.com\/fr\/wp-json\/wp\/v2\/product_cat?post=24952"},{"taxonomy":"product_tag","embeddable":true,"href":"https:\/\/micuna.com\/fr\/wp-json\/wp\/v2\/product_tag?post=24952"}],"curies":[{"name":"wp","href":"https:\/\/api.w.org\/{rel}","templated":true}]}}