{"id":24967,"date":"2021-05-11T12:37:02","date_gmt":"2021-05-11T12:37:02","guid":{"rendered":"https:\/\/micuna.com\/non%20class\u00e9\/micussori-clothing-rack\/"},"modified":"2024-04-04T12:07:47","modified_gmt":"2024-04-04T10:07:47","slug":"penderie-montessori","status":"publish","type":"product","link":"https:\/\/micuna.com\/fr\/product\/montessori-fr\/meubles-montessori\/penderie-montessori\/","title":{"rendered":"Portant Enfants Montessori"},"content":{"rendered":"<p><strong>PORTANT ENFANTS MONT-1931 MICUSSORI\u00a0<\/strong><\/p>\n<p><strong>Mat\u00e9riau:<\/strong> MDF laqu\u00e9 &#8211; H\u00eatre<\/p>\n<p><strong>Couleur:<\/strong> Waterwood \u2013 Blanco<\/p>\n<p><strong>Caract\u00e9ristiques:<br \/>\n<\/strong>Porte-manteaux avec \u00e9tag\u00e8re pour que les enfants apprennent \u00e0 suspendre leurs v\u00eatements et \u00e0 ranger leurs chaussures<\/p>\n","protected":false},"excerpt":{"rendered":"<p>La penderie Micussori de Micuna est arriv\u00e9e. Vos enfants pourront y ranger leurs v\u00eatements en toute simplicit\u00e9. Ainsi, gr\u00e2ce \u00e0 la philosophie Montessori, ils pourront acc\u00e9der \u00e0 leur garde-robe et \u00eatre capables de trier leurs v\u00eatements de mani\u00e8re autonome. Elle poss\u00e8de \u00e9galement une \u00e9tag\u00e8re inf\u00e9rieure o\u00f9 vous pourrez plier ses t-shirts ou placer ses chaussures.<\/p>\n","protected":false},"featured_media":18752,"template":"","meta":[],"product_brand":[],"product_cat":[1809,1837],"product_tag":[],"class_list":{"0":"post-24967","1":"product","2":"type-product","3":"status-publish","4":"has-post-thumbnail","6":"product_cat-montessori-fr","7":"product_cat-meubles-montessori","8":"pa_color-madera-waterwood-blanc","10":"first","11":"instock","12":"shipping-taxable","13":"product-type-simple"},"_links":{"self":[{"href":"https:\/\/micuna.com\/fr\/wp-json\/wp\/v2\/product\/24967","targetHints":{"allow":["GET"]}}],"collection":[{"href":"https:\/\/micuna.com\/fr\/wp-json\/wp\/v2\/product"}],"about":[{"href":"https:\/\/micuna.com\/fr\/wp-json\/wp\/v2\/types\/product"}],"wp:featuredmedia":[{"embeddable":true,"href":"https:\/\/micuna.com\/fr\/wp-json\/wp\/v2\/media\/18752"}],"wp:attachment":[{"href":"https:\/\/micuna.com\/fr\/wp-json\/wp\/v2\/media?parent=24967"}],"wp:term":[{"taxonomy":"product_brand","embeddable":true,"href":"https:\/\/micuna.com\/fr\/wp-json\/wp\/v2\/product_brand?post=24967"},{"taxonomy":"product_cat","embeddable":true,"href":"https:\/\/micuna.com\/fr\/wp-json\/wp\/v2\/product_cat?post=24967"},{"taxonomy":"product_tag","embeddable":true,"href":"https:\/\/micuna.com\/fr\/wp-json\/wp\/v2\/product_tag?post=24967"}],"curies":[{"name":"wp","href":"https:\/\/api.w.org\/{rel}","templated":true}]}}