{"id":24968,"date":"2021-05-11T12:36:58","date_gmt":"2021-05-11T12:36:58","guid":{"rendered":"https:\/\/micuna.com\/non%20class\u00e9\/trotta-learning-tower\/"},"modified":"2024-04-04T12:13:05","modified_gmt":"2024-04-04T10:13:05","slug":"trotta","status":"publish","type":"product","link":"https:\/\/micuna.com\/fr\/product\/montessori-fr\/tours-d-eveil\/trotta\/","title":{"rendered":"Tour D&rsquo;\u00c9veil Montessori Trott@"},"content":{"rendered":"<p><strong>TOUR D\u2019\u00c9VEIL \u00c9VOLUTIVE &#8211; REHAUSSEUR MONT-1872 TROTTA<\/strong><\/p>\n<p><strong>Dimensions:<\/strong> 91 x 46.5 x 44 cm<\/p>\n<p><strong>Mat\u00e9riau:<\/strong> MDF laqu\u00e9 &#8211; Pin<\/p>\n<p><strong>Couleur:<\/strong> Waterwood &#8211; Blanc<\/p>\n<p><strong>Caract\u00e9ristiques:<br \/>\n<\/strong>&#8211; Tour d&rsquo;\u00e9veil \u00e9volutive<br \/>\n&#8211; Syst\u00e8me de guidage intuitif<br \/>\n&#8211; \u00c9tag\u00e8re transformable en si\u00e8ge<br \/>\n&#8211; Int\u00e9rieur \u00e9volutif en hauteur<br \/>\n&#8211; Marche pliante<br \/>\n&#8211; Comprend un stylet<br \/>\n&#8211; Zone de jeux<\/p>\n","protected":false},"excerpt":{"rendered":"<p>La tour d&rsquo;\u00e9veil \u00e9volutive et transformable TROTTA est un produit de la ligne Micussori, la famille Montessori de Micuna. Elle sera d&rsquo;une grande aide dans les premi\u00e8res ann\u00e9es de la vie de l&rsquo;enfant. Au stade de l&rsquo;int\u00e9r\u00eat et de la curiosit\u00e9, elle l&rsquo;aidera \u00e0 atteindre les endroits difficiles d&rsquo;acc\u00e8s comme le banc de la cuisine ou les toilettes, permettant ainsi \u00e0 l&rsquo;enfant d\u2019\u00eatre plus autonome, selon la philosophie Montessori.<\/p>\n<p>Elle est dot\u00e9e de poign\u00e9es pour faciliter le transport et, lorsqu&rsquo;elle n&rsquo;est plus utilis\u00e9e comme tour d&rsquo;\u00e9veil, elle peut servir de meuble de rangement.<\/p>\n<p>Ses finitions emp\u00eachent l&rsquo;enfant de se blesser, elle n&rsquo;a pas de vis avec lesquelles il peut se coincer ou tr\u00e9bucher.<\/p>\n<p>La tour d&rsquo;\u00e9veil Trotta comporte quatre positions:<\/p>\n<p>1- ESCALIER. En premi\u00e8re position, Trotta est une \u00e9chelle \u00e0 trois \u00e9chelons. La marche inf\u00e9rieure peut \u00eatre repli\u00e9e vers l&rsquo;int\u00e9rieur lorsqu&rsquo;elle n&rsquo;est pas n\u00e9cessaire pour gagner de l&rsquo;espace dans la maison.<br \/>\n2- DEUX POSITIONS. La deuxi\u00e8me position est con\u00e7ue pour accompagner la croissance de l&rsquo;enfant. Gr\u00e2ce au syst\u00e8me de guidage innovant, sa fonctionnalit\u00e9 peut \u00eatre modifi\u00e9e par des mouvements tr\u00e8s simples et intuitifs, et sans l&rsquo;utilisation d&rsquo;outils. Par un simple glissement, la marche sup\u00e9rieure devient une marche cach\u00e9e, r\u00e9duisant la hauteur du rehausseur.<br \/>\n3- Il s&rsquo;agit \u00e9galement d&rsquo;un SI\u00c8GE, pla\u00e7ant la marche sup\u00e9rieure dans sa position de dossier.<br \/>\n4- APPRENTISSAGE. Ses c\u00f4t\u00e9s pr\u00e9sentent un jeu amusant pour que l&rsquo;enfant d\u00e9couvre les lettres, les chiffres et les formes g\u00e9om\u00e9triques de base en les tra\u00e7ant avec la boule \u00e0 tracer. Ce syst\u00e8me permettra \u00e0 l&rsquo;enfant d&rsquo;\u00e9tablir son premier contact avec l&rsquo;\u00e9criture et le dessin \u00e0 son propre rythme d&rsquo;apprentissage.<\/p>\n<p>Con\u00e7ue et fabriqu\u00e9e en Espagne. Fabriqu\u00e9 en pin avec des vernis non toxiques. Tous nos bois proviennent de for\u00eats g\u00e9r\u00e9es durablement et nous d\u00e9veloppons nos conceptions, notre production et notre distribution selon les principes de l&rsquo;\u00e9coconception. Nous sommes tr\u00e8s attach\u00e9s \u00e0 la fabrication \u00e9cologique.<\/p>\n<p>.<\/p>\n","protected":false},"featured_media":18668,"template":"","meta":[],"product_brand":[],"product_cat":[1809,1838],"product_tag":[],"class_list":{"0":"post-24968","1":"product","2":"type-product","3":"status-publish","4":"has-post-thumbnail","6":"product_cat-montessori-fr","7":"product_cat-tours-d-eveil","8":"pa_color-madera-waterwood-blanc","10":"first","11":"instock","12":"shipping-taxable","13":"product-type-simple"},"_links":{"self":[{"href":"https:\/\/micuna.com\/fr\/wp-json\/wp\/v2\/product\/24968","targetHints":{"allow":["GET"]}}],"collection":[{"href":"https:\/\/micuna.com\/fr\/wp-json\/wp\/v2\/product"}],"about":[{"href":"https:\/\/micuna.com\/fr\/wp-json\/wp\/v2\/types\/product"}],"wp:featuredmedia":[{"embeddable":true,"href":"https:\/\/micuna.com\/fr\/wp-json\/wp\/v2\/media\/18668"}],"wp:attachment":[{"href":"https:\/\/micuna.com\/fr\/wp-json\/wp\/v2\/media?parent=24968"}],"wp:term":[{"taxonomy":"product_brand","embeddable":true,"href":"https:\/\/micuna.com\/fr\/wp-json\/wp\/v2\/product_brand?post=24968"},{"taxonomy":"product_cat","embeddable":true,"href":"https:\/\/micuna.com\/fr\/wp-json\/wp\/v2\/product_cat?post=24968"},{"taxonomy":"product_tag","embeddable":true,"href":"https:\/\/micuna.com\/fr\/wp-json\/wp\/v2\/product_tag?post=24968"}],"curies":[{"name":"wp","href":"https:\/\/api.w.org\/{rel}","templated":true}]}}