{"id":24970,"date":"2021-05-11T12:37:01","date_gmt":"2021-05-11T12:37:01","guid":{"rendered":"https:\/\/micuna.com\/non%20class\u00e9\/montessori-mirror\/"},"modified":"2024-04-04T11:45:57","modified_gmt":"2024-04-04T09:45:57","slug":"miroir-montessori","status":"publish","type":"product","link":"https:\/\/micuna.com\/fr\/product\/montessori-fr\/miroir-montessori\/miroir-montessori\/","title":{"rendered":"Miroir Montessori"},"content":{"rendered":"<p><strong>MIROIR MICUSSORI MONT-1922\u00a0<\/strong><\/p>\n<p><strong>Mat\u00e9riau:<\/strong> H\u00eatre \u2013 MDF laqu\u00e9<\/p>\n<p><strong>Couleur:<\/strong> Blanc &#8211; Waterwood \/ Blanc<\/p>\n<p><strong>Caract\u00e9ristiques:<br \/>\n<\/strong>&#8211; Miroir de p\u00e9dagogie Montessori<br \/>\n&#8211; Comprend un ancrage mural<br \/>\n&#8211; 2 positions de montage: horizontale et verticale<br \/>\n&#8211; Barre r\u00e9glable en 3 hauteurs<\/p>\n","protected":false},"excerpt":{"rendered":"<p>Le miroir Micussori deviendra l&rsquo;un des \u00e9l\u00e9ments pr\u00e9f\u00e9r\u00e9s de la chambre de votre enfant. Il pourra y voir son reflet et ainsi se reconna\u00eetre d\u00e8s le plus jeune \u00e2ge. Gr\u00e2ce \u00e0 sa barre, disponible en deux couleurs, il pourra la prendre et s\u2019y tenir pour faire des mouvements lat\u00e9raux. Et, au fur et \u00e0 mesure qu&rsquo;il grandit, elle peut \u00eatre ajust\u00e9e, car elle a trois positions.<\/p>\n<p>Lorsque votre b\u00e9b\u00e9 grandit, la barre peut \u00eatre retir\u00e9e et le miroir plac\u00e9 en position verticale pour se voir en entier.<\/p>\n","protected":false},"featured_media":18737,"template":"","meta":[],"product_brand":[],"product_cat":[1809,1839],"product_tag":[],"class_list":{"0":"post-24970","1":"product","2":"type-product","3":"status-publish","4":"has-post-thumbnail","6":"product_cat-montessori-fr","7":"product_cat-miroir-montessori","8":"pa_color-madera-blanc","9":"pa_color-madera-blanco-cera-natural","11":"first","12":"instock","13":"shipping-taxable","14":"product-type-variable","15":"has-default-attributes"},"_links":{"self":[{"href":"https:\/\/micuna.com\/fr\/wp-json\/wp\/v2\/product\/24970","targetHints":{"allow":["GET"]}}],"collection":[{"href":"https:\/\/micuna.com\/fr\/wp-json\/wp\/v2\/product"}],"about":[{"href":"https:\/\/micuna.com\/fr\/wp-json\/wp\/v2\/types\/product"}],"wp:featuredmedia":[{"embeddable":true,"href":"https:\/\/micuna.com\/fr\/wp-json\/wp\/v2\/media\/18737"}],"wp:attachment":[{"href":"https:\/\/micuna.com\/fr\/wp-json\/wp\/v2\/media?parent=24970"}],"wp:term":[{"taxonomy":"product_brand","embeddable":true,"href":"https:\/\/micuna.com\/fr\/wp-json\/wp\/v2\/product_brand?post=24970"},{"taxonomy":"product_cat","embeddable":true,"href":"https:\/\/micuna.com\/fr\/wp-json\/wp\/v2\/product_cat?post=24970"},{"taxonomy":"product_tag","embeddable":true,"href":"https:\/\/micuna.com\/fr\/wp-json\/wp\/v2\/product_tag?post=24970"}],"curies":[{"name":"wp","href":"https:\/\/api.w.org\/{rel}","templated":true}]}}