{"id":24982,"date":"2021-05-11T12:35:54","date_gmt":"2021-05-11T12:35:54","guid":{"rendered":"https:\/\/micuna.com\/non%20class\u00e9\/a-1414-wardrobe\/"},"modified":"2024-04-04T11:41:54","modified_gmt":"2024-04-04T09:41:54","slug":"armoire-a-1414","status":"publish","type":"product","link":"https:\/\/micuna.com\/fr\/product\/chambres\/armoires\/armoire-a-1414\/","title":{"rendered":"Armoire A-1414 Plus"},"content":{"rendered":"<p><strong>ARMOIRE A-1414 PLUS<\/strong><\/p>\n<p><strong>Dimensions:<\/strong> hauteur 180\u00a0cm\/largeur 95\u00a0cm\/profondeur 51\u00a0cm<\/p>\n<p><strong>Mat\u00e9riau:<\/strong> plateau en m\u00e9lamine \u2014 MDF laqu\u00e9<\/p>\n<p><strong>Couleur:<\/strong> Blanc<\/p>\n<p><strong>Caract\u00e9ristiques:<\/strong><br \/>\n1\u00a0penderie +1\u00a0grande \u00e9tag\u00e8re<\/p>\n","protected":false},"excerpt":{"rendered":"<p>Armoire qui s\u2019associe \u00e0 la perfection avec tous nos lits b\u00e9b\u00e9 et meubles. Elle peut \u00eatre personnalis\u00e9e en choisissant d\u2019autres poign\u00e9es.<\/p>\n<p>Tous nos meubles sont con\u00e7us et fabriqu\u00e9s en Espagne.<\/p>\n","protected":false},"featured_media":22644,"template":"","meta":[],"product_brand":[],"product_cat":[1810,1845],"product_tag":[],"class_list":{"0":"post-24982","1":"product","2":"type-product","3":"status-publish","4":"has-post-thumbnail","6":"product_cat-chambres","7":"product_cat-armoires","8":"pa_color-madera-blanc","10":"first","11":"instock","12":"shipping-taxable","13":"product-type-simple"},"_links":{"self":[{"href":"https:\/\/micuna.com\/fr\/wp-json\/wp\/v2\/product\/24982","targetHints":{"allow":["GET"]}}],"collection":[{"href":"https:\/\/micuna.com\/fr\/wp-json\/wp\/v2\/product"}],"about":[{"href":"https:\/\/micuna.com\/fr\/wp-json\/wp\/v2\/types\/product"}],"wp:featuredmedia":[{"embeddable":true,"href":"https:\/\/micuna.com\/fr\/wp-json\/wp\/v2\/media\/22644"}],"wp:attachment":[{"href":"https:\/\/micuna.com\/fr\/wp-json\/wp\/v2\/media?parent=24982"}],"wp:term":[{"taxonomy":"product_brand","embeddable":true,"href":"https:\/\/micuna.com\/fr\/wp-json\/wp\/v2\/product_brand?post=24982"},{"taxonomy":"product_cat","embeddable":true,"href":"https:\/\/micuna.com\/fr\/wp-json\/wp\/v2\/product_cat?post=24982"},{"taxonomy":"product_tag","embeddable":true,"href":"https:\/\/micuna.com\/fr\/wp-json\/wp\/v2\/product_tag?post=24982"}],"curies":[{"name":"wp","href":"https:\/\/api.w.org\/{rel}","templated":true}]}}