{"id":24983,"date":"2021-05-11T12:35:55","date_gmt":"2021-05-11T12:35:55","guid":{"rendered":"https:\/\/micuna.com\/non%20class\u00e9\/swing-wardrobe\/"},"modified":"2024-04-03T12:33:38","modified_gmt":"2024-04-03T10:33:38","slug":"armoire-swing","status":"publish","type":"product","link":"https:\/\/micuna.com\/fr\/product\/chambres\/armoires\/armoire-swing\/","title":{"rendered":"Swing Armoire"},"content":{"rendered":"<p><strong>SWING A-1835 ARMOIRE\u00a0<\/strong><\/p>\n<p><strong>Dimensions:<\/strong> largeur 111,3\u00a0cm \u2014 hauteur 185\u00a0cm \u2014 profondeur 61,5\u00a0cm<\/p>\n<p><strong>Mat\u00e9riau:<\/strong> h\u00eatre \u2014 plateau en m\u00e9lamine \u2014 MDF laqu\u00e9<\/p>\n<p><strong>Certificat de s\u00e9curit\u00e9:<\/strong> europ\u00e9en<\/p>\n<p><strong>Couleur:<\/strong> Blanc-Waterwood<\/p>\n<p><strong>Caract\u00e9ristiques:<br \/>\n<\/strong>\u2013 Int\u00e9rieur: penderie + 3 petites \u00e9tag\u00e8res + grande \u00e9tag\u00e8re<br \/>\n\u2013 Comprend le syst\u00e8me LED<\/p>\n<p><strong>En option:<br \/>\n<\/strong>CP-1853 S\u00e9parateur de tiroir int\u00e9rieur<\/p>\n<p><strong>Recommandations:<br \/>\n<\/strong>Pour nettoyer l\u2019armoire Swing, nous vous recommandons de l\u2019essuyer avec un chiffon sec pour enlever la poussi\u00e8re ou un chiffon l\u00e9g\u00e8rement humidifi\u00e9 avec de l\u2019eau.<br \/>\nL\u2019utilisation de produits abrasifs est d\u00e9conseill\u00e9e.<\/p>\n","protected":false},"excerpt":{"rendered":"<p>La collection de meubles Swing se caract\u00e9rise par son design raffin\u00e9 de style moderne et minimaliste qui associe le blanc \u00e0 des pieds originaux en bois de h\u00eatre de couleur scandinave.<\/p>\n<p>Une collection aux lignes \u00e9pur\u00e9es qui offre une grande robustesse, con\u00e7ue et fabriqu\u00e9e en Espagne. Swing est une collection de design rendue possible gr\u00e2ce \u00e0 la collaboration de Micuna avec le designer valencien Vicent Peris.<\/p>\n<p>L\u2019armoire Swing est compos\u00e9e de quatre petites \u00e9tag\u00e8res et d\u2019une grande \u00e9tag\u00e8re avec penderie int\u00e9gr\u00e9e.<\/p>\n<p>Elle est \u00e9galement dot\u00e9e d\u2019un syst\u00e8me d\u2019\u00e9clairage \u00e0 LED \u00e0 l\u2019int\u00e9rieur de l\u2019armoire.<\/p>\n<p>Cette collection est disponible en blanc-waterwood.<\/p>\n<p>Int\u00e9ressant:<br \/>\nToutes les collections Micuna sont fabriqu\u00e9es en bois de h\u00eatre laqu\u00e9 en blanc avec des peintures \u00e0 l\u2019eau et des vernis non toxiques. Tous nos bois proviennent de for\u00eats g\u00e9r\u00e9es durablement et nous d\u00e9veloppons nos conceptions, notre production et notre distribution selon les principes de l\u2019\u00e9coconception. Nous sommes tr\u00e8s attach\u00e9s \u00e0 la fabrication \u00e9cologique.<\/p>\n","protected":false},"featured_media":22879,"template":"","meta":[],"product_brand":[],"product_cat":[1810,1845],"product_tag":[1921],"class_list":{"0":"post-24983","1":"product","2":"type-product","3":"status-publish","4":"has-post-thumbnail","6":"product_cat-chambres","7":"product_cat-armoires","8":"product_tag-collection-swing","9":"pa_color-madera-waterwood-blanc","11":"first","12":"instock","13":"shipping-taxable","14":"product-type-variable","15":"has-default-attributes"},"_links":{"self":[{"href":"https:\/\/micuna.com\/fr\/wp-json\/wp\/v2\/product\/24983","targetHints":{"allow":["GET"]}}],"collection":[{"href":"https:\/\/micuna.com\/fr\/wp-json\/wp\/v2\/product"}],"about":[{"href":"https:\/\/micuna.com\/fr\/wp-json\/wp\/v2\/types\/product"}],"wp:featuredmedia":[{"embeddable":true,"href":"https:\/\/micuna.com\/fr\/wp-json\/wp\/v2\/media\/22879"}],"wp:attachment":[{"href":"https:\/\/micuna.com\/fr\/wp-json\/wp\/v2\/media?parent=24983"}],"wp:term":[{"taxonomy":"product_brand","embeddable":true,"href":"https:\/\/micuna.com\/fr\/wp-json\/wp\/v2\/product_brand?post=24983"},{"taxonomy":"product_cat","embeddable":true,"href":"https:\/\/micuna.com\/fr\/wp-json\/wp\/v2\/product_cat?post=24983"},{"taxonomy":"product_tag","embeddable":true,"href":"https:\/\/micuna.com\/fr\/wp-json\/wp\/v2\/product_tag?post=24983"}],"curies":[{"name":"wp","href":"https:\/\/api.w.org\/{rel}","templated":true}]}}