{"id":25000,"date":"2021-05-11T12:35:54","date_gmt":"2021-05-11T12:35:54","guid":{"rendered":"https:\/\/micuna.com\/non%20class\u00e9\/a-1805-wardrobe\/"},"modified":"2021-08-13T10:26:39","modified_gmt":"2021-08-13T10:26:39","slug":"armoire-a-1805","status":"publish","type":"product","link":"https:\/\/micuna.com\/fr\/product\/chambres\/armoires\/armoire-a-1805\/","title":{"rendered":"Armoire A-1805"},"content":{"rendered":"<p><strong>ARMOIRE A-1805<\/strong><\/p>\n<p><strong>Dimensions:<\/strong> hauteur 180\u00a0cm\/largeur 95\u00a0cm\/profondeur 51\u00a0cm<\/p>\n<p><strong>Mat\u00e9riau:<\/strong> plateau en m\u00e9lamine \u2014 MDF laqu\u00e9<\/p>\n<p><strong>Couleur:<\/strong> blanc<\/p>\n<p><strong>Caract\u00e9ristiques:<br \/>\n<\/strong>Comprend 1\u00a0penderie + 1\u00a0grande \u00e9tag\u00e8re<\/p>\n","protected":false},"excerpt":{"rendered":"<p>Armoire qui s\u2019associe \u00e0 la perfection avec tous nos lits b\u00e9b\u00e9 et meubles. Elle peut \u00eatre personnalis\u00e9e en choisissant d\u2019autres poign\u00e9es.<\/p>\n","protected":false},"featured_media":17841,"template":"","meta":[],"product_brand":[],"product_cat":[1810,1845],"product_tag":[],"class_list":{"0":"post-25000","1":"product","2":"type-product","3":"status-publish","4":"has-post-thumbnail","6":"product_cat-chambres","7":"product_cat-armoires","8":"pa_color-madera-blanc","10":"first","11":"instock","12":"shipping-taxable","13":"product-type-simple"},"_links":{"self":[{"href":"https:\/\/micuna.com\/fr\/wp-json\/wp\/v2\/product\/25000","targetHints":{"allow":["GET"]}}],"collection":[{"href":"https:\/\/micuna.com\/fr\/wp-json\/wp\/v2\/product"}],"about":[{"href":"https:\/\/micuna.com\/fr\/wp-json\/wp\/v2\/types\/product"}],"wp:featuredmedia":[{"embeddable":true,"href":"https:\/\/micuna.com\/fr\/wp-json\/wp\/v2\/media\/17841"}],"wp:attachment":[{"href":"https:\/\/micuna.com\/fr\/wp-json\/wp\/v2\/media?parent=25000"}],"wp:term":[{"taxonomy":"product_brand","embeddable":true,"href":"https:\/\/micuna.com\/fr\/wp-json\/wp\/v2\/product_brand?post=25000"},{"taxonomy":"product_cat","embeddable":true,"href":"https:\/\/micuna.com\/fr\/wp-json\/wp\/v2\/product_cat?post=25000"},{"taxonomy":"product_tag","embeddable":true,"href":"https:\/\/micuna.com\/fr\/wp-json\/wp\/v2\/product_tag?post=25000"}],"curies":[{"name":"wp","href":"https:\/\/api.w.org\/{rel}","templated":true}]}}