{"id":25007,"date":"2021-05-11T12:35:59","date_gmt":"2021-05-11T12:35:59","guid":{"rendered":"https:\/\/micuna.com\/non%20class\u00e9\/happy-bathtub\/"},"modified":"2024-04-03T13:05:34","modified_gmt":"2024-04-03T11:05:34","slug":"baignoire-happy","status":"publish","type":"product","link":"https:\/\/micuna.com\/fr\/product\/chambres\/meubles-de-bain\/baignoire-happy\/","title":{"rendered":"Happy Baignoire"},"content":{"rendered":"<p><strong>HAPPY B-1940<\/strong><strong> BAIGNOIRE Taille: 93 x 79 x 49 cm<\/strong><\/p>\n<p><strong>Mat\u00e9riau:<\/strong> plateau en m\u00e9lamine<\/p>\n<p><strong>Couleur:<\/strong> blanc &#8211; pois beiges\/waterwood-blanc &#8211; pois beiges<\/p>\n<p><strong>Caract\u00e9ristiques:<\/strong><br \/>\nComprend:<br \/>\n&#8211; Rev\u00eatement en plastique (\u00e0 pois beiges)<br \/>\n&#8211; Bassine, porte-savon et trou d\u2019\u00e9vacuation<br \/>\n&#8211; Avec roulettes<\/p>\n<p><strong>En option:<\/strong><br \/>\n&#8211; Housse de matelas \u00e0 langer pour baignoire TX-1152 HAPPY<br \/>\n&#8211; Pieds de commode CP-1190<\/p>\n","protected":false},"excerpt":{"rendered":"<p>La collection Happy de Micuna est la plus sauvage de la marque. Son design adorable avec un \u00e9cureuil mignon \u00e9gaie n\u2019importe quelle chambre d\u2019enfant.<\/p>\n<p>\u00c0 l\u2019int\u00e9rieur, la baignoire Happy renferme une confortable bassine avec porte-savon et trou d\u2019\u00e9vacuation. Au niveau de la partie sup\u00e9rieure, elle est dot\u00e9e d\u2019un pratique plan \u00e0 langer en plastique, avec un \u00e9l\u00e9gant rev\u00eatement \u00e0 pois beiges. Avec ses roulettes int\u00e9gr\u00e9es, elle est facile \u00e0 d\u00e9placer.<\/p>\n<p>Gr\u00e2ce \u00e0 l\u2019ajout des pieds fixes propos\u00e9s en option, elle peut \u00eatre transform\u00e9e en une commode pratique. Il suffit de retirer les roulettes, la bassine et le plan \u00e0 langer. En retirant la bassine, un grand tiroir permet de ranger les v\u00eatements du b\u00e9b\u00e9.<\/p>\n<p>Une collection con\u00e7ue et fabriqu\u00e9e en Espagne.<\/p>\n","protected":false},"featured_media":22904,"template":"","meta":[],"product_brand":[],"product_cat":[1810,1846],"product_tag":[1894],"class_list":{"0":"post-25007","1":"product","2":"type-product","3":"status-publish","4":"has-post-thumbnail","6":"product_cat-chambres","7":"product_cat-meubles-de-bain","8":"product_tag-collection-happy","9":"pa_color-madera-blanc","10":"pa_color-madera-waterwood-blanc","12":"first","13":"instock","14":"shipping-taxable","15":"product-type-variable"},"_links":{"self":[{"href":"https:\/\/micuna.com\/fr\/wp-json\/wp\/v2\/product\/25007","targetHints":{"allow":["GET"]}}],"collection":[{"href":"https:\/\/micuna.com\/fr\/wp-json\/wp\/v2\/product"}],"about":[{"href":"https:\/\/micuna.com\/fr\/wp-json\/wp\/v2\/types\/product"}],"wp:featuredmedia":[{"embeddable":true,"href":"https:\/\/micuna.com\/fr\/wp-json\/wp\/v2\/media\/22904"}],"wp:attachment":[{"href":"https:\/\/micuna.com\/fr\/wp-json\/wp\/v2\/media?parent=25007"}],"wp:term":[{"taxonomy":"product_brand","embeddable":true,"href":"https:\/\/micuna.com\/fr\/wp-json\/wp\/v2\/product_brand?post=25007"},{"taxonomy":"product_cat","embeddable":true,"href":"https:\/\/micuna.com\/fr\/wp-json\/wp\/v2\/product_cat?post=25007"},{"taxonomy":"product_tag","embeddable":true,"href":"https:\/\/micuna.com\/fr\/wp-json\/wp\/v2\/product_tag?post=25007"}],"curies":[{"name":"wp","href":"https:\/\/api.w.org\/{rel}","templated":true}]}}