{"id":25026,"date":"2021-05-11T12:36:05","date_gmt":"2021-05-11T12:36:05","guid":{"rendered":"https:\/\/micuna.com\/non%20class\u00e9\/sweet-bear-bathtub\/"},"modified":"2024-05-02T15:53:27","modified_gmt":"2024-05-02T13:53:27","slug":"baignoire-sweet-bear","status":"publish","type":"product","link":"https:\/\/micuna.com\/fr\/product\/chambres\/meubles-de-bain\/baignoire-sweet-bear\/","title":{"rendered":"Sweet Bear Baignoire"},"content":{"rendered":"<p><strong>SWEET BEAR B-970\u00a0BAIGNOIRE\u00a0<\/strong><\/p>\n<p><strong>Dimensions:<\/strong> 93\u00a0x\u00a079\u00a0x\u00a049\u00a0cm<\/p>\n<p><strong>Mat\u00e9riau:<\/strong> MDF laqu\u00e9<\/p>\n<p><strong>Couleur:<\/strong> blanc<\/p>\n<p><strong>Caract\u00e9ristiques:<br \/>\n<\/strong>\u2013 4\u00a0tiroirs. Le premier tiroir ne peut pas \u00eatre ouvert lorsque le meuble est utilis\u00e9 en qualit\u00e9 de baignoire, mais en tant que commode, il se transforme en un tiroir classique aux mesures standard<br \/>\n\u2013\u00a0Comprend 4\u00a0roulettes, dont deux avec frein de s\u00e9curit\u00e9 pour pouvoir l\u2019ancrer n\u2019importe o\u00f9 et faciliter le changement d\u2019emplacement en fonction des besoins<br \/>\n\u2013\u00a0Comprend un plan \u00e0 langer avec un rev\u00eatement en plastique (motifs \u00e0 \u00e9toiles grises)<br \/>\n\u2013\u00a0Comprend une bassine, un porte-savon et un trou d\u2019\u00e9vacuation. Facile \u00e0 d\u00e9monter pour la transformer en commode<\/p>\n<p><strong>Recommandations:<br \/>\n<\/strong>Pour nettoyer la baignoire, nous vous recommandons de l\u2019essuyer avec un chiffon sec pour enlever la poussi\u00e8re ou un chiffon l\u00e9g\u00e8rement humidifi\u00e9 avec de l\u2019eau. L\u2019utilisation de produits abrasifs est d\u00e9conseill\u00e9e.<\/p>\n<p><strong>En option:<br \/>\n<\/strong>\u2013\u00a0Pieds ronds CP-1190<br \/>\n\u2013\u00a0TX-1152 Housse de matelas \u00e0 langer pour baignoire Sweet Bear<\/p>\n","protected":false},"excerpt":{"rendered":"<p>\u00c0 l\u2019int\u00e9rieur, la baignoire Sweet Bear renferme une confortable bassine avec porte-savon et trou d\u2019\u00e9vacuation. Au niveau de la partie sup\u00e9rieure, elle est dot\u00e9e d\u2019un pratique plan \u00e0 langer en plastique, avec un \u00e9l\u00e9gant rev\u00eatement \u00e0 \u00e9toiles grises. Avec ses roulettes int\u00e9gr\u00e9es, elle est facile \u00e0 d\u00e9placer.<\/p>\n<p>Gr\u00e2ce \u00e0 l\u2019ajout des pieds fixes propos\u00e9s en option, elle peut \u00eatre transform\u00e9e en une commode pratique. Il suffit de retirer les roulettes, la bassine et le plan \u00e0 langer.<\/p>\n","protected":false},"featured_media":28747,"template":"","meta":[],"product_brand":[],"product_cat":[1810,1846],"product_tag":[1891],"class_list":{"0":"post-25026","1":"product","2":"type-product","3":"status-publish","4":"has-post-thumbnail","6":"product_cat-chambres","7":"product_cat-meubles-de-bain","8":"product_tag-collection-sweet-bear","9":"pa_color-madera-blanc","11":"first","12":"instock","13":"shipping-taxable","14":"product-type-simple"},"_links":{"self":[{"href":"https:\/\/micuna.com\/fr\/wp-json\/wp\/v2\/product\/25026","targetHints":{"allow":["GET"]}}],"collection":[{"href":"https:\/\/micuna.com\/fr\/wp-json\/wp\/v2\/product"}],"about":[{"href":"https:\/\/micuna.com\/fr\/wp-json\/wp\/v2\/types\/product"}],"wp:featuredmedia":[{"embeddable":true,"href":"https:\/\/micuna.com\/fr\/wp-json\/wp\/v2\/media\/28747"}],"wp:attachment":[{"href":"https:\/\/micuna.com\/fr\/wp-json\/wp\/v2\/media?parent=25026"}],"wp:term":[{"taxonomy":"product_brand","embeddable":true,"href":"https:\/\/micuna.com\/fr\/wp-json\/wp\/v2\/product_brand?post=25026"},{"taxonomy":"product_cat","embeddable":true,"href":"https:\/\/micuna.com\/fr\/wp-json\/wp\/v2\/product_cat?post=25026"},{"taxonomy":"product_tag","embeddable":true,"href":"https:\/\/micuna.com\/fr\/wp-json\/wp\/v2\/product_tag?post=25026"}],"curies":[{"name":"wp","href":"https:\/\/api.w.org\/{rel}","templated":true}]}}