{"id":25039,"date":"2021-05-11T12:37:25","date_gmt":"2021-05-11T12:37:25","guid":{"rendered":"https:\/\/micuna.com\/non%20class\u00e9\/green-life-bathtub-cover\/"},"modified":"2024-04-03T13:49:46","modified_gmt":"2024-04-03T11:49:46","slug":"housse-de-matelas-a-langer-pour-baignoire-green-life","status":"publish","type":"product","link":"https:\/\/micuna.com\/fr\/product\/chambres\/meubles-de-bain\/housse-de-matelas-a-langer-pour-baignoire-green-life\/","title":{"rendered":"Green Life Housse de Matelas \u00e0 Langer pour Baignoire"},"content":{"rendered":"<p><strong>GREEN LIFE TX-1152 HOUSSE DE MATELAS \u00c0 LANGER POUR BAIGNOIRE\u00a0<\/strong><\/p>\n<p><strong>Composition:<\/strong> tissu-\u00e9ponge 100% fibre de bambou\/Percale 100%\u00a0CO<\/p>\n<p><strong>Couleur:<\/strong> unique<\/p>\n<p><strong>Caract\u00e9ristiques:<\/strong><br \/>\n&#8211; Lavable<br \/>\n&#8211; Ne comprend pas le matelas<\/p>\n","protected":false},"excerpt":{"rendered":"<p>Le magnifique tissu Green Life de Micuna vous transportera dans les for\u00eats australiennes avec son motif de koalas et de feuilles. Cette collection est parfaite pour les b\u00e9b\u00e9s aventuriers.<\/p>\n<p>Cette collection est compos\u00e9e d\u2019un ensemble couette et tour de lit, d\u2019une parure de draps et d\u2019une housse de matelas \u00e0 langer pour baignoire, le tout r\u00e9alis\u00e9 avec des mat\u00e9riaux de haute qualit\u00e9, con\u00e7u et fabriqu\u00e9 en Espagne.<\/p>\n<p>Vous pouvez associer cette collection avec le lit b\u00e9b\u00e9 de Micuna de votre choix, disponible pour les mod\u00e8les de 120\u00a0\u00d7\u00a060\u00a0cm.<\/p>\n","protected":false},"featured_media":19136,"template":"","meta":[],"product_brand":[],"product_cat":[1846],"product_tag":[],"class_list":{"0":"post-25039","1":"product","2":"type-product","3":"status-publish","4":"has-post-thumbnail","6":"product_cat-meubles-de-bain","8":"first","9":"instock","10":"shipping-taxable","11":"product-type-simple"},"_links":{"self":[{"href":"https:\/\/micuna.com\/fr\/wp-json\/wp\/v2\/product\/25039","targetHints":{"allow":["GET"]}}],"collection":[{"href":"https:\/\/micuna.com\/fr\/wp-json\/wp\/v2\/product"}],"about":[{"href":"https:\/\/micuna.com\/fr\/wp-json\/wp\/v2\/types\/product"}],"wp:featuredmedia":[{"embeddable":true,"href":"https:\/\/micuna.com\/fr\/wp-json\/wp\/v2\/media\/19136"}],"wp:attachment":[{"href":"https:\/\/micuna.com\/fr\/wp-json\/wp\/v2\/media?parent=25039"}],"wp:term":[{"taxonomy":"product_brand","embeddable":true,"href":"https:\/\/micuna.com\/fr\/wp-json\/wp\/v2\/product_brand?post=25039"},{"taxonomy":"product_cat","embeddable":true,"href":"https:\/\/micuna.com\/fr\/wp-json\/wp\/v2\/product_cat?post=25039"},{"taxonomy":"product_tag","embeddable":true,"href":"https:\/\/micuna.com\/fr\/wp-json\/wp\/v2\/product_tag?post=25039"}],"curies":[{"name":"wp","href":"https:\/\/api.w.org\/{rel}","templated":true}]}}