{"id":25040,"date":"2021-05-11T12:37:21","date_gmt":"2021-05-11T12:37:21","guid":{"rendered":"https:\/\/micuna.com\/non%20class\u00e9\/nature-bathtub-cover\/"},"modified":"2021-08-13T11:22:09","modified_gmt":"2021-08-13T11:22:09","slug":"housse-de-matelas-a-langer-pour-baignoire-nature","status":"publish","type":"product","link":"https:\/\/micuna.com\/fr\/product\/chambres\/meubles-de-bain\/housse-de-matelas-a-langer-pour-baignoire-nature\/","title":{"rendered":"Housse de Matelas \u00e0 Langer pour Baignoire Nature"},"content":{"rendered":"<p><strong>HOUSSE DE MATELAS \u00c0 LANGER POUR BAIGNOIRE TX-1152 NATURE<\/strong><\/p>\n<p><strong>Couleur:<\/strong> gris\/beige<\/p>\n<p><strong>Mat\u00e9riau:<\/strong> 100% fibre de bambou, tissu Chambray 80%CO 20%PES<\/p>\n<p><strong>Caract\u00e9ristiques:<br \/>\n<\/strong>&#8211; Housse ajustable<br \/>\n&#8211; Ne comprend pas le matelas<br \/>\n&#8211; Lavage facile<\/p>\n","protected":false},"excerpt":{"rendered":"<p>La collection de textiles Nature de Micuna comprend \u00e9galement une housse de matelas \u00e0 langer pour baignoire, en tissu-\u00e9ponge en fibre de bambou et en tissu Chambray.<\/p>\n<p>Cette collection est con\u00e7ue et fabriqu\u00e9e en Espagne.<\/p>\n","protected":false},"featured_media":20476,"template":"","meta":[],"product_brand":[],"product_cat":[1846],"product_tag":[],"class_list":{"0":"post-25040","1":"product","2":"type-product","3":"status-publish","4":"has-post-thumbnail","6":"product_cat-meubles-de-bain","7":"pa_color-textil-beige-fr","8":"pa_color-textil-gris-fr","10":"first","11":"instock","12":"shipping-taxable","13":"product-type-variable","14":"has-default-attributes"},"_links":{"self":[{"href":"https:\/\/micuna.com\/fr\/wp-json\/wp\/v2\/product\/25040","targetHints":{"allow":["GET"]}}],"collection":[{"href":"https:\/\/micuna.com\/fr\/wp-json\/wp\/v2\/product"}],"about":[{"href":"https:\/\/micuna.com\/fr\/wp-json\/wp\/v2\/types\/product"}],"wp:featuredmedia":[{"embeddable":true,"href":"https:\/\/micuna.com\/fr\/wp-json\/wp\/v2\/media\/20476"}],"wp:attachment":[{"href":"https:\/\/micuna.com\/fr\/wp-json\/wp\/v2\/media?parent=25040"}],"wp:term":[{"taxonomy":"product_brand","embeddable":true,"href":"https:\/\/micuna.com\/fr\/wp-json\/wp\/v2\/product_brand?post=25040"},{"taxonomy":"product_cat","embeddable":true,"href":"https:\/\/micuna.com\/fr\/wp-json\/wp\/v2\/product_cat?post=25040"},{"taxonomy":"product_tag","embeddable":true,"href":"https:\/\/micuna.com\/fr\/wp-json\/wp\/v2\/product_tag?post=25040"}],"curies":[{"name":"wp","href":"https:\/\/api.w.org\/{rel}","templated":true}]}}