{"id":25048,"date":"2021-05-11T12:35:57","date_gmt":"2021-05-11T12:35:57","guid":{"rendered":"https:\/\/micuna.com\/non%20class\u00e9\/swing-bathtub\/"},"modified":"2024-04-03T12:27:25","modified_gmt":"2024-04-03T10:27:25","slug":"baignoire-swing","status":"publish","type":"product","link":"https:\/\/micuna.com\/fr\/product\/chambres\/meubles-de-bain\/baignoire-swing\/","title":{"rendered":"Swing Baignoire"},"content":{"rendered":"<p><strong>SWING B-1837\u00a0BAIGNOIRE\u00a0<\/strong><\/p>\n<p><strong>Dimensions:<\/strong> largeur 76,3 cm\/hauteur 100,9 cm\/profondeur 49 cm<\/p>\n<p><strong>Certificat de s\u00e9curit\u00e9:<\/strong> europ\u00e9en<\/p>\n<p><strong>Homologation europ\u00e9enne:<\/strong> UNE-EN 12221-1\/2:2009 (+A1:2013)<\/p>\n<p><strong>Mat\u00e9riau:<\/strong> h\u00eatre \u2014 plateau en m\u00e9lamine \u2014 MDF laqu\u00e9<\/p>\n<p><strong>Couleur:<\/strong> Blanc-Waterwood<\/p>\n<p><strong>Caract\u00e9ristiques:<\/strong><br \/>\nComprend:<br \/>\n\u2013 Rev\u00eatement en plastique \u00e0 pois beiges<br \/>\n\u2013 Bassine, porte-savon et trou d\u2019\u00e9vacuation<\/p>\n<p><strong>En option:<br \/>\n<\/strong>&#8211; TX-1152 Housse de matelas \u00e0 langer pour baignoire<\/p>\n<p><strong>Recommandations:<br \/>\n<\/strong>Pour nettoyer le meuble, nous vous recommandons de l\u2019essuyer avec un chiffon sec pour enlever la poussi\u00e8re ou un chiffon l\u00e9g\u00e8rement humidifi\u00e9 avec de l\u2019eau.<br \/>\nL\u2019utilisation de produits abrasifs est d\u00e9conseill\u00e9e.<\/p>\n","protected":false},"excerpt":{"rendered":"<p>La collection de meubles Swing se caract\u00e9rise par son design raffin\u00e9 de style moderne et minimaliste qui associe le blanc \u00e0 des pieds originaux en bois de h\u00eatre de couleur scandinave.<\/p>\n<p>La baignoire Swing est con\u00e7ue sans poign\u00e9es, elle int\u00e8gre des fentes lat\u00e9rales qui facilitent l\u2019ouverture des tiroirs.<\/p>\n<p>\u00c0 l\u2019int\u00e9rieur, elle renferme une bassine confortable et ergonomique avec porte-savon et trou d\u2019\u00e9vacuation. Au niveau de la partie sup\u00e9rieure, elle est dot\u00e9e d\u2019un pratique plan \u00e0 langer en plastique, avec un \u00e9l\u00e9gant rev\u00eatement \u00e0 pois beiges.<\/p>\n<p>Cette collection est disponible en blanc-waterwood.<\/p>\n<p>Elle peut \u00eatre transform\u00e9e en commode. Il suffit de retirer le plan \u00e0 langer et les accessoires de la baignoire, offrant ainsi une double utilisation du meuble.<\/p>\n","protected":false},"featured_media":22937,"template":"","meta":[],"product_brand":[],"product_cat":[2076,1810,1846],"product_tag":[1921],"class_list":{"0":"post-25048","1":"product","2":"type-product","3":"status-publish","4":"has-post-thumbnail","6":"product_cat-collections-fr","7":"product_cat-chambres","8":"product_cat-meubles-de-bain","9":"product_tag-collection-swing","10":"pa_color-madera-waterwood-blanc","11":"pa_color-madera-waterwood-gris-nuit","13":"first","14":"instock","15":"shipping-taxable","16":"product-type-variable","17":"has-default-attributes"},"_links":{"self":[{"href":"https:\/\/micuna.com\/fr\/wp-json\/wp\/v2\/product\/25048","targetHints":{"allow":["GET"]}}],"collection":[{"href":"https:\/\/micuna.com\/fr\/wp-json\/wp\/v2\/product"}],"about":[{"href":"https:\/\/micuna.com\/fr\/wp-json\/wp\/v2\/types\/product"}],"wp:featuredmedia":[{"embeddable":true,"href":"https:\/\/micuna.com\/fr\/wp-json\/wp\/v2\/media\/22937"}],"wp:attachment":[{"href":"https:\/\/micuna.com\/fr\/wp-json\/wp\/v2\/media?parent=25048"}],"wp:term":[{"taxonomy":"product_brand","embeddable":true,"href":"https:\/\/micuna.com\/fr\/wp-json\/wp\/v2\/product_brand?post=25048"},{"taxonomy":"product_cat","embeddable":true,"href":"https:\/\/micuna.com\/fr\/wp-json\/wp\/v2\/product_cat?post=25048"},{"taxonomy":"product_tag","embeddable":true,"href":"https:\/\/micuna.com\/fr\/wp-json\/wp\/v2\/product_tag?post=25048"}],"curies":[{"name":"wp","href":"https:\/\/api.w.org\/{rel}","templated":true}]}}