{"id":25063,"date":"2021-05-11T12:36:05","date_gmt":"2021-05-11T12:36:05","guid":{"rendered":"https:\/\/micuna.com\/non%20class\u00e9\/sabana-bathtub\/"},"modified":"2024-04-03T13:29:13","modified_gmt":"2024-04-03T11:29:13","slug":"baignoire-sabana","status":"publish","type":"product","link":"https:\/\/micuna.com\/fr\/product\/chambres\/meubles-de-bain\/baignoire-sabana\/","title":{"rendered":"Sabana Baignoire"},"content":{"rendered":"<p><strong>SABANA B-970 BAIGNOIRE <\/strong><\/p>\n<p><strong>Dimensions:<\/strong> 93\u00a0x\u00a079\u00a0x\u00a049\u00a0cm<\/p>\n<p><strong>Mat\u00e9riau:<\/strong> plateau en m\u00e9lamine<\/p>\n<p><strong>Certificat de s\u00e9curit\u00e9:<\/strong> europ\u00e9en<\/p>\n<p><strong>Homologation europ\u00e9enne:<\/strong> UNE-EN\u00a012221-1\/2:2009 (+A1:2013)<\/p>\n<p><strong>Couleur:<\/strong> blanc avec rev\u00eatement \u00e0 \u00e9toiles grises<\/p>\n<p><strong>Caract\u00e9ristiques:<br \/>\n<\/strong>\u2013\u00a0Comprend un rev\u00eatement en plastique avec des \u00e9toiles grises ou des ours\/c\u0153urs beiges<br \/>\n\u2013\u00a0Bassine, porte-savon et trou d\u2019\u00e9vacuation<br \/>\n\u2013\u00a04 roulettes, dont deux avec freins<\/p>\n<p><strong>En option:<br \/>\n<\/strong>\u2013\u00a0Pieds CP-1190 pour transformer le meuble de bain en commode<br \/>\n\u2013\u00a0TX-1152 Housse de matelas \u00e0 langer pour baignoire<\/p>\n","protected":false},"excerpt":{"rendered":"<p>La baignoire de la collection Sabana est \u00e9l\u00e9gante et tr\u00e8s pratique. Elle est disponible en quatre couleurs.<\/p>\n<p>\u00c0 l\u2019int\u00e9rieur, elle renferme une bassine avec trou d\u2019\u00e9vacuation et un porte-savon tr\u00e8s pratique, afin que le bain de votre b\u00e9b\u00e9 soit un moment agr\u00e9able pour toute la famille.<\/p>\n<p>Au niveau de la partie sup\u00e9rieure, elle est dot\u00e9e d\u2019un pratique plan \u00e0 langer en plastique avec un \u00e9l\u00e9gant rev\u00eatement \u00e0 \u00e9toiles grises ou \u00e0 ours avec des c\u0153urs de couleur beige.<\/p>\n<p>Avec ses roulettes int\u00e9gr\u00e9es, elle est facile \u00e0 d\u00e9placer. Gr\u00e2ce \u00e0 l\u2019ajout des pieds fixes propos\u00e9s en option, elle peut \u00eatre transform\u00e9e en une commode pratique. Il suffit de retirer les roulettes, la bassine et le plan \u00e0 langer.<\/p>\n","protected":false},"featured_media":22925,"template":"","meta":[],"product_brand":[],"product_cat":[1810,1846],"product_tag":[1890],"class_list":{"0":"post-25063","1":"product","2":"type-product","3":"status-publish","4":"has-post-thumbnail","6":"product_cat-chambres","7":"product_cat-meubles-de-bain","8":"product_tag-collection-sabana","9":"pa_color-madera-blanc","11":"first","12":"instock","13":"shipping-taxable","14":"product-type-simple"},"_links":{"self":[{"href":"https:\/\/micuna.com\/fr\/wp-json\/wp\/v2\/product\/25063","targetHints":{"allow":["GET"]}}],"collection":[{"href":"https:\/\/micuna.com\/fr\/wp-json\/wp\/v2\/product"}],"about":[{"href":"https:\/\/micuna.com\/fr\/wp-json\/wp\/v2\/types\/product"}],"wp:featuredmedia":[{"embeddable":true,"href":"https:\/\/micuna.com\/fr\/wp-json\/wp\/v2\/media\/22925"}],"wp:attachment":[{"href":"https:\/\/micuna.com\/fr\/wp-json\/wp\/v2\/media?parent=25063"}],"wp:term":[{"taxonomy":"product_brand","embeddable":true,"href":"https:\/\/micuna.com\/fr\/wp-json\/wp\/v2\/product_brand?post=25063"},{"taxonomy":"product_cat","embeddable":true,"href":"https:\/\/micuna.com\/fr\/wp-json\/wp\/v2\/product_cat?post=25063"},{"taxonomy":"product_tag","embeddable":true,"href":"https:\/\/micuna.com\/fr\/wp-json\/wp\/v2\/product_tag?post=25063"}],"curies":[{"name":"wp","href":"https:\/\/api.w.org\/{rel}","templated":true}]}}