{"id":25080,"date":"2021-05-11T12:36:36","date_gmt":"2021-05-11T12:36:36","guid":{"rendered":"https:\/\/micuna.com\/non%20class\u00e9\/happy-bathtub-cover\/"},"modified":"2024-04-03T13:03:59","modified_gmt":"2024-04-03T11:03:59","slug":"housse-de-matelas-a-langer-pour-baignoire-happy","status":"publish","type":"product","link":"https:\/\/micuna.com\/fr\/product\/chambres\/meubles-de-bain\/housse-de-matelas-a-langer-pour-baignoire-happy\/","title":{"rendered":"Happy Housse de Matelas \u00e0 Langer Baignoire"},"content":{"rendered":"<p><strong>HAPPY TX-1152 HOUSSE DE MATELAS \u00c0 LANGER POUR BAIGNOIRE\u00a0<\/strong><\/p>\n<p><strong>Composition:<\/strong> tissu-\u00e9ponge 100% fibre de bambou\/Percale 100%\u00a0CO<\/p>\n<p><strong>Couleur:<\/strong> unique<\/p>\n<p><strong>Caract\u00e9ristiques:<\/strong><br \/>\n&#8211; Lavable<br \/>\n&#8211; Ne comprend pas le matelas<\/p>\n","protected":false},"excerpt":{"rendered":"<p>La collection Happy de Micuna est la plus sauvage de la marque. Son design adorable avec un \u00e9cureuil mignon \u00e9gaie n\u2019importe quelle chambre d\u2019enfant.<\/p>\n<p>La collection Happy comporte \u00e9galement une housse de matelas \u00e0 langer pour la baignoire, et est fabriqu\u00e9e en coton et en fibre de bambou naturelle.<\/p>\n","protected":false},"featured_media":22904,"template":"","meta":[],"product_brand":[],"product_cat":[1810,1846],"product_tag":[1894],"class_list":{"0":"post-25080","1":"product","2":"type-product","3":"status-publish","4":"has-post-thumbnail","6":"product_cat-chambres","7":"product_cat-meubles-de-bain","8":"product_tag-collection-happy","10":"first","11":"instock","12":"shipping-taxable","13":"product-type-simple"},"_links":{"self":[{"href":"https:\/\/micuna.com\/fr\/wp-json\/wp\/v2\/product\/25080","targetHints":{"allow":["GET"]}}],"collection":[{"href":"https:\/\/micuna.com\/fr\/wp-json\/wp\/v2\/product"}],"about":[{"href":"https:\/\/micuna.com\/fr\/wp-json\/wp\/v2\/types\/product"}],"wp:featuredmedia":[{"embeddable":true,"href":"https:\/\/micuna.com\/fr\/wp-json\/wp\/v2\/media\/22904"}],"wp:attachment":[{"href":"https:\/\/micuna.com\/fr\/wp-json\/wp\/v2\/media?parent=25080"}],"wp:term":[{"taxonomy":"product_brand","embeddable":true,"href":"https:\/\/micuna.com\/fr\/wp-json\/wp\/v2\/product_brand?post=25080"},{"taxonomy":"product_cat","embeddable":true,"href":"https:\/\/micuna.com\/fr\/wp-json\/wp\/v2\/product_cat?post=25080"},{"taxonomy":"product_tag","embeddable":true,"href":"https:\/\/micuna.com\/fr\/wp-json\/wp\/v2\/product_tag?post=25080"}],"curies":[{"name":"wp","href":"https:\/\/api.w.org\/{rel}","templated":true}]}}