{"id":25082,"date":"2021-05-11T12:36:08","date_gmt":"2021-05-11T12:36:08","guid":{"rendered":"https:\/\/micuna.com\/non%20class\u00e9\/nature-bathtub\/"},"modified":"2024-04-03T12:35:44","modified_gmt":"2024-04-03T10:35:44","slug":"baignoire-nature","status":"publish","type":"product","link":"https:\/\/micuna.com\/fr\/product\/chambres\/meubles-de-bain\/baignoire-nature\/","title":{"rendered":"Nature Baignoire"},"content":{"rendered":"<p><strong>NATURE B-1921\u00a0BAIGNOIRE<\/strong><\/p>\n<p><strong>Dimensions:<\/strong> hauteur 100,9\u00a0cm\/largeur 76,3\u00a0cm\/profondeur 49\u00a0cm<\/p>\n<p><strong>Mat\u00e9riau:<\/strong> MDF laqu\u00e9 \u2014 plateau en m\u00e9lamine<\/p>\n<p><strong>Couleurs:<\/strong> waterwood \u2014 blanc\/waterwood \u2014 gris nuit<\/p>\n<p><strong>Caract\u00e9ristiques:<br \/>\n<\/strong>\u2013 Comprend un rev\u00eatement en plastique disponible en deux couleurs: \u00e9toiles beiges et \u00e9toiles grises<br \/>\n\u2013 Comprend un porte-savon, une bassine et un trou d\u2019\u00e9vacuation<br \/>\n\u2013\u00a0Tiroirs avec syst\u00e8me \u00e0 fermeture en douceur<\/p>\n<p><strong>En option:<br \/>\n<\/strong>Housse de matelas \u00e0 langer pour baignoire TX-1153<\/p>\n","protected":false},"excerpt":{"rendered":"<p>La baignoire Micuna Nature est parfaite pour \u00eatre associ\u00e9e avec bon nombre de nos lits b\u00e9b\u00e9. Son beau design, disponible en deux couleurs diff\u00e9rentes, blanc ou gris et bois, est parfait pour n\u2019importe quelle pi\u00e8ce.<\/p>\n<p>Elle est dot\u00e9e de 4\u00a0grands tiroirs avec syst\u00e8me de fermeture en douceur, d\u2019une bassine, d\u2019un porte-savon et d\u2019un plan \u00e0 langer avec un rev\u00eatement en plastique qui, gr\u00e2ce \u00e0 un simple m\u00e9canisme, peut \u00eatre retir\u00e9 pour transformer la baignoire en une belle et pratique commode.<\/p>\n<p>Une collection con\u00e7ue et produite en Espagne, fabriqu\u00e9e de mani\u00e8re artisanale avec du bois provenant de for\u00eats durables.<\/p>\n<p>Int\u00e9ressant:<br \/>\nCette collection est fabriqu\u00e9e en bois de h\u00eatre avec des peintures \u00e0 l\u2019eau et des vernis non toxiques. Tous nos bois proviennent de for\u00eats g\u00e9r\u00e9es durablement et nous d\u00e9veloppons nos conceptions, notre production et notre distribution selon les principes de l\u2019\u00e9coconception. Nous sommes tr\u00e8s attach\u00e9s \u00e0 la fabrication \u00e9cologique<\/p>\n","protected":false},"featured_media":22919,"template":"","meta":[],"product_brand":[],"product_cat":[1810,1846],"product_tag":[1916],"class_list":{"0":"post-25082","1":"product","2":"type-product","3":"status-publish","4":"has-post-thumbnail","6":"product_cat-chambres","7":"product_cat-meubles-de-bain","8":"product_tag-collection-nature","9":"pa_color-madera-waterwood-blanc","10":"pa_color-madera-waterwood-gris-nuit","12":"first","13":"instock","14":"shipping-taxable","15":"product-type-variable","16":"has-default-attributes"},"_links":{"self":[{"href":"https:\/\/micuna.com\/fr\/wp-json\/wp\/v2\/product\/25082","targetHints":{"allow":["GET"]}}],"collection":[{"href":"https:\/\/micuna.com\/fr\/wp-json\/wp\/v2\/product"}],"about":[{"href":"https:\/\/micuna.com\/fr\/wp-json\/wp\/v2\/types\/product"}],"wp:featuredmedia":[{"embeddable":true,"href":"https:\/\/micuna.com\/fr\/wp-json\/wp\/v2\/media\/22919"}],"wp:attachment":[{"href":"https:\/\/micuna.com\/fr\/wp-json\/wp\/v2\/media?parent=25082"}],"wp:term":[{"taxonomy":"product_brand","embeddable":true,"href":"https:\/\/micuna.com\/fr\/wp-json\/wp\/v2\/product_brand?post=25082"},{"taxonomy":"product_cat","embeddable":true,"href":"https:\/\/micuna.com\/fr\/wp-json\/wp\/v2\/product_cat?post=25082"},{"taxonomy":"product_tag","embeddable":true,"href":"https:\/\/micuna.com\/fr\/wp-json\/wp\/v2\/product_tag?post=25082"}],"curies":[{"name":"wp","href":"https:\/\/api.w.org\/{rel}","templated":true}]}}