{"id":25099,"date":"2021-05-11T12:37:11","date_gmt":"2021-05-11T12:37:11","guid":{"rendered":"https:\/\/micuna.com\/non%20class\u00e9\/bathtub-changing-table\/"},"modified":"2023-03-14T15:45:30","modified_gmt":"2023-03-14T14:45:30","slug":"plan-a-langer-pour-baignoire","status":"publish","type":"product","link":"https:\/\/micuna.com\/fr\/product\/chambres\/meubles-de-bain\/plan-a-langer-pour-baignoire\/","title":{"rendered":"Plan \u00e0 Langer pour Baignoire"},"content":{"rendered":"<p><strong>REV\u00caTEMENT DE PLAN \u00c0 LANGER POUR BAIGNOIRE \u00c9 PL-622<\/strong><\/p>\n<p><strong>Dimensions:<\/strong> 80\u00a0\u00d7\u00a050\u00a0cm<\/p>\n<p><strong>Couleurs: <\/strong>\u00c9toiles grises \/ \u00c9toiles beiges \/ Pois beiges \/ C\u0153urs \/ Rabbits<\/p>\n","protected":false},"excerpt":{"rendered":"<p>Rev\u00eatement en plastique pour le plan \u00e0 langer pour baignoire.<\/p>\n","protected":false},"featured_media":20452,"template":"","meta":[],"product_brand":[],"product_cat":[1810,1846,1848],"product_tag":[],"class_list":{"0":"post-25099","1":"product","2":"type-product","3":"status-publish","4":"has-post-thumbnail","6":"product_cat-chambres","7":"product_cat-meubles-de-bain","8":"product_cat-plans-a-langer","9":"pa_tapizado-beige-fr","10":"pa_tapizado-coeurs","11":"pa_tapizado-etoiles-beige","12":"pa_tapizado-gris-fr","14":"first","15":"instock","16":"shipping-taxable","17":"product-type-variable","18":"has-default-attributes"},"_links":{"self":[{"href":"https:\/\/micuna.com\/fr\/wp-json\/wp\/v2\/product\/25099","targetHints":{"allow":["GET"]}}],"collection":[{"href":"https:\/\/micuna.com\/fr\/wp-json\/wp\/v2\/product"}],"about":[{"href":"https:\/\/micuna.com\/fr\/wp-json\/wp\/v2\/types\/product"}],"wp:featuredmedia":[{"embeddable":true,"href":"https:\/\/micuna.com\/fr\/wp-json\/wp\/v2\/media\/20452"}],"wp:attachment":[{"href":"https:\/\/micuna.com\/fr\/wp-json\/wp\/v2\/media?parent=25099"}],"wp:term":[{"taxonomy":"product_brand","embeddable":true,"href":"https:\/\/micuna.com\/fr\/wp-json\/wp\/v2\/product_brand?post=25099"},{"taxonomy":"product_cat","embeddable":true,"href":"https:\/\/micuna.com\/fr\/wp-json\/wp\/v2\/product_cat?post=25099"},{"taxonomy":"product_tag","embeddable":true,"href":"https:\/\/micuna.com\/fr\/wp-json\/wp\/v2\/product_tag?post=25099"}],"curies":[{"name":"wp","href":"https:\/\/api.w.org\/{rel}","templated":true}]}}