{"id":25110,"date":"2021-05-11T12:37:23","date_gmt":"2021-05-11T12:37:23","guid":{"rendered":"https:\/\/micuna.com\/non%20class\u00e9\/claire-bathtub-cover\/"},"modified":"2024-04-03T13:35:22","modified_gmt":"2024-04-03T11:35:22","slug":"housse-de-matelas-a-langer-pour-baignoire-claire","status":"publish","type":"product","link":"https:\/\/micuna.com\/fr\/product\/chambres\/meubles-de-bain\/housse-de-matelas-a-langer-pour-baignoire-claire\/","title":{"rendered":"Housse de Matelas \u00e0 Langer pour Baignoire Claire"},"content":{"rendered":"<p><strong>CLAIRE TX-1152\u00a0HOUSSE DE MATELAS \u00c0 LANGER POUR BAIGNOIRE\u00a0<\/strong><\/p>\n<p><strong>Couleur:<\/strong> unique<\/p>\n<p><strong>Mat\u00e9riau:<\/strong> 100% fibre de bambou, 100% coton<\/p>\n<p><strong>Caract\u00e9ristiques:<br \/>\n<\/strong>&#8211; Housse ajustable<br \/>\n&#8211; Ne comprend pas le matelas<br \/>\n&#8211; Lavage facile<\/p>\n","protected":false},"excerpt":{"rendered":"<p>Ce textile de la collection Claire est parfait pour la chambre de votre b\u00e9b\u00e9. Associant le noir et le blanc, son design \u00e0 la fois tendance et intemporel conviendra \u00e0 votre d\u00e9coration int\u00e9rieure.<\/p>\n<p>Cette collection propose cette belle et pratique housse pour le matelas \u00e0 langer de la baignoire, en fibre de bambou et coton, ainsi que l\u2019ensemble couette et tour de lit et la parure de draps.<\/p>\n","protected":false},"featured_media":19115,"template":"","meta":[],"product_brand":[],"product_cat":[1846],"product_tag":[],"class_list":{"0":"post-25110","1":"product","2":"type-product","3":"status-publish","4":"has-post-thumbnail","6":"product_cat-meubles-de-bain","8":"first","9":"instock","10":"shipping-taxable","11":"product-type-simple"},"_links":{"self":[{"href":"https:\/\/micuna.com\/fr\/wp-json\/wp\/v2\/product\/25110","targetHints":{"allow":["GET"]}}],"collection":[{"href":"https:\/\/micuna.com\/fr\/wp-json\/wp\/v2\/product"}],"about":[{"href":"https:\/\/micuna.com\/fr\/wp-json\/wp\/v2\/types\/product"}],"wp:featuredmedia":[{"embeddable":true,"href":"https:\/\/micuna.com\/fr\/wp-json\/wp\/v2\/media\/19115"}],"wp:attachment":[{"href":"https:\/\/micuna.com\/fr\/wp-json\/wp\/v2\/media?parent=25110"}],"wp:term":[{"taxonomy":"product_brand","embeddable":true,"href":"https:\/\/micuna.com\/fr\/wp-json\/wp\/v2\/product_brand?post=25110"},{"taxonomy":"product_cat","embeddable":true,"href":"https:\/\/micuna.com\/fr\/wp-json\/wp\/v2\/product_cat?post=25110"},{"taxonomy":"product_tag","embeddable":true,"href":"https:\/\/micuna.com\/fr\/wp-json\/wp\/v2\/product_tag?post=25110"}],"curies":[{"name":"wp","href":"https:\/\/api.w.org\/{rel}","templated":true}]}}