{"id":25111,"date":"2021-05-11T12:37:29","date_gmt":"2021-05-11T12:37:29","guid":{"rendered":"https:\/\/micuna.com\/non%20class\u00e9\/sweet-bear-bathtub-cover\/"},"modified":"2024-04-03T13:17:34","modified_gmt":"2024-04-03T11:17:34","slug":"housse-de-matelas-a-langer-pour-baignoire-sweet-bear","status":"publish","type":"product","link":"https:\/\/micuna.com\/fr\/product\/chambres\/meubles-de-bain\/housse-de-matelas-a-langer-pour-baignoire-sweet-bear\/","title":{"rendered":"Sweet Bear Housse de Matelas \u00e0 Langer Baignoire"},"content":{"rendered":"<p><strong>SWEET BEAR TX-1152\u00a0HOUSSE DE MATELAS \u00c0 LANGER POUR BAIGNOIRE\u00a0<\/strong><\/p>\n<p><strong>Couleur:<\/strong> blanc-gris<\/p>\n<p><strong>Mat\u00e9riau:<\/strong> 100% fibre de bambou, 100% coton<\/p>\n<p><strong>Caract\u00e9ristiques:<br \/>\n<\/strong>\u2013\u00a0Housse ajustable<br \/>\n\u2013\u00a0Ne comprend pas le matelas<\/p>\n","protected":false},"excerpt":{"rendered":"<p>Notre ourson de la collection Sweet Bear est si mignon qu\u2019il apporte douceur et c\u00e2lin \u00e0 tous les accessoires qui la composent. C\u2019est une collection amusante et enfantine, mais aussi \u00e9l\u00e9gante gr\u00e2ce \u00e0 ses tons neutres.<\/p>\n<p>Cet article est compos\u00e9 de la housse de matelas \u00e0 langer pour la baignoire, fabriqu\u00e9e en tissu-\u00e9ponge en fibre de bambou v\u00e9ritable, le mat\u00e9riau le plus d\u00e9licat et le plus appropri\u00e9 pour prendre soin de la peau de votre b\u00e9b\u00e9. Id\u00e9al pour changer les couches ou habiller le b\u00e9b\u00e9 apr\u00e8s le bain&#8230;<\/p>\n","protected":false},"featured_media":23140,"template":"","meta":[],"product_brand":[],"product_cat":[1846],"product_tag":[1891],"class_list":{"0":"post-25111","1":"product","2":"type-product","3":"status-publish","4":"has-post-thumbnail","6":"product_cat-meubles-de-bain","7":"product_tag-collection-sweet-bear","9":"first","10":"instock","11":"shipping-taxable","12":"product-type-simple"},"_links":{"self":[{"href":"https:\/\/micuna.com\/fr\/wp-json\/wp\/v2\/product\/25111","targetHints":{"allow":["GET"]}}],"collection":[{"href":"https:\/\/micuna.com\/fr\/wp-json\/wp\/v2\/product"}],"about":[{"href":"https:\/\/micuna.com\/fr\/wp-json\/wp\/v2\/types\/product"}],"wp:featuredmedia":[{"embeddable":true,"href":"https:\/\/micuna.com\/fr\/wp-json\/wp\/v2\/media\/23140"}],"wp:attachment":[{"href":"https:\/\/micuna.com\/fr\/wp-json\/wp\/v2\/media?parent=25111"}],"wp:term":[{"taxonomy":"product_brand","embeddable":true,"href":"https:\/\/micuna.com\/fr\/wp-json\/wp\/v2\/product_brand?post=25111"},{"taxonomy":"product_cat","embeddable":true,"href":"https:\/\/micuna.com\/fr\/wp-json\/wp\/v2\/product_cat?post=25111"},{"taxonomy":"product_tag","embeddable":true,"href":"https:\/\/micuna.com\/fr\/wp-json\/wp\/v2\/product_tag?post=25111"}],"curies":[{"name":"wp","href":"https:\/\/api.w.org\/{rel}","templated":true}]}}