{"id":25114,"date":"2021-05-11T12:36:10","date_gmt":"2021-05-11T12:36:10","guid":{"rendered":"https:\/\/micuna.com\/non%20class\u00e9\/changing-table\/"},"modified":"2024-05-02T16:15:34","modified_gmt":"2024-05-02T14:15:34","slug":"table-a-langer-2","status":"publish","type":"product","link":"https:\/\/micuna.com\/fr\/product\/chambres\/plans-a-langer\/table-a-langer-2\/","title":{"rendered":"Table \u00e0 Langer Camb-1916"},"content":{"rendered":"<p><strong>TABLE \u00c0 LANGER CAMB-1916<\/strong><\/p>\n<p><strong>Dimensions:<\/strong> largeur 91,1\u00a0cm \u2014 hauteur 83,6\u00a0cm \u2014 profondeur 49\u00a0cm<\/p>\n<p><strong>Mat\u00e9riau:<\/strong> MDF laqu\u00e9 \u2014 Bois de h\u00eatre<\/p>\n<p><strong>Couleur:<\/strong> blanc\/blanc \u2014 waterwood<\/p>\n<p><strong>Caract\u00e9ristiques:<br \/>\n<\/strong>\u2013\u00a0Un tiroir<\/p>\n<p><strong>En option:<br \/>\n<\/strong>\u2013\u00a0CP-1918 Plan \u00e0 langer blanc avec rev\u00eatement gris<br \/>\n\u2013\u00a0CP-1918 Plan \u00e0 langer blanc \u00e0 pois beiges<\/p>\n<p><strong>Recommandations:<br \/>\n<\/strong>Pour nettoyer la table \u00e0 langer, nous vous recommandons de l\u2019essuyer avec un chiffon sec pour enlever la poussi\u00e8re ou un chiffon l\u00e9g\u00e8rement humidifi\u00e9 avec de l\u2019eau.<br \/>\nL\u2019utilisation de produits abrasifs est d\u00e9conseill\u00e9e.<\/p>\n","protected":false},"excerpt":{"rendered":"<p>Gr\u00e2ce \u00e0 son design nordique-scandinave et minimaliste, la table \u00e0 langer 1916 s\u2019adapte parfaitement \u00e0 tout style de d\u00e9coration.<\/p>\n<p>Ce meuble a \u00e9t\u00e9 con\u00e7u pour diff\u00e9rents usages, prolongeant ainsi la dur\u00e9e de vie du produit. Vous pouvez acheter l\u2019accessoire plan \u00e0 langer et, lorsque votre b\u00e9b\u00e9 sera plus grand, il vous suffit de l\u2019enlever pour le transformer en une magnifique commode qui peut s\u2019int\u00e9grer dans n\u2019importe quelle pi\u00e8ce de votre maison.<\/p>\n<p>Tous nos meubles sont con\u00e7us et fabriqu\u00e9s en Espagne.<\/p>\n<p>Int\u00e9ressant:<br \/>\nNotre table \u00e0 langer est fabriqu\u00e9e en bois de h\u00eatre laqu\u00e9 en blanc avec des peintures \u00e0 l\u2019eau et des vernis non toxiques. Tous nos bois proviennent de for\u00eats g\u00e9r\u00e9es durablement et nous d\u00e9veloppons nos conceptions, notre production et notre distribution selon les principes de l\u2019\u00e9coconception. Nous sommes tr\u00e8s attach\u00e9s \u00e0 la fabrication \u00e9cologique.<\/p>\n","protected":false},"featured_media":23044,"template":"","meta":[],"product_brand":[],"product_cat":[2297,1810,1848],"product_tag":[],"class_list":{"0":"post-25114","1":"product","2":"type-product","3":"status-publish","4":"has-post-thumbnail","6":"product_cat-table-a-langer","7":"product_cat-chambres","8":"product_cat-plans-a-langer","9":"pa_color-madera-blanc","10":"pa_color-madera-waterwood-blanc","12":"first","13":"instock","14":"shipping-taxable","15":"product-type-variable","16":"has-default-attributes"},"_links":{"self":[{"href":"https:\/\/micuna.com\/fr\/wp-json\/wp\/v2\/product\/25114","targetHints":{"allow":["GET"]}}],"collection":[{"href":"https:\/\/micuna.com\/fr\/wp-json\/wp\/v2\/product"}],"about":[{"href":"https:\/\/micuna.com\/fr\/wp-json\/wp\/v2\/types\/product"}],"wp:featuredmedia":[{"embeddable":true,"href":"https:\/\/micuna.com\/fr\/wp-json\/wp\/v2\/media\/23044"}],"wp:attachment":[{"href":"https:\/\/micuna.com\/fr\/wp-json\/wp\/v2\/media?parent=25114"}],"wp:term":[{"taxonomy":"product_brand","embeddable":true,"href":"https:\/\/micuna.com\/fr\/wp-json\/wp\/v2\/product_brand?post=25114"},{"taxonomy":"product_cat","embeddable":true,"href":"https:\/\/micuna.com\/fr\/wp-json\/wp\/v2\/product_cat?post=25114"},{"taxonomy":"product_tag","embeddable":true,"href":"https:\/\/micuna.com\/fr\/wp-json\/wp\/v2\/product_tag?post=25114"}],"curies":[{"name":"wp","href":"https:\/\/api.w.org\/{rel}","templated":true}]}}