{"id":25124,"date":"2021-05-11T12:36:16","date_gmt":"2021-05-11T12:36:16","guid":{"rendered":"https:\/\/micuna.com\/non%20class\u00e9\/swing-chest-of-drawers\/"},"modified":"2024-04-03T12:25:20","modified_gmt":"2024-04-03T10:25:20","slug":"commode-swing","status":"publish","type":"product","link":"https:\/\/micuna.com\/fr\/product\/chambres\/commodes\/commode-swing\/","title":{"rendered":"Swing Commode"},"content":{"rendered":"<p><strong>SWING CO-1836 COMMODE\u00a0<\/strong><\/p>\n<p><strong>Dimensions:<\/strong> hauteur 83,1\u00a0cm\/largeur 111,3\u00a0cm\/profondeur 61,5\u00a0cm<\/p>\n<p><strong>Mat\u00e9riau:<\/strong> h\u00eatre \u2014 plateau en m\u00e9lamine \u2014 MDF laqu\u00e9<\/p>\n<p><strong>Certificat de s\u00e9curit\u00e9:<\/strong> europ\u00e9en<\/p>\n<p><strong>Homologation europ\u00e9enne:<\/strong> UNE-EN\u00a012221-1\/2:2009 (+A1:2013)<\/p>\n<p><strong>Couleur:<\/strong> Blanc-Waterwood<\/p>\n<p><strong>Caract\u00e9ristiques:<br \/>\n<\/strong>\u2013 Syst\u00e8me d\u2019ouverture par pression uniquement disponible sur le tiroir int\u00e9rieur<br \/>\n\u2013 Syst\u00e8me de fermeture en douceur sur les tiroirs ext\u00e9rieurs<\/p>\n<p><strong>En option:<br \/>\n<\/strong>\u2013\u00a0CP-1199 Plus 2\u00a0Plan \u00e0 langer pour commode (comprend un rev\u00eatement en plastique)<br \/>\n\u2013\u00a0CP-1434 Plan \u00e0 langer pivotant (comprend un rev\u00eatement en plastique)<br \/>\n\u2013\u00a0CP-1853 S\u00e9parateur int\u00e9rieur pour tiroir<\/p>\n<p><strong>Recommandations:<br \/>\n<\/strong>Pour nettoyer la commode Swing, nous vous recommandons de l\u2019essuyer avec un chiffon sec pour enlever la poussi\u00e8re ou un chiffon l\u00e9g\u00e8rement humidifi\u00e9 avec de l\u2019eau.<br \/>\nL\u2019utilisation de produits abrasifs est d\u00e9conseill\u00e9e.<\/p>\n","protected":false},"excerpt":{"rendered":"<p>La collection de meubles Swing se caract\u00e9rise par son design raffin\u00e9 de style moderne et minimaliste qui associe le blanc \u00e0 des pieds originaux en bois de h\u00eatre de couleur scandinave.<\/p>\n<p>Une collection aux lignes \u00e9pur\u00e9es et \u00e9l\u00e9gantes qui offre une grande robustesse, con\u00e7ue et fabriqu\u00e9e en Espagne.<\/p>\n<p>Visuellement, la commode de la collection Swing pr\u00e9sente deux tiroirs, mais lorsque le tiroir du bas est ouvert, un troisi\u00e8me tiroir appara\u00eet. Seul ce tiroir int\u00e9rieur int\u00e8gre un syst\u00e8me d\u2019ouverture par pression, qui permet d\u2019ouvrir le tiroir avec une l\u00e9g\u00e8re pression, assurant une fermeture plus douce et plus silencieuse.<\/p>\n<p>Cette collection est disponible en blanc-waterwood.<\/p>\n<p>Int\u00e9ressant:<br \/>\nToutes les collections Micuna sont fabriqu\u00e9es en bois de h\u00eatre laqu\u00e9 en blanc avec des peintures \u00e0 l\u2019eau et des vernis non toxiques. Tous nos bois proviennent de for\u00eats g\u00e9r\u00e9es durablement et nous d\u00e9veloppons nos conceptions, notre production et notre distribution selon les principes de l\u2019\u00e9coconception. Nous sommes tr\u00e8s attach\u00e9s \u00e0 la fabrication \u00e9cologique.<\/p>\n","protected":false},"featured_media":22956,"template":"","meta":[],"product_brand":[],"product_cat":[2076,1810,1847],"product_tag":[1921],"class_list":{"0":"post-25124","1":"product","2":"type-product","3":"status-publish","4":"has-post-thumbnail","6":"product_cat-collections-fr","7":"product_cat-chambres","8":"product_cat-commodes","9":"product_tag-collection-swing","10":"pa_color-madera-waterwood-blanc","11":"pa_color-madera-waterwood-gris-nuit","13":"first","14":"instock","15":"shipping-taxable","16":"product-type-variable","17":"has-default-attributes"},"_links":{"self":[{"href":"https:\/\/micuna.com\/fr\/wp-json\/wp\/v2\/product\/25124","targetHints":{"allow":["GET"]}}],"collection":[{"href":"https:\/\/micuna.com\/fr\/wp-json\/wp\/v2\/product"}],"about":[{"href":"https:\/\/micuna.com\/fr\/wp-json\/wp\/v2\/types\/product"}],"wp:featuredmedia":[{"embeddable":true,"href":"https:\/\/micuna.com\/fr\/wp-json\/wp\/v2\/media\/22956"}],"wp:attachment":[{"href":"https:\/\/micuna.com\/fr\/wp-json\/wp\/v2\/media?parent=25124"}],"wp:term":[{"taxonomy":"product_brand","embeddable":true,"href":"https:\/\/micuna.com\/fr\/wp-json\/wp\/v2\/product_brand?post=25124"},{"taxonomy":"product_cat","embeddable":true,"href":"https:\/\/micuna.com\/fr\/wp-json\/wp\/v2\/product_cat?post=25124"},{"taxonomy":"product_tag","embeddable":true,"href":"https:\/\/micuna.com\/fr\/wp-json\/wp\/v2\/product_tag?post=25124"}],"curies":[{"name":"wp","href":"https:\/\/api.w.org\/{rel}","templated":true}]}}