{"id":25130,"date":"2021-05-11T12:36:16","date_gmt":"2021-05-11T12:36:16","guid":{"rendered":"https:\/\/micuna.com\/non%20class\u00e9\/comoda-co-1247\/"},"modified":"2024-04-04T11:04:31","modified_gmt":"2024-04-04T09:04:31","slug":"commode-co-1247","status":"publish","type":"product","link":"https:\/\/micuna.com\/fr\/product\/chambres\/commodes\/commode-co-1247\/","title":{"rendered":"Commode CO-1247"},"content":{"rendered":"<p><strong>COMMODE CO-1247<\/strong><\/p>\n<p><strong>Dimensions:<\/strong> hauteur 80\u00a0cm\/largeur 73\u00a0cm\/profondeur 46\u00a0cm<\/p>\n<p><strong>Mat\u00e9riau:<\/strong> plateau en m\u00e9lamine<\/p>\n<p><strong>Couleur:<\/strong> blanc<\/p>\n<p><strong>Caract\u00e9ristiques:<\/strong><br \/>\nComprend un kit d\u2019ancrage de s\u00e9curit\u00e9 pour la fixation au mur<\/p>\n<p><strong>En option:<\/strong><br \/>\nCP-1199 Plus 2<\/p>\n","protected":false},"excerpt":{"rendered":"<p>Commode Micuna \u00e0 quatre tiroirs. Possibilit\u00e9 de changer les poign\u00e9es.<\/p>\n<p>Con\u00e7ue et fabriqu\u00e9e en Espagne.<\/p>\n","protected":false},"featured_media":18128,"template":"","meta":[],"product_brand":[],"product_cat":[1810,1847],"product_tag":[],"class_list":{"0":"post-25130","1":"product","2":"type-product","3":"status-publish","4":"has-post-thumbnail","6":"product_cat-chambres","7":"product_cat-commodes","8":"pa_color-madera-blanc","10":"first","11":"instock","12":"shipping-taxable","13":"product-type-simple"},"_links":{"self":[{"href":"https:\/\/micuna.com\/fr\/wp-json\/wp\/v2\/product\/25130","targetHints":{"allow":["GET"]}}],"collection":[{"href":"https:\/\/micuna.com\/fr\/wp-json\/wp\/v2\/product"}],"about":[{"href":"https:\/\/micuna.com\/fr\/wp-json\/wp\/v2\/types\/product"}],"wp:featuredmedia":[{"embeddable":true,"href":"https:\/\/micuna.com\/fr\/wp-json\/wp\/v2\/media\/18128"}],"wp:attachment":[{"href":"https:\/\/micuna.com\/fr\/wp-json\/wp\/v2\/media?parent=25130"}],"wp:term":[{"taxonomy":"product_brand","embeddable":true,"href":"https:\/\/micuna.com\/fr\/wp-json\/wp\/v2\/product_brand?post=25130"},{"taxonomy":"product_cat","embeddable":true,"href":"https:\/\/micuna.com\/fr\/wp-json\/wp\/v2\/product_cat?post=25130"},{"taxonomy":"product_tag","embeddable":true,"href":"https:\/\/micuna.com\/fr\/wp-json\/wp\/v2\/product_tag?post=25130"}],"curies":[{"name":"wp","href":"https:\/\/api.w.org\/{rel}","templated":true}]}}