{"id":25131,"date":"2021-05-11T12:36:16","date_gmt":"2021-05-11T12:36:16","guid":{"rendered":"https:\/\/micuna.com\/non%20class\u00e9\/co-1804-chest-of-drawers\/"},"modified":"2024-04-04T11:16:34","modified_gmt":"2024-04-04T09:16:34","slug":"commode-co-1804","status":"publish","type":"product","link":"https:\/\/micuna.com\/fr\/product\/chambres\/commodes\/commode-co-1804\/","title":{"rendered":"Commode CO-1804"},"content":{"rendered":"<p><strong>COMMODE \u00c0 LANGER CO-1804<\/strong><\/p>\n<p><strong>Dimensions:<\/strong> 85\u00a0x\u00a095\u00a0x\u00a051\u00a0cm<\/p>\n<p><strong>Mat\u00e9riau:<\/strong> plateau en m\u00e9lamine \u2014 MDF laqu\u00e9<\/p>\n<p><strong>Couleur:<\/strong> blanc<\/p>\n<p><strong>Caract\u00e9ristiques:<br \/>\n<\/strong>\u2013 3\u00a0tiroirs<br \/>\n\u2013 Poign\u00e9e ronde<\/p>\n<p><strong>En option:<br \/>\n<\/strong>\u2013\u00a0CP-1199 Plus 2<br \/>\n\u2013 Plan \u00e0 langer<br \/>\n\u2013 Vari\u00e9t\u00e9 de poign\u00e9es, consulter le catalogue<br \/>\n\u2013\u00a0Armoire A-1805<\/p>\n","protected":false},"excerpt":{"rendered":"<p>La commode CO-1804 s\u2019associera \u00e0 la perfection avec tous nos lits b\u00e9b\u00e9 et meubles.<\/p>\n<p>Avec un design lisse et des poign\u00e9es rondes, elle offre trois grands tiroirs et est disponible en blanc.<\/p>\n<p>Elle peut \u00eatre personnalis\u00e9e en choisissant d\u2019autres poign\u00e9es.<\/p>\n<p>Con\u00e7ue et fabriqu\u00e9e en Espagne.<\/p>\n","protected":false},"featured_media":22947,"template":"","meta":[],"product_brand":[],"product_cat":[1810,1847],"product_tag":[],"class_list":{"0":"post-25131","1":"product","2":"type-product","3":"status-publish","4":"has-post-thumbnail","6":"product_cat-chambres","7":"product_cat-commodes","8":"pa_color-madera-blanc","10":"first","11":"instock","12":"shipping-taxable","13":"product-type-simple"},"_links":{"self":[{"href":"https:\/\/micuna.com\/fr\/wp-json\/wp\/v2\/product\/25131","targetHints":{"allow":["GET"]}}],"collection":[{"href":"https:\/\/micuna.com\/fr\/wp-json\/wp\/v2\/product"}],"about":[{"href":"https:\/\/micuna.com\/fr\/wp-json\/wp\/v2\/types\/product"}],"wp:featuredmedia":[{"embeddable":true,"href":"https:\/\/micuna.com\/fr\/wp-json\/wp\/v2\/media\/22947"}],"wp:attachment":[{"href":"https:\/\/micuna.com\/fr\/wp-json\/wp\/v2\/media?parent=25131"}],"wp:term":[{"taxonomy":"product_brand","embeddable":true,"href":"https:\/\/micuna.com\/fr\/wp-json\/wp\/v2\/product_brand?post=25131"},{"taxonomy":"product_cat","embeddable":true,"href":"https:\/\/micuna.com\/fr\/wp-json\/wp\/v2\/product_cat?post=25131"},{"taxonomy":"product_tag","embeddable":true,"href":"https:\/\/micuna.com\/fr\/wp-json\/wp\/v2\/product_tag?post=25131"}],"curies":[{"name":"wp","href":"https:\/\/api.w.org\/{rel}","templated":true}]}}