{"id":25146,"date":"2021-05-11T12:36:22","date_gmt":"2021-05-11T12:36:22","guid":{"rendered":"https:\/\/micuna.com\/non%20class\u00e9\/changing-table-chest-of-drawers\/"},"modified":"2021-08-13T12:55:21","modified_gmt":"2021-08-13T12:55:21","slug":"plan-a-langer-pour-commode","status":"publish","type":"product","link":"https:\/\/micuna.com\/fr\/product\/chambres\/plans-a-langer\/plan-a-langer-pour-commode\/","title":{"rendered":"Plan \u00e0 Langer pour Commode"},"content":{"rendered":"<p><strong>PLAN \u00c0 LANGER POUR COMMODE CP-1199 PLUS<\/strong><\/p>\n<p><strong>Mat\u00e9riau:<\/strong> h\u00eatre \u2014 MDF laqu\u00e9<\/p>\n<p><strong>Couleurs du bois:<\/strong> blanc<\/p>\n<p><strong>Couleurs du rev\u00eatement:<br \/>\n<\/strong>\u2013\u00a0\u00c9toiles grises<br \/>\n\u2013\u00a0Pois beiges<\/p>\n<p><strong>Caract\u00e9ristiques:<br \/>\n<\/strong>\u2013 Comprend un rev\u00eatement en plastique<br \/>\n\u2013 Comprend le mat\u00e9riel de fixation<br \/>\n\u2013 Montage facile<br \/>\n\u2013\u00a0Disponible en 2\u00a0motifs<\/p>\n","protected":false},"excerpt":{"rendered":"<p>Dans notre catalogue, vous trouverez un plan \u00e0 langer qui peut \u00eatre utilis\u00e9 sur une commode Micuna. Il est dot\u00e9 d\u2019un plateau en bois qui se fixe facilement \u00e0 la commode. Le rev\u00eatement en plastique est fix\u00e9 au bois.<\/p>\n<p>Pratique, s\u00fbr et confortable, il assure le confort de b\u00e9b\u00e9 lors du changement de couche ou apr\u00e8s le bain.<\/p>\n<p>Tous les meubles de Micuna sont fabriqu\u00e9s en Espagne.<\/p>\n<p>Pour des raisons de s\u00e9curit\u00e9, ne laissez jamais votre b\u00e9b\u00e9 sur le plan \u00e0 langer sans la surveillance d\u2019un adulte.<\/p>\n","protected":false},"featured_media":18182,"template":"","meta":[],"product_brand":[],"product_cat":[1810,1848],"product_tag":[],"class_list":{"0":"post-25146","1":"product","2":"type-product","3":"status-publish","4":"has-post-thumbnail","6":"product_cat-chambres","7":"product_cat-plans-a-langer","8":"pa_tapizado-etoiles-gris","9":"pa_tapizado-pois-beige","11":"first","12":"instock","13":"shipping-taxable","14":"product-type-variable"},"_links":{"self":[{"href":"https:\/\/micuna.com\/fr\/wp-json\/wp\/v2\/product\/25146","targetHints":{"allow":["GET"]}}],"collection":[{"href":"https:\/\/micuna.com\/fr\/wp-json\/wp\/v2\/product"}],"about":[{"href":"https:\/\/micuna.com\/fr\/wp-json\/wp\/v2\/types\/product"}],"wp:featuredmedia":[{"embeddable":true,"href":"https:\/\/micuna.com\/fr\/wp-json\/wp\/v2\/media\/18182"}],"wp:attachment":[{"href":"https:\/\/micuna.com\/fr\/wp-json\/wp\/v2\/media?parent=25146"}],"wp:term":[{"taxonomy":"product_brand","embeddable":true,"href":"https:\/\/micuna.com\/fr\/wp-json\/wp\/v2\/product_brand?post=25146"},{"taxonomy":"product_cat","embeddable":true,"href":"https:\/\/micuna.com\/fr\/wp-json\/wp\/v2\/product_cat?post=25146"},{"taxonomy":"product_tag","embeddable":true,"href":"https:\/\/micuna.com\/fr\/wp-json\/wp\/v2\/product_tag?post=25146"}],"curies":[{"name":"wp","href":"https:\/\/api.w.org\/{rel}","templated":true}]}}