{"id":25151,"date":"2021-05-11T12:36:29","date_gmt":"2021-05-11T12:36:29","guid":{"rendered":"https:\/\/micuna.com\/non%20class\u00e9\/changing-table-accessory\/"},"modified":"2021-08-13T12:58:36","modified_gmt":"2021-08-13T12:58:36","slug":"accesoire-pour-table-a-langer","status":"publish","type":"product","link":"https:\/\/micuna.com\/fr\/product\/chambres\/plans-a-langer\/accesoire-pour-table-a-langer\/","title":{"rendered":"Accesoire pour Table \u00e0 Langer"},"content":{"rendered":"<p><strong>ACCESSOIRE POUR TABLE \u00c0 LANGER CP-1918<\/strong><\/p>\n<p>largeur 55\u00a0cm \u2014 hauteur 11,1\u00a0cm \u2014 profondeur 72,6\u00a0cm<\/p>\n<p><strong>Mat\u00e9riau:<\/strong> MDF laqu\u00e9<\/p>\n<p><strong>Couleur:<\/strong> blanc \u00e0 \u00e9toiles grises\/blanc \u00e0 pois beiges<\/p>\n<p><strong>Recommandations:<br \/>\n<\/strong>Pour nettoyer la table \u00e0 langer, nous vous recommandons de l\u2019essuyer avec un chiffon sec pour enlever la poussi\u00e8re ou un chiffon l\u00e9g\u00e8rement humidifi\u00e9 avec de l\u2019eau.<br \/>\nL\u2019utilisation de produits abrasifs est d\u00e9conseill\u00e9e.<\/p>\n","protected":false},"excerpt":{"rendered":"<p>Gr\u00e2ce \u00e0 son design nordique-scandinave et minimaliste, la table \u00e0 langer 1916 s\u2019adapte parfaitement \u00e0 tout style de d\u00e9coration.<\/p>\n<p>L\u2019accessoire CP-1918 peut \u00eatre fix\u00e9 \u00e0 la table \u00e0 langer CAMB-1916, afin de changer confortablement votre b\u00e9b\u00e9 pendant les premiers mois de sa vie. Et, lorsque vous n\u2019en avez plus besoin, vous pouvez le retirer, transformant la table \u00e0 langer CAMB-1916 en un meuble d\u2019appoint parfait pour n\u2019importe quelle pi\u00e8ce.<\/p>\n","protected":false},"featured_media":23047,"template":"","meta":[],"product_brand":[],"product_cat":[1810,1848],"product_tag":[],"class_list":{"0":"post-25151","1":"product","2":"type-product","3":"status-publish","4":"has-post-thumbnail","6":"product_cat-chambres","7":"product_cat-plans-a-langer","8":"pa_tapizado-etoiles-gris","9":"pa_tapizado-pois-beige","11":"first","12":"instock","13":"shipping-taxable","14":"product-type-variable"},"_links":{"self":[{"href":"https:\/\/micuna.com\/fr\/wp-json\/wp\/v2\/product\/25151","targetHints":{"allow":["GET"]}}],"collection":[{"href":"https:\/\/micuna.com\/fr\/wp-json\/wp\/v2\/product"}],"about":[{"href":"https:\/\/micuna.com\/fr\/wp-json\/wp\/v2\/types\/product"}],"wp:featuredmedia":[{"embeddable":true,"href":"https:\/\/micuna.com\/fr\/wp-json\/wp\/v2\/media\/23047"}],"wp:attachment":[{"href":"https:\/\/micuna.com\/fr\/wp-json\/wp\/v2\/media?parent=25151"}],"wp:term":[{"taxonomy":"product_brand","embeddable":true,"href":"https:\/\/micuna.com\/fr\/wp-json\/wp\/v2\/product_brand?post=25151"},{"taxonomy":"product_cat","embeddable":true,"href":"https:\/\/micuna.com\/fr\/wp-json\/wp\/v2\/product_cat?post=25151"},{"taxonomy":"product_tag","embeddable":true,"href":"https:\/\/micuna.com\/fr\/wp-json\/wp\/v2\/product_tag?post=25151"}],"curies":[{"name":"wp","href":"https:\/\/api.w.org\/{rel}","templated":true}]}}