{"id":25169,"date":"2021-05-11T12:37:18","date_gmt":"2021-05-11T12:37:18","guid":{"rendered":"https:\/\/micuna.com\/non%20class\u00e9\/star-handle\/"},"modified":"2021-08-13T13:04:37","modified_gmt":"2021-08-13T13:04:37","slug":"poignee-etoile","status":"publish","type":"product","link":"https:\/\/micuna.com\/fr\/product\/chambres\/accessoires\/poignee-etoile\/","title":{"rendered":"Poign\u00e9e \u00c9toile"},"content":{"rendered":"<p><strong>POIGN\u00c9E TI-1230 \u00c9TOILE<\/strong><\/p>\n<p><strong>Dimensions:<\/strong> 9\u00a0x\u00a09\u00a0x\u00a03cm<\/p>\n<p><strong>Mat\u00e9riau:<\/strong> bois<\/p>\n<p><strong>Couleur:<\/strong> blanc\/gris<\/p>\n<p><strong>Caract\u00e9ristique:<\/strong><br \/>\nPoign\u00e9e en bois en forme d\u2019\u00e9toile<\/p>\n","protected":false},"excerpt":{"rendered":"<p>Poign\u00e9e en bois en forme d\u2019\u00e9toile. Disponible dans deux couleurs.<\/p>\n","protected":false},"featured_media":22998,"template":"","meta":[],"product_brand":[],"product_cat":[1849],"product_tag":[],"class_list":{"0":"post-25169","1":"product","2":"type-product","3":"status-publish","4":"has-post-thumbnail","6":"product_cat-accessoires","7":"pa_color-madera-blanc","8":"pa_color-madera-gris-fr","10":"first","11":"instock","12":"shipping-taxable","13":"product-type-variable","14":"has-default-attributes"},"_links":{"self":[{"href":"https:\/\/micuna.com\/fr\/wp-json\/wp\/v2\/product\/25169","targetHints":{"allow":["GET"]}}],"collection":[{"href":"https:\/\/micuna.com\/fr\/wp-json\/wp\/v2\/product"}],"about":[{"href":"https:\/\/micuna.com\/fr\/wp-json\/wp\/v2\/types\/product"}],"wp:featuredmedia":[{"embeddable":true,"href":"https:\/\/micuna.com\/fr\/wp-json\/wp\/v2\/media\/22998"}],"wp:attachment":[{"href":"https:\/\/micuna.com\/fr\/wp-json\/wp\/v2\/media?parent=25169"}],"wp:term":[{"taxonomy":"product_brand","embeddable":true,"href":"https:\/\/micuna.com\/fr\/wp-json\/wp\/v2\/product_brand?post=25169"},{"taxonomy":"product_cat","embeddable":true,"href":"https:\/\/micuna.com\/fr\/wp-json\/wp\/v2\/product_cat?post=25169"},{"taxonomy":"product_tag","embeddable":true,"href":"https:\/\/micuna.com\/fr\/wp-json\/wp\/v2\/product_tag?post=25169"}],"curies":[{"name":"wp","href":"https:\/\/api.w.org\/{rel}","templated":true}]}}