{"id":25368,"date":"2021-06-21T09:04:36","date_gmt":"2021-06-21T09:04:36","guid":{"rendered":"https:\/\/micuna.com\/non%20class\u00e9\/banera-b-947\/"},"modified":"2021-08-16T07:45:45","modified_gmt":"2021-08-16T07:45:45","slug":"banera-b-947","status":"publish","type":"product","link":"https:\/\/micuna.com\/fr\/product\/chambres\/meubles-de-bain\/banera-b-947\/","title":{"rendered":"Baignoire B-947"},"content":{"rendered":"<p><strong>BAIGNOIRE-947<\/strong><\/p>\n<p><strong>Dimensions:<\/strong> hauteur 93\u00a0cm\/largeur 79\u00a0cm\/profondeur 49\u00a0cm<\/p>\n<p><strong>Couleur:<\/strong> blanc avec rev\u00eatement \u00e0 \u00e9toiles grises ou \u00e0 pois beiges<\/p>\n<p><strong>Mat\u00e9riau:<\/strong> plateau en m\u00e9lamine<\/p>\n<p><strong>Caract\u00e9ristiques:<\/strong><br \/>\nComprend un rev\u00eatement en plastique, une bassine, un porte-savon et des roulettes<\/p>\n<p><strong>En option:<br \/>\n<\/strong>\u2013 TX-1152 Housse de matelas \u00e0 langer pour baignoire<br \/>\n\u2013 Pieds CP-1190<\/p>\n","protected":false},"excerpt":{"rendered":"<p>La baignoire Micuna B-947 se distingue par ses lignes droites et sa polyvalence.<\/p>\n<p>Elle est disponible en blanc, avec un choix de plan \u00e0 langer en plastique \u00e0 \u00e9toiles grises ou \u00e0 pois beiges. Dans les autres combinaisons, la baignoire est disponible dans les couleurs naturel, miel ou noyer, avec un rev\u00eatement en plastique \u00e0 pois beiges.<\/p>\n<p>\u00c0 l\u2019int\u00e9rieur, elle renferme une confortable bassine avec porte-savon et trou d\u2019\u00e9vacuation. Avec ses roulettes int\u00e9gr\u00e9es, elle est facile \u00e0 d\u00e9placer.<\/p>\n<p>Gr\u00e2ce \u00e0 l\u2019ajout des pieds fixes propos\u00e9s en option, elle peut \u00eatre transform\u00e9e en une commode pratique. Il suffit de retirer les roulettes, la bassine et le plan \u00e0 langer.<\/p>\n<p>Tous les meubles de Micuna sont fabriqu\u00e9s en Espagne.<\/p>\n","protected":false},"featured_media":23068,"template":"","meta":[],"product_brand":[],"product_cat":[1810,1846],"product_tag":[],"class_list":{"0":"post-25368","1":"product","2":"type-product","3":"status-publish","4":"has-post-thumbnail","6":"product_cat-chambres","7":"product_cat-meubles-de-bain","8":"pa_tapizado-etoiles-gris","9":"pa_tapizado-pois-beige","11":"first","12":"instock","13":"shipping-taxable","14":"product-type-variable"},"_links":{"self":[{"href":"https:\/\/micuna.com\/fr\/wp-json\/wp\/v2\/product\/25368","targetHints":{"allow":["GET"]}}],"collection":[{"href":"https:\/\/micuna.com\/fr\/wp-json\/wp\/v2\/product"}],"about":[{"href":"https:\/\/micuna.com\/fr\/wp-json\/wp\/v2\/types\/product"}],"wp:featuredmedia":[{"embeddable":true,"href":"https:\/\/micuna.com\/fr\/wp-json\/wp\/v2\/media\/23068"}],"wp:attachment":[{"href":"https:\/\/micuna.com\/fr\/wp-json\/wp\/v2\/media?parent=25368"}],"wp:term":[{"taxonomy":"product_brand","embeddable":true,"href":"https:\/\/micuna.com\/fr\/wp-json\/wp\/v2\/product_brand?post=25368"},{"taxonomy":"product_cat","embeddable":true,"href":"https:\/\/micuna.com\/fr\/wp-json\/wp\/v2\/product_cat?post=25368"},{"taxonomy":"product_tag","embeddable":true,"href":"https:\/\/micuna.com\/fr\/wp-json\/wp\/v2\/product_tag?post=25368"}],"curies":[{"name":"wp","href":"https:\/\/api.w.org\/{rel}","templated":true}]}}