{"id":26743,"date":"2022-03-14T12:16:32","date_gmt":"2022-03-14T11:16:32","guid":{"rendered":"https:\/\/micuna.com\/non%20class\u00e9\/miniberceau-lulu\/"},"modified":"2026-02-24T15:23:22","modified_gmt":"2026-02-24T14:23:22","slug":"berceau-lulu","status":"publish","type":"product","link":"https:\/\/micuna.com\/fr\/product\/mini-berceaux\/mini-berceaux-cododo\/berceau-lulu\/","title":{"rendered":"Lul\u00fa Berceau"},"content":{"rendered":"<p><strong>LUL\u00da MO-1961 BERCEAU 80&#215;50<\/strong><\/p>\n<p><strong>Mesures ext:<\/strong> Hauteur 59-89 cm \/ Largeur 54 cm \/ Longueur 89 cm<\/p>\n<p><strong>Mesures internes:<\/strong> Longueur 80 cm \/ Largeur 50 cm<\/p>\n<p><strong>Material:<\/strong> H\u00eatre \u2013 MDF laqu\u00e9<\/p>\n<p><strong>Couleur:<\/strong>\u00a0 Anthracite &#8211; Bois<\/p>\n<p><strong>9 hauteurs de cododo:<\/strong> 47,3 \/44,1 \/40,9\/ 37,7 \/34,5 \/31,3 \/28,1\/ 24,9\/ 21,7<\/p>\n<p><strong>Caract\u00e9ristiques:<\/strong><\/p>\n<ul>\n<li>Convertible en: mini-berceau, cododo, casier de jouet, bureau, canap\u00e9, table de jeu, tabouret et si\u00e8ge de jeux.<\/li>\n<li>R\u00e9glable en 9 hauteurs.<\/li>\n<li>C\u00f4t\u00e9 desmontable<\/li>\n<li>4 roues avec frein<\/li>\n<li>Comprend des sangles d&rsquo;ancrage de lit<\/li>\n<li>Comprend un tapis \u00ab\u00a0respirable\u00a0\u00bb<\/li>\n<li>Poids soporte m\u00e1ximo: 14 kgs<\/li>\n<\/ul>\n<p><strong>Recommandations:<\/strong><\/p>\n<p>Pour nettoyer le mini-berceau, nous vous recommandons de passer un chiffon sec pour enlever la poussi\u00e8re ou l\u00e9g\u00e8rement humidifi\u00e9 dans l&rsquo;eau<\/p>\n<p>Nous ne recommandons pas d&rsquo;utiliser des produits abrasifs<\/p>\n<p>&nbsp;<\/p>\n","protected":false},"excerpt":{"rendered":"<p>Le nouveau mini berceau Lul\u00fa est le plus polyvalent et le plus \u00e9volutif du march\u00e9.<\/p>\n<p>Le mini berceau Lulu dispose de 8 fonctionnalit\u00e9s diff\u00e9rentes pour accompagner le d\u00e9veloppement et la croissance du b\u00e9b\u00e9 dans ses diff\u00e9rentes \u00e9tapes:<\/p>\n<ul>\n<li>Mini berceau<\/li>\n<li>Cododo<\/li>\n<li>Si\u00e8ge de jeu : l&rsquo;enfant aura tout son monde \u00e0 sa hauteur<\/li>\n<li>Table de jeu : la premi\u00e8re table pour jouer et dessiner<\/li>\n<li>Tabouret : s&rsquo;asseoir et jouer tout-en-un. La partie inf\u00e9rieure peut \u00eatre utilis\u00e9e comme rangement.<\/li>\n<li>Oficina : le premier compagnon d&rsquo;\u00e9cole<\/li>\n<li>Canap\u00e9 : un espace de lecture privil\u00e9gi\u00e9<\/li>\n<li>Casier de jouets : Il est temps de s&rsquo;organiser !<\/li>\n<\/ul>\n<p>Comprend un petit matelas \u00ab respirable \u00bb, un syst\u00e8me d&rsquo;ancrage au lit et r\u00e9glable en 9 hauteurs.<\/p>\n","protected":false},"featured_media":26581,"template":"","meta":[],"product_brand":[],"product_cat":[1806,1823,1812,1824],"product_tag":[],"class_list":{"0":"post-26743","1":"product","2":"type-product","3":"status-publish","4":"has-post-thumbnail","6":"product_cat-mini-berceaux","7":"product_cat-tous-les-mini-berceaux","8":"product_cat-mini-berceaux-cododo","9":"product_cat-mini-berceaux-evolutifs","11":"first","12":"instock","13":"shipping-taxable","14":"product-type-simple"},"_links":{"self":[{"href":"https:\/\/micuna.com\/fr\/wp-json\/wp\/v2\/product\/26743","targetHints":{"allow":["GET"]}}],"collection":[{"href":"https:\/\/micuna.com\/fr\/wp-json\/wp\/v2\/product"}],"about":[{"href":"https:\/\/micuna.com\/fr\/wp-json\/wp\/v2\/types\/product"}],"wp:featuredmedia":[{"embeddable":true,"href":"https:\/\/micuna.com\/fr\/wp-json\/wp\/v2\/media\/26581"}],"wp:attachment":[{"href":"https:\/\/micuna.com\/fr\/wp-json\/wp\/v2\/media?parent=26743"}],"wp:term":[{"taxonomy":"product_brand","embeddable":true,"href":"https:\/\/micuna.com\/fr\/wp-json\/wp\/v2\/product_brand?post=26743"},{"taxonomy":"product_cat","embeddable":true,"href":"https:\/\/micuna.com\/fr\/wp-json\/wp\/v2\/product_cat?post=26743"},{"taxonomy":"product_tag","embeddable":true,"href":"https:\/\/micuna.com\/fr\/wp-json\/wp\/v2\/product_tag?post=26743"}],"curies":[{"name":"wp","href":"https:\/\/api.w.org\/{rel}","templated":true}]}}