{"id":26744,"date":"2022-03-14T11:11:17","date_gmt":"2022-03-14T10:11:17","guid":{"rendered":"https:\/\/micuna.com\/non%20class\u00e9\/commode-trevi\/"},"modified":"2024-04-03T12:39:04","modified_gmt":"2024-04-03T10:39:04","slug":"commode-trevi","status":"publish","type":"product","link":"https:\/\/micuna.com\/fr\/product\/chambres\/commodes\/commode-trevi\/","title":{"rendered":"Trevi Commode"},"content":{"rendered":"<p><strong>TREVI C0-1959\u00a0COMMODE<\/strong><\/p>\n<p><strong>Mesures:<\/strong> hauteur 90,4 x largeur 95,6 x profondeur 55 cm<\/p>\n<p><strong>Mat\u00e9riel:<\/strong> H\u00eatre-MDF Laqu\u00e9 &#8211; Panneau plaqu\u00e9 H\u00eatre<\/p>\n<p><strong>Couleur:<\/strong> Blanc &#8211; Cire naturelle<\/p>\n<p><strong>Caract\u00e9ristiques:<\/strong><\/p>\n<ul>\n<li>Finition antibact\u00e9rienne et antivirale<\/li>\n<li>Pieds de commode inclus<\/li>\n<li>Syst\u00e8me de tiroirs \u00e0 fermeture souple<\/li>\n<\/ul>\n<p><strong>Optionnel:<\/strong><\/p>\n<p>Table \u00e0 langer commode CP-1199<\/p>\n","protected":false},"excerpt":{"rendered":"<p>La nouvelle collection Trevi, compos\u00e9e de lit b\u00e9b\u00e9, baignoire et commode, pr\u00e9sente un design \u00e9l\u00e9gant et simple gr\u00e2ce \u00e0 son design minimaliste, frais et moderne.<\/p>\n<p>La commode Trevi a une finition antibact\u00e9rienne et antivirale. Elle dispose d\u2019un grand espace pour ranger les v\u00eatements et peut \u00eatre utilis\u00e9 comme table \u00e0 langer gr\u00e2ce \u00e0 l\u2019accessoire optionnel CP-1199.<\/p>\n","protected":false},"featured_media":26544,"template":"","meta":[],"product_brand":[],"product_cat":[2076,1810,1847],"product_tag":[2260],"class_list":{"0":"post-26744","1":"product","2":"type-product","3":"status-publish","4":"has-post-thumbnail","6":"product_cat-collections-fr","7":"product_cat-chambres","8":"product_cat-commodes","9":"product_tag-coleccion-trevi-fr","11":"first","12":"instock","13":"shipping-taxable","14":"product-type-simple"},"_links":{"self":[{"href":"https:\/\/micuna.com\/fr\/wp-json\/wp\/v2\/product\/26744","targetHints":{"allow":["GET"]}}],"collection":[{"href":"https:\/\/micuna.com\/fr\/wp-json\/wp\/v2\/product"}],"about":[{"href":"https:\/\/micuna.com\/fr\/wp-json\/wp\/v2\/types\/product"}],"wp:featuredmedia":[{"embeddable":true,"href":"https:\/\/micuna.com\/fr\/wp-json\/wp\/v2\/media\/26544"}],"wp:attachment":[{"href":"https:\/\/micuna.com\/fr\/wp-json\/wp\/v2\/media?parent=26744"}],"wp:term":[{"taxonomy":"product_brand","embeddable":true,"href":"https:\/\/micuna.com\/fr\/wp-json\/wp\/v2\/product_brand?post=26744"},{"taxonomy":"product_cat","embeddable":true,"href":"https:\/\/micuna.com\/fr\/wp-json\/wp\/v2\/product_cat?post=26744"},{"taxonomy":"product_tag","embeddable":true,"href":"https:\/\/micuna.com\/fr\/wp-json\/wp\/v2\/product_tag?post=26744"}],"curies":[{"name":"wp","href":"https:\/\/api.w.org\/{rel}","templated":true}]}}