{"id":26745,"date":"2022-03-14T10:54:29","date_gmt":"2022-03-14T09:54:29","guid":{"rendered":"https:\/\/micuna.com\/non%20class\u00e9\/berceau-trevi-120x60\/"},"modified":"2024-04-03T12:44:11","modified_gmt":"2024-04-03T10:44:11","slug":"berceau-trevi-120x60","status":"publish","type":"product","link":"https:\/\/micuna.com\/fr\/product\/lit-bebe\/tous-les-berceaux\/berceau-trevi-120x60\/","title":{"rendered":"Trevi Lit B\u00e9b\u00e9"},"content":{"rendered":"<p><strong>TREVI LIT B\u00c9B\u00c9 120\u00d760<\/strong><\/p>\n<p><strong>Mesures Ext.:<\/strong> 120,8 x 65,5 cm<\/p>\n<p><strong>Mesures Int.:<\/strong> 117 x 59,5 cm<\/p>\n<p><strong>Couleur:<\/strong> Blanc \u2013 Cire naturelle<\/p>\n<p><strong>Mat\u00e9riel:<\/strong> H\u00eatre \u2013 MDF laqu\u00e9<\/p>\n<p><strong>Caract\u00e9ristiques: <\/strong>Laqu\u00e9 blanc finition antibact\u00e9rienne et antivirale, et trait\u00e9 \u00e0 la cire naturelle<strong>\/<\/strong>\u00a03 positions de sommier \/ Comprend les pieds \/ Lat\u00e9raux fixes \/ Sommier Relax<\/p>\n<p><strong>En option:<\/strong> plan \u00e0 langer pour lit CP-744 \/ Matelas de lit 117 x 57 cm \/ Oreiller CH-570<\/p>\n","protected":false},"excerpt":{"rendered":"<p>La collection Trevi offre un design minimaliste, frais et tendance. Sa finition cire naturelle rehausse le ton l\u00e9ger et naturel du bois de h\u00eatre.<\/p>\n<p>Le berceau est fabriqu\u00e9 avec du MDF et du h\u00eatre laqu\u00e9 blanc et trait\u00e9 \u00e0 la cire naturelle avec une finition antibact\u00e9rienne et antivirale. Son sommier poss\u00e8de trois positions et ses pieds sont fixes. Ce lit b\u00e9b\u00e9 dispose d\u2019un plan \u00e0 langer adaptable sur le lit en option.<\/p>\n<p>La collection Trevi est compos\u00e9e du lit b\u00e9b\u00e9, de la baignoire et de la commode pour compl\u00e9ter la chambre du b\u00e9b\u00e9.<\/p>\n","protected":false},"featured_media":26515,"template":"","meta":[],"product_brand":[],"product_cat":[2076,1805,1814],"product_tag":[2260],"class_list":{"0":"post-26745","1":"product","2":"type-product","3":"status-publish","4":"has-post-thumbnail","6":"product_cat-collections-fr","7":"product_cat-lit-bebe","8":"product_cat-tous-les-berceaux","9":"product_tag-coleccion-trevi-fr","11":"first","12":"instock","13":"shipping-taxable","14":"product-type-simple"},"_links":{"self":[{"href":"https:\/\/micuna.com\/fr\/wp-json\/wp\/v2\/product\/26745","targetHints":{"allow":["GET"]}}],"collection":[{"href":"https:\/\/micuna.com\/fr\/wp-json\/wp\/v2\/product"}],"about":[{"href":"https:\/\/micuna.com\/fr\/wp-json\/wp\/v2\/types\/product"}],"wp:featuredmedia":[{"embeddable":true,"href":"https:\/\/micuna.com\/fr\/wp-json\/wp\/v2\/media\/26515"}],"wp:attachment":[{"href":"https:\/\/micuna.com\/fr\/wp-json\/wp\/v2\/media?parent=26745"}],"wp:term":[{"taxonomy":"product_brand","embeddable":true,"href":"https:\/\/micuna.com\/fr\/wp-json\/wp\/v2\/product_brand?post=26745"},{"taxonomy":"product_cat","embeddable":true,"href":"https:\/\/micuna.com\/fr\/wp-json\/wp\/v2\/product_cat?post=26745"},{"taxonomy":"product_tag","embeddable":true,"href":"https:\/\/micuna.com\/fr\/wp-json\/wp\/v2\/product_tag?post=26745"}],"curies":[{"name":"wp","href":"https:\/\/api.w.org\/{rel}","templated":true}]}}