{"id":26748,"date":"2022-03-14T12:27:36","date_gmt":"2022-03-14T11:27:36","guid":{"rendered":"https:\/\/micuna.com\/non%20class\u00e9\/commode-baignoire-b-1940\/"},"modified":"2023-03-14T15:30:35","modified_gmt":"2023-03-14T14:30:35","slug":"commode-baignoire-b-1940","status":"publish","type":"product","link":"https:\/\/micuna.com\/fr\/product\/chambres\/meubles-de-bain\/commode-baignoire-b-1940\/","title":{"rendered":"Commode Baignoire B-1940"},"content":{"rendered":"<p><strong>COMMODE BAIGNOIRE B-1940<\/strong><\/p>\n<p><strong>Dimensions :<\/strong> Hauteur 93 x Largeur 79 x Profondeur 49 cm<\/p>\n<p><strong>Mat\u00e9riel:<\/strong> Panneau de m\u00e9lamine<\/p>\n<p><strong>Couleur:<\/strong> Blanc \u2013 Bois\/Blanc\/Bois<\/p>\n<p><strong>Caract\u00e9ristiques: <\/strong>Comprend un rev\u00eatement plastique, une bassine, un porte-savon et une \u00e9vacuation\/Avec roulettes<\/p>\n<p><strong>Optionnel: <\/strong>Housse matelas \u00e0 langer baignoire TX-1152\/Pieds de commode CP-1190\/Pieds de commode CP-1963<\/p>\n","protected":false},"excerpt":{"rendered":"<p>Cette commode baignoire dispose d\u2019un bain, d\u2019un porte-savon et d\u00b4un tube d\u00b4\u00e9vacuation, pour baigner le b\u00e9b\u00e9 de mani\u00e8re confortable. Sur le dessus, il int\u00e8gre une table \u00e0 langer pratique et les roulettes facilitent la mobilit\u00e9 du mobilier.<\/p>\n<p>Gr\u00e2ce aux accessoires\u00a0: pied fixe CP-1963 et CP-1199, vous pouvez le transformer en une commode tr\u00e8s pratique.<\/p>\n","protected":false},"featured_media":26588,"template":"","meta":[],"product_brand":[],"product_cat":[1810,1846],"product_tag":[],"class_list":{"0":"post-26748","1":"product","2":"type-product","3":"status-publish","4":"has-post-thumbnail","6":"product_cat-chambres","7":"product_cat-meubles-de-bain","9":"first","10":"instock","11":"shipping-taxable","12":"product-type-simple"},"_links":{"self":[{"href":"https:\/\/micuna.com\/fr\/wp-json\/wp\/v2\/product\/26748","targetHints":{"allow":["GET"]}}],"collection":[{"href":"https:\/\/micuna.com\/fr\/wp-json\/wp\/v2\/product"}],"about":[{"href":"https:\/\/micuna.com\/fr\/wp-json\/wp\/v2\/types\/product"}],"wp:featuredmedia":[{"embeddable":true,"href":"https:\/\/micuna.com\/fr\/wp-json\/wp\/v2\/media\/26588"}],"wp:attachment":[{"href":"https:\/\/micuna.com\/fr\/wp-json\/wp\/v2\/media?parent=26748"}],"wp:term":[{"taxonomy":"product_brand","embeddable":true,"href":"https:\/\/micuna.com\/fr\/wp-json\/wp\/v2\/product_brand?post=26748"},{"taxonomy":"product_cat","embeddable":true,"href":"https:\/\/micuna.com\/fr\/wp-json\/wp\/v2\/product_cat?post=26748"},{"taxonomy":"product_tag","embeddable":true,"href":"https:\/\/micuna.com\/fr\/wp-json\/wp\/v2\/product_tag?post=26748"}],"curies":[{"name":"wp","href":"https:\/\/api.w.org\/{rel}","templated":true}]}}