{"id":26749,"date":"2022-03-14T11:02:06","date_gmt":"2022-03-14T10:02:06","guid":{"rendered":"https:\/\/micuna.com\/non%20class\u00e9\/commode-baignore-trevi\/"},"modified":"2024-04-03T12:40:59","modified_gmt":"2024-04-03T10:40:59","slug":"commode-baignore-trevi","status":"publish","type":"product","link":"https:\/\/micuna.com\/fr\/product\/chambres\/meubles-de-bain\/commode-baignore-trevi\/","title":{"rendered":"Trevi Baignore"},"content":{"rendered":"<p><strong>TREVI B-1960 COMMODE BAIGNOIRE\u00a0<\/strong><\/p>\n<p><strong>Mesures:<\/strong> hauteur 93 x largeur 79 x profondeur 49 cm<\/p>\n<p><strong>Mat\u00e9riel:<\/strong> Panneau de m\u00e9lamine &#8211; H\u00eatre<\/p>\n<p><strong>Couleur:<\/strong> Blanc &#8211; Cire naturelle<\/p>\n<p><strong>Caract\u00e9ristiques:<\/strong><\/p>\n<ul>\n<li>Finition antibact\u00e9rienne et antivirale<\/li>\n<li>Comprend un rembourrage en plastique avec des \u00e9toiles beiges<\/li>\n<li>Comprend un bain, un porte-savon et un tube d\u2019\u00e9vacuation<\/li>\n<li>Avec roulettes amovibles<\/li>\n<\/ul>\n<p>Syst\u00e8me SOFT CLOSING pour les tiroirs<\/p>\n<p><strong>Optionnel:<\/strong><\/p>\n<ul>\n<li>TX-1152 Housse de baignoire<\/li>\n<li>CP-1190 Pieds commode<\/li>\n<li>CP-1963 Pieds commode<\/li>\n<\/ul>\n","protected":false},"excerpt":{"rendered":"<p>La nouvelle collection Trevi, compos\u00e9e du lit b\u00e9b\u00e9, de la baignoire et de la commode, pr\u00e9sente un design \u00e9l\u00e9gant et simple gr\u00e2ce \u00e0 son design minimaliste, frais et moderne.<\/p>\n<p>La commode baignoire Trevi comprend un bain, un porte-savon, un tube d\u2019\u00e9vacuation et des roulettes. Gr\u00e2ce \u00e0 ses pieds optionnelles, il peut devenir une commode pratique pour la chambre du b\u00e9b\u00e9.<\/p>\n<p>&nbsp;<\/p>\n","protected":false},"featured_media":26537,"template":"","meta":[],"product_brand":[],"product_cat":[2076,1810,1846],"product_tag":[2260],"class_list":{"0":"post-26749","1":"product","2":"type-product","3":"status-publish","4":"has-post-thumbnail","6":"product_cat-collections-fr","7":"product_cat-chambres","8":"product_cat-meubles-de-bain","9":"product_tag-coleccion-trevi-fr","11":"first","12":"instock","13":"shipping-taxable","14":"product-type-simple"},"_links":{"self":[{"href":"https:\/\/micuna.com\/fr\/wp-json\/wp\/v2\/product\/26749","targetHints":{"allow":["GET"]}}],"collection":[{"href":"https:\/\/micuna.com\/fr\/wp-json\/wp\/v2\/product"}],"about":[{"href":"https:\/\/micuna.com\/fr\/wp-json\/wp\/v2\/types\/product"}],"wp:featuredmedia":[{"embeddable":true,"href":"https:\/\/micuna.com\/fr\/wp-json\/wp\/v2\/media\/26537"}],"wp:attachment":[{"href":"https:\/\/micuna.com\/fr\/wp-json\/wp\/v2\/media?parent=26749"}],"wp:term":[{"taxonomy":"product_brand","embeddable":true,"href":"https:\/\/micuna.com\/fr\/wp-json\/wp\/v2\/product_brand?post=26749"},{"taxonomy":"product_cat","embeddable":true,"href":"https:\/\/micuna.com\/fr\/wp-json\/wp\/v2\/product_cat?post=26749"},{"taxonomy":"product_tag","embeddable":true,"href":"https:\/\/micuna.com\/fr\/wp-json\/wp\/v2\/product_tag?post=26749"}],"curies":[{"name":"wp","href":"https:\/\/api.w.org\/{rel}","templated":true}]}}