{"id":26793,"date":"2022-03-14T11:21:14","date_gmt":"2022-03-14T10:21:14","guid":{"rendered":"https:\/\/micuna.com\/non%20class\u00e9\/pieds-de-baignoire-waterwood\/"},"modified":"2024-04-04T11:40:09","modified_gmt":"2024-04-04T09:40:09","slug":"pieds-de-baignoire-waterwood","status":"publish","type":"product","link":"https:\/\/micuna.com\/fr\/product\/chambres\/accessoires\/pieds-de-baignoire-waterwood\/","title":{"rendered":"Pieds de Commode"},"content":{"rendered":"<p>PIEDS DE COMMODE\u00a0BAIGNOIRE CP-1963<\/p>\n<p><strong>Dimensions: <\/strong>9cm x \u00a0\u00d84 cm<\/p>\n<p><strong>M\u00e1teriel<\/strong>: H\u00eatre<\/p>\n<p><strong>Couleur: <\/strong>Waterwood<\/p>\n<p><strong>Caract\u00e9ristiques: <\/strong>antibact\u00e9rien et antimicrobien protection\/ comprend 4 pattes \/ conique et forme incline\u00e9<\/p>\n<p>&nbsp;<\/p>\n<p>&nbsp;<\/p>\n","protected":false},"excerpt":{"rendered":"<p>Avec les pieds de commode en bois de h\u00eatre, vous pouvez transformer votre baignoire en une commode pratique pour la chambre de votre b\u00e9b\u00e9<\/p>\n","protected":false},"featured_media":26549,"template":"","meta":[],"product_brand":[],"product_cat":[1849,1810],"product_tag":[],"class_list":{"0":"post-26793","1":"product","2":"type-product","3":"status-publish","4":"has-post-thumbnail","6":"product_cat-accessoires","7":"product_cat-chambres","9":"first","10":"instock","11":"shipping-taxable","12":"product-type-simple"},"_links":{"self":[{"href":"https:\/\/micuna.com\/fr\/wp-json\/wp\/v2\/product\/26793","targetHints":{"allow":["GET"]}}],"collection":[{"href":"https:\/\/micuna.com\/fr\/wp-json\/wp\/v2\/product"}],"about":[{"href":"https:\/\/micuna.com\/fr\/wp-json\/wp\/v2\/types\/product"}],"wp:featuredmedia":[{"embeddable":true,"href":"https:\/\/micuna.com\/fr\/wp-json\/wp\/v2\/media\/26549"}],"wp:attachment":[{"href":"https:\/\/micuna.com\/fr\/wp-json\/wp\/v2\/media?parent=26793"}],"wp:term":[{"taxonomy":"product_brand","embeddable":true,"href":"https:\/\/micuna.com\/fr\/wp-json\/wp\/v2\/product_brand?post=26793"},{"taxonomy":"product_cat","embeddable":true,"href":"https:\/\/micuna.com\/fr\/wp-json\/wp\/v2\/product_cat?post=26793"},{"taxonomy":"product_tag","embeddable":true,"href":"https:\/\/micuna.com\/fr\/wp-json\/wp\/v2\/product_tag?post=26793"}],"curies":[{"name":"wp","href":"https:\/\/api.w.org\/{rel}","templated":true}]}}