{"id":27622,"date":"2023-03-14T14:10:21","date_gmt":"2023-03-14T13:10:21","guid":{"rendered":"https:\/\/micuna.com\/?post_type=product&#038;p=27622"},"modified":"2024-04-29T08:54:40","modified_gmt":"2024-04-29T06:54:40","slug":"lit-bebe-martha-120x60","status":"publish","type":"product","link":"https:\/\/micuna.com\/fr\/product\/lit-bebe\/tous-les-berceaux\/lit-bebe-martha-120x60\/","title":{"rendered":"Martha Lit B\u00e9b\u00e9"},"content":{"rendered":"<p><strong>MARTHA\u00a0LIT B\u00c9BE 120\u00d760<\/strong><\/p>\n<ul>\n<li><strong>Dimensions 120 x 60<\/strong> (Int\u00e9rieures 117 x 59,5 cm\/Ext\u00e9rieures 120 x 64,1 x 88 cm)<\/li>\n<li><strong>Couleur:<\/strong> Ch\u00eane<\/li>\n<li><strong>Mat\u00e9riel:<\/strong> H\u00eatre \u2013 Panneau de m\u00e9lamine<\/li>\n<li><strong>Caract\u00e9ristiques: <\/strong>C\u00f4t\u00e9s fixes\/Sans roulettes<\/li>\n<li><strong>En option:<\/strong> Table \u00e0 langer berceau CP-744\/Kit Relax CP-1775\/Matelas pour berceau 117 x 57 cm\/Cododo CP-1828 Be2IN Wood\/Oreiller CH-570\/Barri\u00e8re MONT-1863\/Textile disponible<\/li>\n<li><strong>Hauteurs de sommier:<\/strong> 24\/33,6\/44,4 cm<\/li>\n<\/ul>\n","protected":false},"excerpt":{"rendered":"<p><strong>La collection la plus scandinave est arriv\u00e9e chez Micuna<\/strong><\/p>\n<p>Inspir\u00e9e d\u2019un style naturel et fabriqu\u00e9e en bois provenant de for\u00eats g\u00e9r\u00e9es de fa\u00e7on responsable, la collection Martha, compos\u00e9e d\u2019un berceau, d\u2019une armoire, d\u2019une baignoire et d\u2019une commode \u00e0 laquelle vous pouvez ajouter une table \u00e0 langer, sera le centre d\u2019attention de la chambre.<\/p>\n<p>Le lit b\u00e9b\u00e9, de 120 x 60, \u00e9galement disponible dans des dimensions de 140 x 70, qui se transforme en un lit, est con\u00e7u pour accompagner votre b\u00e9b\u00e9 tout au long de sa croissance.<\/p>\n","protected":false},"featured_media":28151,"template":"","meta":[],"product_brand":[],"product_cat":[2074,2076,1805,1814,1804],"product_tag":[2264],"class_list":{"0":"post-27622","1":"product","2":"type-product","3":"status-publish","4":"has-post-thumbnail","6":"product_cat-berceaux-cododo-fr","7":"product_cat-collections-fr","8":"product_cat-lit-bebe","9":"product_cat-tous-les-berceaux","10":"product_cat-cododo","11":"product_tag-coleccion-martha-fr","13":"first","14":"instock","15":"shipping-taxable","16":"product-type-simple"},"_links":{"self":[{"href":"https:\/\/micuna.com\/fr\/wp-json\/wp\/v2\/product\/27622","targetHints":{"allow":["GET"]}}],"collection":[{"href":"https:\/\/micuna.com\/fr\/wp-json\/wp\/v2\/product"}],"about":[{"href":"https:\/\/micuna.com\/fr\/wp-json\/wp\/v2\/types\/product"}],"wp:featuredmedia":[{"embeddable":true,"href":"https:\/\/micuna.com\/fr\/wp-json\/wp\/v2\/media\/28151"}],"wp:attachment":[{"href":"https:\/\/micuna.com\/fr\/wp-json\/wp\/v2\/media?parent=27622"}],"wp:term":[{"taxonomy":"product_brand","embeddable":true,"href":"https:\/\/micuna.com\/fr\/wp-json\/wp\/v2\/product_brand?post=27622"},{"taxonomy":"product_cat","embeddable":true,"href":"https:\/\/micuna.com\/fr\/wp-json\/wp\/v2\/product_cat?post=27622"},{"taxonomy":"product_tag","embeddable":true,"href":"https:\/\/micuna.com\/fr\/wp-json\/wp\/v2\/product_tag?post=27622"}],"curies":[{"name":"wp","href":"https:\/\/api.w.org\/{rel}","templated":true}]}}