{"id":27623,"date":"2023-03-14T14:16:13","date_gmt":"2023-03-14T13:16:13","guid":{"rendered":"https:\/\/micuna.com\/?post_type=product&#038;p=27623"},"modified":"2024-05-07T16:02:52","modified_gmt":"2024-05-07T14:02:52","slug":"lit-bebe-big-martha-140x70","status":"publish","type":"product","link":"https:\/\/micuna.com\/fr\/product\/lit-bebe\/tous-les-berceaux\/lit-bebe-big-martha-140x70\/","title":{"rendered":"Martha Big Lit B\u00e9b\u00e9"},"content":{"rendered":"<p><strong>MARTHA LIT B\u00c9B\u00c9 BIG 140\u00d770<\/strong><\/p>\n<p><strong>Dimensions 140 x 70<\/strong> (Int\u00e9rieures 140 x 70 cm\/Ext\u00e9rieures 143,2 x 64,1 x 90 cm)<\/p>\n<p><strong>Couleur:<\/strong> Ch\u00eane<\/p>\n<p><strong>Mat\u00e9riel:<\/strong> H\u00eatre \u2013 Panneau de m\u00e9lamine<\/p>\n<p><strong>Caract\u00e9ristiques: <\/strong>C\u00f4t\u00e9s fixes\/Sans roulettes<\/p>\n<p><strong>En option:<\/strong> Oreiller CH-570\/Textile assorti disponible\/Matelas pour berceau 136 x 67 cm<\/p>\n<p><strong>Hauteurs de sommier 140 x 70:<\/strong> 24\/46,4 cm<\/p>\n","protected":false},"excerpt":{"rendered":"<p><strong>La collection la plus scandinave est arriv\u00e9e chez Micuna<\/strong><\/p>\n<p>Inspir\u00e9e d\u2019un style naturel et fabriqu\u00e9e en bois provenant de for\u00eats g\u00e9r\u00e9es de fa\u00e7on responsable, la collection Martha, compos\u00e9e d\u2019un berceau, d\u2019une armoire, d\u2019une baignoire et d\u2019une commode \u00e0 laquelle vous pouvez ajouter une table \u00e0 langer, sera le centre d\u2019attention de la chambre.<\/p>\n<p>Le berceau, de 120 x 60, \u00e9galement disponible dans des dimensions de 140 x 70, qui se transforme en un lit, est con\u00e7u pour accompagner votre b\u00e9b\u00e9 tout au long de sa croissance.<\/p>\n","protected":false},"featured_media":27404,"template":"","meta":[],"product_brand":[],"product_cat":[1805,1814,1810],"product_tag":[2264],"class_list":{"0":"post-27623","1":"product","2":"type-product","3":"status-publish","4":"has-post-thumbnail","6":"product_cat-lit-bebe","7":"product_cat-tous-les-berceaux","8":"product_cat-chambres","9":"product_tag-coleccion-martha-fr","11":"first","12":"instock","13":"shipping-taxable","14":"product-type-simple"},"_links":{"self":[{"href":"https:\/\/micuna.com\/fr\/wp-json\/wp\/v2\/product\/27623","targetHints":{"allow":["GET"]}}],"collection":[{"href":"https:\/\/micuna.com\/fr\/wp-json\/wp\/v2\/product"}],"about":[{"href":"https:\/\/micuna.com\/fr\/wp-json\/wp\/v2\/types\/product"}],"wp:featuredmedia":[{"embeddable":true,"href":"https:\/\/micuna.com\/fr\/wp-json\/wp\/v2\/media\/27404"}],"wp:attachment":[{"href":"https:\/\/micuna.com\/fr\/wp-json\/wp\/v2\/media?parent=27623"}],"wp:term":[{"taxonomy":"product_brand","embeddable":true,"href":"https:\/\/micuna.com\/fr\/wp-json\/wp\/v2\/product_brand?post=27623"},{"taxonomy":"product_cat","embeddable":true,"href":"https:\/\/micuna.com\/fr\/wp-json\/wp\/v2\/product_cat?post=27623"},{"taxonomy":"product_tag","embeddable":true,"href":"https:\/\/micuna.com\/fr\/wp-json\/wp\/v2\/product_tag?post=27623"}],"curies":[{"name":"wp","href":"https:\/\/api.w.org\/{rel}","templated":true}]}}