{"id":27624,"date":"2023-03-14T15:00:35","date_gmt":"2023-03-14T14:00:35","guid":{"rendered":"https:\/\/micuna.com\/?post_type=product&#038;p=27624"},"modified":"2024-05-07T16:03:11","modified_gmt":"2024-05-07T14:03:11","slug":"armoire-martha","status":"publish","type":"product","link":"https:\/\/micuna.com\/fr\/product\/chambres\/armoires\/armoire-martha\/","title":{"rendered":"Martha Armoire"},"content":{"rendered":"<p><strong>Martha A-1967 Armoire<\/strong><\/p>\n<p><strong>Dimensions:<\/strong> Hauteur 172,5 x Largeur 95,7 x Prof. 58 cm<\/p>\n<p><strong>Couleur:<\/strong> Ch\u00eane<\/p>\n<p><strong>Mat\u00e9riel:<\/strong> H\u00eatre \u2013 Panneau de m\u00e9lamine<\/p>\n<p><strong>Caract\u00e9ristiques:<\/strong>2 portes\/Portes \u00e0 syst\u00e8me <em>Soft-Closing<\/em>\/Porte-manteaux et 6 \u00e9tag\u00e8res\/4 pieds inclus<\/p>\n","protected":false},"excerpt":{"rendered":"<p><strong>La collection la plus scandinave est arriv\u00e9e chez Micuna<\/strong><\/p>\n<p>Inspir\u00e9e d\u2019un style naturel et fabriqu\u00e9e en bois provenant de for\u00eats g\u00e9r\u00e9es de fa\u00e7on responsable, la collection Martha, compos\u00e9e d\u2019un berceau, d\u2019une armoire, d\u2019une baignoire et d\u2019une commode \u00e0 laquelle vous pouvez ajouter une table \u00e0 langer, sera le centre d\u2019attention de la chambre.<\/p>\n<p>Le berceau, de 120 x 60, \u00e9galement disponible dans des dimensions de 140 x 70, qui se transforme en un lit, est con\u00e7u pour accompagner votre b\u00e9b\u00e9 tout au long de sa croissance.<\/p>\n","protected":false},"featured_media":27420,"template":"","meta":[],"product_brand":[],"product_cat":[2076,1810,1845],"product_tag":[2264],"class_list":{"0":"post-27624","1":"product","2":"type-product","3":"status-publish","4":"has-post-thumbnail","6":"product_cat-collections-fr","7":"product_cat-chambres","8":"product_cat-armoires","9":"product_tag-coleccion-martha-fr","11":"first","12":"instock","13":"shipping-taxable","14":"product-type-simple"},"_links":{"self":[{"href":"https:\/\/micuna.com\/fr\/wp-json\/wp\/v2\/product\/27624","targetHints":{"allow":["GET"]}}],"collection":[{"href":"https:\/\/micuna.com\/fr\/wp-json\/wp\/v2\/product"}],"about":[{"href":"https:\/\/micuna.com\/fr\/wp-json\/wp\/v2\/types\/product"}],"wp:featuredmedia":[{"embeddable":true,"href":"https:\/\/micuna.com\/fr\/wp-json\/wp\/v2\/media\/27420"}],"wp:attachment":[{"href":"https:\/\/micuna.com\/fr\/wp-json\/wp\/v2\/media?parent=27624"}],"wp:term":[{"taxonomy":"product_brand","embeddable":true,"href":"https:\/\/micuna.com\/fr\/wp-json\/wp\/v2\/product_brand?post=27624"},{"taxonomy":"product_cat","embeddable":true,"href":"https:\/\/micuna.com\/fr\/wp-json\/wp\/v2\/product_cat?post=27624"},{"taxonomy":"product_tag","embeddable":true,"href":"https:\/\/micuna.com\/fr\/wp-json\/wp\/v2\/product_tag?post=27624"}],"curies":[{"name":"wp","href":"https:\/\/api.w.org\/{rel}","templated":true}]}}