{"id":27626,"date":"2023-03-14T15:11:10","date_gmt":"2023-03-14T14:11:10","guid":{"rendered":"https:\/\/micuna.com\/?post_type=product&#038;p=27626"},"modified":"2024-04-03T12:15:29","modified_gmt":"2024-04-03T10:15:29","slug":"commode-martha","status":"publish","type":"product","link":"https:\/\/micuna.com\/fr\/product\/collections-fr\/commode-martha\/","title":{"rendered":"Martha Commode"},"content":{"rendered":"<p><strong>Martha Co-1966 Commode\u00a0<\/strong><\/p>\n<p><strong>Dimensions:<\/strong> Hauteur 85 x Largeur 95,7 x Prof. 58 cm<\/p>\n<p><strong>Couleur:<\/strong> Ch\u00eane<\/p>\n<p><strong>Mat\u00e9riel:<\/strong> H\u00eatre \u2013 Panneau de m\u00e9lamine<\/p>\n<p><strong>Caract\u00e9ristiques: <\/strong>3 tiroirs\/Glissi\u00e8res incluses \u00e0 syst\u00e8me Soft-Closing\/4 pieds inclus<\/p>\n<p><strong>En option:<\/strong> Table \u00e0 langer CP-1968 Martha<\/p>\n","protected":false},"excerpt":{"rendered":"<p><strong>La collection la plus scandinave est arriv\u00e9e chez Micuna<\/strong><\/p>\n<p>Inspir\u00e9e d\u2019un style naturel et fabriqu\u00e9e en bois provenant de for\u00eats g\u00e9r\u00e9es de fa\u00e7on responsable, la collection Martha, compos\u00e9e d\u2019un berceau, d\u2019une armoire, d\u2019une baignoire et d\u2019une commode \u00e0 laquelle vous pouvez ajouter une table \u00e0 langer, sera le centre d\u2019attention de la chambre.<\/p>\n<p>Le berceau, de 120 x 60, \u00e9galement disponible dans des dimensions de 140 x 70, qui se transforme en un lit, est con\u00e7u pour accompagner votre b\u00e9b\u00e9 tout au long de sa croissance.<\/p>\n","protected":false},"featured_media":27434,"template":"","meta":[],"product_brand":[],"product_cat":[2076,1810,1847],"product_tag":[2264],"class_list":{"0":"post-27626","1":"product","2":"type-product","3":"status-publish","4":"has-post-thumbnail","6":"product_cat-collections-fr","7":"product_cat-chambres","8":"product_cat-commodes","9":"product_tag-coleccion-martha-fr","11":"first","12":"instock","13":"shipping-taxable","14":"product-type-simple"},"_links":{"self":[{"href":"https:\/\/micuna.com\/fr\/wp-json\/wp\/v2\/product\/27626","targetHints":{"allow":["GET"]}}],"collection":[{"href":"https:\/\/micuna.com\/fr\/wp-json\/wp\/v2\/product"}],"about":[{"href":"https:\/\/micuna.com\/fr\/wp-json\/wp\/v2\/types\/product"}],"wp:featuredmedia":[{"embeddable":true,"href":"https:\/\/micuna.com\/fr\/wp-json\/wp\/v2\/media\/27434"}],"wp:attachment":[{"href":"https:\/\/micuna.com\/fr\/wp-json\/wp\/v2\/media?parent=27626"}],"wp:term":[{"taxonomy":"product_brand","embeddable":true,"href":"https:\/\/micuna.com\/fr\/wp-json\/wp\/v2\/product_brand?post=27626"},{"taxonomy":"product_cat","embeddable":true,"href":"https:\/\/micuna.com\/fr\/wp-json\/wp\/v2\/product_cat?post=27626"},{"taxonomy":"product_tag","embeddable":true,"href":"https:\/\/micuna.com\/fr\/wp-json\/wp\/v2\/product_tag?post=27626"}],"curies":[{"name":"wp","href":"https:\/\/api.w.org\/{rel}","templated":true}]}}