{"id":27628,"date":"2023-03-14T15:16:00","date_gmt":"2023-03-14T14:16:00","guid":{"rendered":"https:\/\/micuna.com\/?post_type=product&#038;p=27628"},"modified":"2024-05-07T16:08:40","modified_gmt":"2024-05-07T14:08:40","slug":"lit-bebe-meri-120x60","status":"publish","type":"product","link":"https:\/\/micuna.com\/fr\/product\/lit-bebe\/tous-les-berceaux\/lit-bebe-meri-120x60\/","title":{"rendered":"Meri Lit B\u00e9b\u00e9"},"content":{"rendered":"<p><strong>MERI LIT B\u00c9B\u00c9 120\u00d760<\/strong><\/p>\n<p><strong>Dimensions ext. :<\/strong> Hauteur 97 x Longueur 125 x Prof. 65,6 cm<\/p>\n<p><strong>Dimensions int. :<\/strong> 117 x 59,5 cm<\/p>\n<p><strong>Mat\u00e9riau :<\/strong> H\u00eatre<\/p>\n<p><strong>Couleur :<\/strong> Chantilly\/Cire naturelle\/Mint\/Bronze<\/p>\n<p><strong>Caract\u00e9ristiques :<\/strong> 5 positions de sommier\/C\u00f4t\u00e9s fixes\/Avec roulettes<\/p>\n<p><strong>En option<\/strong> : Table \u00e0 langer berceau CP-744\/Kit Relax CP-1833\/Matelas pour berceau 117 x 57 cm\/ Kit Cododo CP-1786 Be2IN\/Oreiller CH-570\/Barri\u00e8re MONT-1863\/Textile assorti disponible<\/p>\n<p><strong>Hauteurs de sommier :<\/strong> 21,5\/31,5\/36,5\/41,4\/46,8 cm<\/p>\n","protected":false},"excerpt":{"rendered":"<p><strong>50 ans que l\u2019on grandit ensemble <\/strong><\/p>\n<p>Le berceau restyling en \u00e9dition limit\u00e9e fabriqu\u00e9 en bois de h\u00eatre pour c\u00e9l\u00e9brer le 50e anniversaire de Micuna et de notre Meri. Disponible en quatre couleurs.<\/p>\n","protected":false},"featured_media":28195,"template":"","meta":[],"product_brand":[],"product_cat":[2074,1805,1814,1804],"product_tag":[2287],"class_list":{"0":"post-27628","1":"product","2":"type-product","3":"status-publish","4":"has-post-thumbnail","6":"product_cat-berceaux-cododo-fr","7":"product_cat-lit-bebe","8":"product_cat-tous-les-berceaux","9":"product_cat-cododo","10":"product_tag-coleccion-meri","12":"first","13":"instock","14":"shipping-taxable","15":"product-type-simple"},"_links":{"self":[{"href":"https:\/\/micuna.com\/fr\/wp-json\/wp\/v2\/product\/27628","targetHints":{"allow":["GET"]}}],"collection":[{"href":"https:\/\/micuna.com\/fr\/wp-json\/wp\/v2\/product"}],"about":[{"href":"https:\/\/micuna.com\/fr\/wp-json\/wp\/v2\/types\/product"}],"wp:featuredmedia":[{"embeddable":true,"href":"https:\/\/micuna.com\/fr\/wp-json\/wp\/v2\/media\/28195"}],"wp:attachment":[{"href":"https:\/\/micuna.com\/fr\/wp-json\/wp\/v2\/media?parent=27628"}],"wp:term":[{"taxonomy":"product_brand","embeddable":true,"href":"https:\/\/micuna.com\/fr\/wp-json\/wp\/v2\/product_brand?post=27628"},{"taxonomy":"product_cat","embeddable":true,"href":"https:\/\/micuna.com\/fr\/wp-json\/wp\/v2\/product_cat?post=27628"},{"taxonomy":"product_tag","embeddable":true,"href":"https:\/\/micuna.com\/fr\/wp-json\/wp\/v2\/product_tag?post=27628"}],"curies":[{"name":"wp","href":"https:\/\/api.w.org\/{rel}","templated":true}]}}