{"id":27629,"date":"2023-03-14T15:25:44","date_gmt":"2023-03-14T14:25:44","guid":{"rendered":"https:\/\/micuna.com\/?post_type=product&#038;p=27629"},"modified":"2024-04-24T16:01:45","modified_gmt":"2024-04-24T14:01:45","slug":"lit-bebe-annie-balance-120x60","status":"publish","type":"product","link":"https:\/\/micuna.com\/fr\/product\/lit-bebe\/tous-les-berceaux\/lit-bebe-annie-balance-120x60\/","title":{"rendered":"Annie Balance Lit B\u00e9b\u00e9"},"content":{"rendered":"<p><strong>ANNIE BALANCE LIT B\u00c9B\u00c9 120&#215;60\u00a0<\/strong><\/p>\n<ul>\n<li><strong>Dimensions ext. :<\/strong> Hauteur 88,5 x Longueur 122 x Prof. 64 cm<\/li>\n<li><strong>Dimensions int. :<\/strong> 117 x 59,5 cm<\/li>\n<li><strong>Mat\u00e9riau :<\/strong> H\u00eatre<\/li>\n<li><strong>Couleur :<\/strong> Blanc\/Cire naturelle<\/li>\n<li><strong>Caract\u00e9ristiques :<\/strong> 3 positions de sommier\/C\u00f4t\u00e9s fixes\/Sans roulettes\/Incorpore un syst\u00e8me de bercement blocable<\/li>\n<li><strong>En option :<\/strong> Oreiller CH-570\/Matelas pour berceau 117 x 57 cm<\/li>\n<li><strong>Hauteurs de sommier :<\/strong> 27,5\/38,5\/49,5 cm<\/li>\n<\/ul>\n","protected":false},"excerpt":{"rendered":"<p><strong>Un sommeil calme et doux avec le berceau Annie Balance<\/strong><\/p>\n<p>Le repos de votre b\u00e9b\u00e9 est assur\u00e9 avec notre berceau Annie Balance. Il dispose d\u2019un syst\u00e8me int\u00e9gr\u00e9 de bercement doux, agr\u00e9able et naturel, qui aidera votre b\u00e9b\u00e9 \u00e0 se reposer en toute tranquillit\u00e9.<\/p>\n<p><strong>Lock system \/ <\/strong>Il comprend un syst\u00e8me de bercement blocable.<\/p>\n<p><strong>Vous pr\u00e9f\u00e9rez qu\u2019il soit fixe ? <\/strong>Il vous suffit de retirer la bascule.<\/p>\n","protected":false},"featured_media":28259,"template":"","meta":[],"product_brand":[],"product_cat":[1814,1805],"product_tag":[2296],"class_list":{"0":"post-27629","1":"product","2":"type-product","3":"status-publish","4":"has-post-thumbnail","6":"product_cat-tous-les-berceaux","7":"product_cat-lit-bebe","8":"product_tag-coleccion-annie-balance","10":"first","11":"instock","12":"shipping-taxable","13":"product-type-simple"},"_links":{"self":[{"href":"https:\/\/micuna.com\/fr\/wp-json\/wp\/v2\/product\/27629","targetHints":{"allow":["GET"]}}],"collection":[{"href":"https:\/\/micuna.com\/fr\/wp-json\/wp\/v2\/product"}],"about":[{"href":"https:\/\/micuna.com\/fr\/wp-json\/wp\/v2\/types\/product"}],"wp:featuredmedia":[{"embeddable":true,"href":"https:\/\/micuna.com\/fr\/wp-json\/wp\/v2\/media\/28259"}],"wp:attachment":[{"href":"https:\/\/micuna.com\/fr\/wp-json\/wp\/v2\/media?parent=27629"}],"wp:term":[{"taxonomy":"product_brand","embeddable":true,"href":"https:\/\/micuna.com\/fr\/wp-json\/wp\/v2\/product_brand?post=27629"},{"taxonomy":"product_cat","embeddable":true,"href":"https:\/\/micuna.com\/fr\/wp-json\/wp\/v2\/product_cat?post=27629"},{"taxonomy":"product_tag","embeddable":true,"href":"https:\/\/micuna.com\/fr\/wp-json\/wp\/v2\/product_tag?post=27629"}],"curies":[{"name":"wp","href":"https:\/\/api.w.org\/{rel}","templated":true}]}}