{"id":27634,"date":"2023-03-14T15:36:34","date_gmt":"2023-03-14T14:36:34","guid":{"rendered":"https:\/\/micuna.com\/?post_type=product&#038;p=27634"},"modified":"2024-04-18T12:20:16","modified_gmt":"2024-04-18T10:20:16","slug":"commode","status":"publish","type":"product","link":"https:\/\/micuna.com\/fr\/product\/chambres\/commodes\/commode\/","title":{"rendered":"Commode"},"content":{"rendered":"<p><strong>Commode Co-1972\u00a0<\/strong><\/p>\n<p><strong>Dimensions:<\/strong> Hauteur 90,4 x Largeur 95 x Profondeur 55 cm<\/p>\n<p><strong>Couleur:<\/strong> Blanc \u2013 Bois<\/p>\n<p><strong>Mat\u00e9riel:<\/strong> H\u00eatre \u2013 MDF de m\u00e9lamine<\/p>\n<p><strong>Caract\u00e9ristiques: <\/strong>Tiroirs \u00e0 syst\u00e8me <em>Soft-Closing<\/em>\/Pieds inclus\/Nettoyage \u00e0 sec<\/p>\n<p><strong>En option:<\/strong> Table \u00e0 langer CP-1968 Martha<\/p>\n","protected":false},"excerpt":{"rendered":"<p><strong>Spacieuse et combinable<\/strong><\/p>\n<p>La nouvelle commode CO-1972 se distingue par son nouveau design \u00e0 trois tiroirs, en blanc\/bois, offrant un espace de rangement suffisant pour tous les accessoires de votre b\u00e9b\u00e9. Parfait pour tous les styles de d\u00e9coration pour enfants. Compl\u00e9tez la commode avec la table \u00e0 langer CP-1969.<\/p>\n","protected":false},"featured_media":27488,"template":"","meta":[],"product_brand":[],"product_cat":[2076,1810,1847],"product_tag":[],"class_list":{"0":"post-27634","1":"product","2":"type-product","3":"status-publish","4":"has-post-thumbnail","6":"product_cat-collections-fr","7":"product_cat-chambres","8":"product_cat-commodes","10":"first","11":"instock","12":"shipping-taxable","13":"product-type-simple"},"_links":{"self":[{"href":"https:\/\/micuna.com\/fr\/wp-json\/wp\/v2\/product\/27634","targetHints":{"allow":["GET"]}}],"collection":[{"href":"https:\/\/micuna.com\/fr\/wp-json\/wp\/v2\/product"}],"about":[{"href":"https:\/\/micuna.com\/fr\/wp-json\/wp\/v2\/types\/product"}],"wp:featuredmedia":[{"embeddable":true,"href":"https:\/\/micuna.com\/fr\/wp-json\/wp\/v2\/media\/27488"}],"wp:attachment":[{"href":"https:\/\/micuna.com\/fr\/wp-json\/wp\/v2\/media?parent=27634"}],"wp:term":[{"taxonomy":"product_brand","embeddable":true,"href":"https:\/\/micuna.com\/fr\/wp-json\/wp\/v2\/product_brand?post=27634"},{"taxonomy":"product_cat","embeddable":true,"href":"https:\/\/micuna.com\/fr\/wp-json\/wp\/v2\/product_cat?post=27634"},{"taxonomy":"product_tag","embeddable":true,"href":"https:\/\/micuna.com\/fr\/wp-json\/wp\/v2\/product_tag?post=27634"}],"curies":[{"name":"wp","href":"https:\/\/api.w.org\/{rel}","templated":true}]}}