{"id":27635,"date":"2023-03-14T15:40:16","date_gmt":"2023-03-14T14:40:16","guid":{"rendered":"https:\/\/micuna.com\/?post_type=product&#038;p=27635"},"modified":"2024-05-02T15:58:52","modified_gmt":"2024-05-02T13:58:52","slug":"table-a-langer-3","status":"publish","type":"product","link":"https:\/\/micuna.com\/fr\/product\/chambres\/table-a-langer\/table-a-langer-3\/","title":{"rendered":"Table \u00e0 Langer"},"content":{"rendered":"<p><strong>Table \u00e0 langer CP-1969\u00a0<\/strong><\/p>\n<p><strong>Dimensions :<\/strong> Hauteur 11 x Largeur 55 x Prof. 75 cm<\/p>\n<p><strong>Mat\u00e9riau :<\/strong> MDF laqu\u00e9<\/p>\n<p><strong>Couleur :<\/strong> Blanc\/Cire naturelle<\/p>\n<p><strong>Caract\u00e9ristiques :<\/strong> Comprend un rev\u00eatement plastique avec des poids beiges\/\u00e9toiles grises\/ Rabbits<\/p>\n<p><strong>Compatible<\/strong> : Tous les mod\u00e8les de commodes sauf Swing et Camb-1916<\/p>\n","protected":false},"excerpt":{"rendered":"<p>La nouvelle table \u00e0 langer Micuna est pratique, s\u00fbre et confortable pour que le b\u00e9b\u00e9 se sente \u00e0 l\u2019aise lors du changement de couche ou apr\u00e8s le bain. Il int\u00e8gre une planche de bois qui est fix\u00e9e \u00e0 la commode d\u2019une mani\u00e8re tr\u00e8s simple.<\/p>\n<p>Vous pouvez le trouver en couleur bois avec une sellerie \u00e0 pois Lapins ou Beige, ou en blanc avec une sellerie Lapins, \u00c9toiles grises ou Pois beige. Choisissez la combinaison que vous pr\u00e9f\u00e9rez!<\/p>\n<p>Rappelez-vous que pour des raisons de s\u00e9curit\u00e9, vous ne devriez jamais laisser le b\u00e9b\u00e9 sur la table \u00e0 langer sans la surveillance d\u2019un adulte.<\/p>\n<p>&nbsp;<\/p>\n","protected":false},"featured_media":27497,"template":"","meta":[],"product_brand":[],"product_cat":[2076,2297,1810],"product_tag":[],"class_list":{"0":"post-27635","1":"product","2":"type-product","3":"status-publish","4":"has-post-thumbnail","6":"product_cat-collections-fr","7":"product_cat-table-a-langer","8":"product_cat-chambres","10":"first","11":"instock","12":"shipping-taxable","13":"product-type-simple"},"_links":{"self":[{"href":"https:\/\/micuna.com\/fr\/wp-json\/wp\/v2\/product\/27635","targetHints":{"allow":["GET"]}}],"collection":[{"href":"https:\/\/micuna.com\/fr\/wp-json\/wp\/v2\/product"}],"about":[{"href":"https:\/\/micuna.com\/fr\/wp-json\/wp\/v2\/types\/product"}],"wp:featuredmedia":[{"embeddable":true,"href":"https:\/\/micuna.com\/fr\/wp-json\/wp\/v2\/media\/27497"}],"wp:attachment":[{"href":"https:\/\/micuna.com\/fr\/wp-json\/wp\/v2\/media?parent=27635"}],"wp:term":[{"taxonomy":"product_brand","embeddable":true,"href":"https:\/\/micuna.com\/fr\/wp-json\/wp\/v2\/product_brand?post=27635"},{"taxonomy":"product_cat","embeddable":true,"href":"https:\/\/micuna.com\/fr\/wp-json\/wp\/v2\/product_cat?post=27635"},{"taxonomy":"product_tag","embeddable":true,"href":"https:\/\/micuna.com\/fr\/wp-json\/wp\/v2\/product_tag?post=27635"}],"curies":[{"name":"wp","href":"https:\/\/api.w.org\/{rel}","templated":true}]}}