{"id":27637,"date":"2023-03-14T15:48:39","date_gmt":"2023-03-14T14:48:39","guid":{"rendered":"https:\/\/micuna.com\/?post_type=product&#038;p=27637"},"modified":"2024-04-03T08:49:50","modified_gmt":"2024-04-03T06:49:50","slug":"berceau-you-me-plus","status":"publish","type":"product","link":"https:\/\/micuna.com\/fr\/product\/mini-berceaux\/mini-berceaux-cododo\/berceau-you-me-plus\/","title":{"rendered":"You &#038; Me Plus Berceau"},"content":{"rendered":"<p><strong>YOU &amp; ME PLUS MO-1973 BERCEAU 80&#215;50<\/strong><\/p>\n<p><strong>Dimensions ext.<\/strong> : Hauteur 69,5-92 x Longueur 87,4 x Prof. 59,3 cm<\/p>\n<p><strong>Mat\u00e9riau :<\/strong> H\u00eatre \u2013 MDF laqu\u00e9<\/p>\n<p><strong>Couleur :<\/strong> Blanc \/ Blanc \u2013 Cire naturelle \/ Cire naturelle<\/p>\n<p><strong>Caract\u00e9ristiques :<\/strong> Convertible en mini-berceau, cododo, bo\u00eete \u00e0 jouets, bureau et canap\u00e9\/R\u00e9glable sur 7 hauteurs\/ C\u00f4t\u00e9 amovible\/4 roulettes avec frein\/ Sangles de fixation au lit incluses\/Matelas inclus<\/p>\n","protected":false},"excerpt":{"rendered":"<p>Tout le confort et la s\u00e9curit\u00e9 d\u2019un berceau en format mini ! Le mini-lit You &amp; Me est s\u00fbr, confortable et polyvalent.<\/p>\n<p>Ce mini-berceau convertible en 5 positions diff\u00e9rentes vous permettra de prolonger sa dur\u00e9e de vie utile en le transformant en co-dormeur, fabricant de jouets, bureau ou canap\u00e9.<\/p>\n<p>Il peut \u00eatre ajust\u00e9 en 7 hauteurs pour adapter facilement le mini-berceau au lit des parents et se sentir proche du b\u00e9b\u00e9 tout au long de la nuit, facilitant le bien-\u00eatre et le repos de toute la famille. Les dimensions de la taille du mini-lit sont 34&rsquo;8 cm, 38 cm, 41&rsquo;2 cm, 44&rsquo;4 cm, 47&rsquo;6 cm, 50&rsquo;8 cm et 54 cm.<\/p>\n<p>Ce produit comprend un tapis de courtoisie et des sangles pour ajuster le mini-lit au lit, mesurant de 90 cm \u00e0 2 m.<\/p>\n<p>Disponible en 3 combinaisons de couleurs, vous pouvez donc choisir celle qui convient le mieux \u00e0 l\u2019environnement de la chambre du b\u00e9b\u00e9 et maintenant en cire naturelle.<\/p>\n","protected":false},"featured_media":28183,"template":"","meta":[],"product_brand":[],"product_cat":[1806,1823,1812,1824,1804],"product_tag":[],"class_list":{"0":"post-27637","1":"product","2":"type-product","3":"status-publish","4":"has-post-thumbnail","6":"product_cat-mini-berceaux","7":"product_cat-tous-les-mini-berceaux","8":"product_cat-mini-berceaux-cododo","9":"product_cat-mini-berceaux-evolutifs","10":"product_cat-cododo","11":"pa_color-madera-blanc","12":"pa_color-madera-blanc-gris","13":"pa_color-madera-waterwood-blanc","15":"first","16":"instock","17":"shipping-taxable","18":"product-type-variable"},"_links":{"self":[{"href":"https:\/\/micuna.com\/fr\/wp-json\/wp\/v2\/product\/27637","targetHints":{"allow":["GET"]}}],"collection":[{"href":"https:\/\/micuna.com\/fr\/wp-json\/wp\/v2\/product"}],"about":[{"href":"https:\/\/micuna.com\/fr\/wp-json\/wp\/v2\/types\/product"}],"wp:featuredmedia":[{"embeddable":true,"href":"https:\/\/micuna.com\/fr\/wp-json\/wp\/v2\/media\/28183"}],"wp:attachment":[{"href":"https:\/\/micuna.com\/fr\/wp-json\/wp\/v2\/media?parent=27637"}],"wp:term":[{"taxonomy":"product_brand","embeddable":true,"href":"https:\/\/micuna.com\/fr\/wp-json\/wp\/v2\/product_brand?post=27637"},{"taxonomy":"product_cat","embeddable":true,"href":"https:\/\/micuna.com\/fr\/wp-json\/wp\/v2\/product_cat?post=27637"},{"taxonomy":"product_tag","embeddable":true,"href":"https:\/\/micuna.com\/fr\/wp-json\/wp\/v2\/product_tag?post=27637"}],"curies":[{"name":"wp","href":"https:\/\/api.w.org\/{rel}","templated":true}]}}