{"id":27642,"date":"2023-03-14T16:08:05","date_gmt":"2023-03-14T15:08:05","guid":{"rendered":"https:\/\/micuna.com\/?post_type=product&#038;p=27642"},"modified":"2024-04-03T10:53:13","modified_gmt":"2024-04-03T08:53:13","slug":"kit-protecteur-couette-mini-berceau-tx-934-rabbits","status":"publish","type":"product","link":"https:\/\/micuna.com\/fr\/product\/mini-berceaux\/textile-mini-berceaux\/kit-protecteur-couette-mini-berceau-tx-934-rabbits\/","title":{"rendered":"Rabbits Kit Protecteur + Couette 80&#215;50"},"content":{"rendered":"<p><strong>RABBITS TX-934 <\/strong><strong>KIT PROTECTEUR + COUETTE 80&#215;50<\/strong><\/p>\n<p><strong>Composition :<\/strong> Percale et mousseline 100 % CO<br \/>\n<strong>Couleur :<\/strong> Unique<br \/>\n<strong>Caract\u00e9ristiques :<\/strong> Couette, protecteur long et protecteur court bas. Les trois \u00e9l\u00e9ments comprennent un rembourrage<\/p>\n<p><strong>Compatible avec l\u2019ensemble de draps TX-933 NATURE<\/strong><\/p>\n","protected":false},"excerpt":{"rendered":"<p>Le nouveau textile Rabbits combin\u00e9 avec de la mousseline, est parfait pour les berceaux de 80\u00d750. \u00c9galement disponible dans des tailles plus grandes pour les lits de 120\u00d760, les lits de lit de 140\u00d770 et inclus dans les mo\u00efses b\u00e9b\u00e9. Le pack comprend :<\/p>\n<ul>\n<li>Couette et protecteur r\u00e9versibles et amovibles<\/li>\n<li>Garniture incluse dans la couette et le protecteur<\/li>\n<li>Tissu de mousseline de coton<\/li>\n<\/ul>\n<p>Combinable avec l\u2019ensemble de literie Nature Beige et Mousse. Compatible pour nos minicotyl\u00e9dones MO-1961 Lul\u00fa et MO-1973 You &amp; me Plus.<\/p>\n","protected":false},"featured_media":27559,"template":"","meta":[],"product_brand":[],"product_cat":[1826,1806],"product_tag":[],"class_list":{"0":"post-27642","1":"product","2":"type-product","3":"status-publish","4":"has-post-thumbnail","6":"product_cat-textile-mini-berceaux","7":"product_cat-mini-berceaux","9":"first","10":"instock","11":"shipping-taxable","12":"product-type-simple"},"_links":{"self":[{"href":"https:\/\/micuna.com\/fr\/wp-json\/wp\/v2\/product\/27642","targetHints":{"allow":["GET"]}}],"collection":[{"href":"https:\/\/micuna.com\/fr\/wp-json\/wp\/v2\/product"}],"about":[{"href":"https:\/\/micuna.com\/fr\/wp-json\/wp\/v2\/types\/product"}],"wp:featuredmedia":[{"embeddable":true,"href":"https:\/\/micuna.com\/fr\/wp-json\/wp\/v2\/media\/27559"}],"wp:attachment":[{"href":"https:\/\/micuna.com\/fr\/wp-json\/wp\/v2\/media?parent=27642"}],"wp:term":[{"taxonomy":"product_brand","embeddable":true,"href":"https:\/\/micuna.com\/fr\/wp-json\/wp\/v2\/product_brand?post=27642"},{"taxonomy":"product_cat","embeddable":true,"href":"https:\/\/micuna.com\/fr\/wp-json\/wp\/v2\/product_cat?post=27642"},{"taxonomy":"product_tag","embeddable":true,"href":"https:\/\/micuna.com\/fr\/wp-json\/wp\/v2\/product_tag?post=27642"}],"curies":[{"name":"wp","href":"https:\/\/api.w.org\/{rel}","templated":true}]}}