{"id":27643,"date":"2023-03-14T16:09:41","date_gmt":"2023-03-14T15:09:41","guid":{"rendered":"https:\/\/micuna.com\/?post_type=product&#038;p=27643"},"modified":"2024-04-03T10:52:09","modified_gmt":"2024-04-03T08:52:09","slug":"kit-protecteur-couette-tx-1650-rabbits-120-x-60-cm","status":"publish","type":"product","link":"https:\/\/micuna.com\/fr\/product\/lit-bebe\/textiles-berceaux\/kit-protecteur-couette-tx-1650-rabbits-120-x-60-cm\/","title":{"rendered":"Rabbits Kit Protecteur + Couette 120&#215;60"},"content":{"rendered":"<p><strong>RABBITS TX-1650 <\/strong><strong>KIT PROTECTEUR + COUETTE 120&#215;60<\/strong><\/p>\n<p><strong>Composition :<\/strong> Percale et mousseline 100 % CO<br \/>\n<strong>Couleur :<\/strong> Unique<br \/>\n<strong>Caract\u00e9ristiques :<\/strong> Protecteur haut et couette r\u00e9versibles. Les deux \u00e9l\u00e9ments comprennent un rembourrage. D\u00e9houssable.<\/p>\n","protected":false},"excerpt":{"rendered":"<p><strong>Doux et agr\u00e9able!<\/strong><\/p>\n<p>Le nouveau textile Rabbits combin\u00e9 avec de la mousseline, est parfait \u00e0 combiner avec l\u2019un de nos berceaux ou mini berceaux. \u00c9galement disponible dans d\u2019autres tailles pour 140\u00d770 berceaux, 80\u00d750 mini-berceaux et inclus dans le Mo\u00efse. Le pack comprend :<\/p>\n<ul>\n<li>Couette et protecteur r\u00e9versibles et amovibles<\/li>\n<li>Garniture incluse dans la couette et le protecteur<\/li>\n<li>Tissu de mousseline de coton<\/li>\n<\/ul>\n<p>Combinable avec le pack de feuilles Nature Beige ou Mousse.<\/p>\n","protected":false},"featured_media":27607,"template":"","meta":[],"product_brand":[],"product_cat":[1822],"product_tag":[],"class_list":{"0":"post-27643","1":"product","2":"type-product","3":"status-publish","4":"has-post-thumbnail","6":"product_cat-textiles-berceaux","8":"first","9":"instock","10":"shipping-taxable","11":"product-type-simple"},"_links":{"self":[{"href":"https:\/\/micuna.com\/fr\/wp-json\/wp\/v2\/product\/27643","targetHints":{"allow":["GET"]}}],"collection":[{"href":"https:\/\/micuna.com\/fr\/wp-json\/wp\/v2\/product"}],"about":[{"href":"https:\/\/micuna.com\/fr\/wp-json\/wp\/v2\/types\/product"}],"wp:featuredmedia":[{"embeddable":true,"href":"https:\/\/micuna.com\/fr\/wp-json\/wp\/v2\/media\/27607"}],"wp:attachment":[{"href":"https:\/\/micuna.com\/fr\/wp-json\/wp\/v2\/media?parent=27643"}],"wp:term":[{"taxonomy":"product_brand","embeddable":true,"href":"https:\/\/micuna.com\/fr\/wp-json\/wp\/v2\/product_brand?post=27643"},{"taxonomy":"product_cat","embeddable":true,"href":"https:\/\/micuna.com\/fr\/wp-json\/wp\/v2\/product_cat?post=27643"},{"taxonomy":"product_tag","embeddable":true,"href":"https:\/\/micuna.com\/fr\/wp-json\/wp\/v2\/product_tag?post=27643"}],"curies":[{"name":"wp","href":"https:\/\/api.w.org\/{rel}","templated":true}]}}