{"id":27645,"date":"2023-03-14T16:15:43","date_gmt":"2023-03-14T15:15:43","guid":{"rendered":"https:\/\/micuna.com\/?post_type=product&#038;p=27645"},"modified":"2024-04-23T13:40:27","modified_gmt":"2024-04-23T11:40:27","slug":"kit-protecteur-couette-tx-1732-rabbits-140-x-70-cm","status":"publish","type":"product","link":"https:\/\/micuna.com\/fr\/product\/lit-bebe\/textiles-berceaux\/kit-protecteur-couette-tx-1732-rabbits-140-x-70-cm\/","title":{"rendered":"Rabbits Kit Protecteur + Couette 140&#215;70"},"content":{"rendered":"<p><strong>RABBITS TX-1650 KIT PROTECTEUR + COUETTE 140&#215;70<\/strong><\/p>\n<p><strong>Composition :<\/strong> Percale et mousseline 100 % CO<br \/>\n<strong>Couleur :<\/strong> Unique<br \/>\n<strong>Caract\u00e9ristiques :<\/strong> Protecteur haut et couette r\u00e9versibles. Les deux \u00e9l\u00e9ments comprennent un rembourrage. D\u00e9houssable.<\/p>\n","protected":false},"excerpt":{"rendered":"<p><strong>Doux et agr\u00e9able!<\/strong><\/p>\n<p>Le nouveau textile Rabbits combin\u00e9 avec de la mousseline, est parfait \u00e0 combiner avec l\u2019un de nos berceaux ou mini berceaux. \u00c9galement disponible dans d\u2019autres tailles pour 120\u00d760 berceaux, 80\u00d750 mini-lits et inclus dans le Mo\u00efse. Le pack comprend :<\/p>\n<ul>\n<li>Couette et protecteur r\u00e9versibles et amovibles<\/li>\n<li>Garniture incluse dans la couette et le protecteur<\/li>\n<li>Tissu de mousseline de coton<\/li>\n<\/ul>\n<p>Combinable avec le pack de feuilles Nature Beige ou Mousse.<\/p>\n","protected":false},"featured_media":28562,"template":"","meta":[],"product_brand":[],"product_cat":[1822],"product_tag":[],"class_list":{"0":"post-27645","1":"product","2":"type-product","3":"status-publish","4":"has-post-thumbnail","6":"product_cat-textiles-berceaux","8":"first","9":"instock","10":"shipping-taxable","11":"product-type-simple"},"_links":{"self":[{"href":"https:\/\/micuna.com\/fr\/wp-json\/wp\/v2\/product\/27645","targetHints":{"allow":["GET"]}}],"collection":[{"href":"https:\/\/micuna.com\/fr\/wp-json\/wp\/v2\/product"}],"about":[{"href":"https:\/\/micuna.com\/fr\/wp-json\/wp\/v2\/types\/product"}],"wp:featuredmedia":[{"embeddable":true,"href":"https:\/\/micuna.com\/fr\/wp-json\/wp\/v2\/media\/28562"}],"wp:attachment":[{"href":"https:\/\/micuna.com\/fr\/wp-json\/wp\/v2\/media?parent=27645"}],"wp:term":[{"taxonomy":"product_brand","embeddable":true,"href":"https:\/\/micuna.com\/fr\/wp-json\/wp\/v2\/product_brand?post=27645"},{"taxonomy":"product_cat","embeddable":true,"href":"https:\/\/micuna.com\/fr\/wp-json\/wp\/v2\/product_cat?post=27645"},{"taxonomy":"product_tag","embeddable":true,"href":"https:\/\/micuna.com\/fr\/wp-json\/wp\/v2\/product_tag?post=27645"}],"curies":[{"name":"wp","href":"https:\/\/api.w.org\/{rel}","templated":true}]}}