{"id":27647,"date":"2023-03-14T16:23:23","date_gmt":"2023-03-14T15:23:23","guid":{"rendered":"https:\/\/micuna.com\/?post_type=product&#038;p=27647"},"modified":"2024-04-03T12:38:02","modified_gmt":"2024-04-03T10:38:02","slug":"lit-bebe-big-trevi-140x70","status":"publish","type":"product","link":"https:\/\/micuna.com\/fr\/product\/lit-bebe\/tous-les-berceaux\/lit-bebe-big-trevi-140x70\/","title":{"rendered":"Trevi Big Lit B\u00e9b\u00e9"},"content":{"rendered":"<p><strong>\u00a0TREVI LIT B\u00c9B\u00c9 BIG <\/strong><strong>140\u00d770<\/strong><\/p>\n<p><strong>Dimensions 140 x 70<\/strong> (Int\u00e9rieures 140 x 70 cm ; Ext\u00e9rieures 76,1 x 143,8 x 86,6 cm)<\/p>\n<p><strong>Couleur:<\/strong> Blanc \u2013 Cire naturelle<\/p>\n<p><strong>Mat\u00e9riel:<\/strong>H\u00eatre \u2013 MDF laqu\u00e9<\/p>\n<p><strong>Caract\u00e9ristiques: <\/strong>Pieds inclus\/C\u00f4t\u00e9s fixes\/ Nettoyage \u00e0 sec<\/p>\n<p><strong>En option:<\/strong> Oreiller 70 CH-1097\/Matelas pour berceau 117 x 57 cm\/Oreiller 60 CH-507\/ Table \u00e0 langer berceau CP-744\/Matelas pour berceau 136 x 67 cm<\/p>\n<p><strong>Hauteurs de sommier 140 x 70:<\/strong> 21,5\/44 cm<\/p>\n","protected":false},"excerpt":{"rendered":"<p>La <strong>collection Trevi <\/strong>offre un design minimaliste, frais et tendance. Sa finition en cire naturelle rehausse le ton l\u00e9ger et naturel du bois de h\u00eatre.<\/p>\n<p>Le berceau est en h\u00eatre et MDF laqu\u00e9 en cire blanche et naturelle avec une finition antibact\u00e9rienne et antivirale. Son sommier a trois positions avec des pieds fixes. Ce berceau peut \u00eatre compl\u00e9t\u00e9 par le changeur de berceau en option.<\/p>\n","protected":false},"featured_media":27471,"template":"","meta":[],"product_brand":[],"product_cat":[2076,1805,1814,1810],"product_tag":[2260],"class_list":{"0":"post-27647","1":"product","2":"type-product","3":"status-publish","4":"has-post-thumbnail","6":"product_cat-collections-fr","7":"product_cat-lit-bebe","8":"product_cat-tous-les-berceaux","9":"product_cat-chambres","10":"product_tag-coleccion-trevi-fr","12":"first","13":"instock","14":"shipping-taxable","15":"product-type-simple"},"_links":{"self":[{"href":"https:\/\/micuna.com\/fr\/wp-json\/wp\/v2\/product\/27647","targetHints":{"allow":["GET"]}}],"collection":[{"href":"https:\/\/micuna.com\/fr\/wp-json\/wp\/v2\/product"}],"about":[{"href":"https:\/\/micuna.com\/fr\/wp-json\/wp\/v2\/types\/product"}],"wp:featuredmedia":[{"embeddable":true,"href":"https:\/\/micuna.com\/fr\/wp-json\/wp\/v2\/media\/27471"}],"wp:attachment":[{"href":"https:\/\/micuna.com\/fr\/wp-json\/wp\/v2\/media?parent=27647"}],"wp:term":[{"taxonomy":"product_brand","embeddable":true,"href":"https:\/\/micuna.com\/fr\/wp-json\/wp\/v2\/product_brand?post=27647"},{"taxonomy":"product_cat","embeddable":true,"href":"https:\/\/micuna.com\/fr\/wp-json\/wp\/v2\/product_cat?post=27647"},{"taxonomy":"product_tag","embeddable":true,"href":"https:\/\/micuna.com\/fr\/wp-json\/wp\/v2\/product_tag?post=27647"}],"curies":[{"name":"wp","href":"https:\/\/api.w.org\/{rel}","templated":true}]}}