{"id":27655,"date":"2023-03-14T16:37:23","date_gmt":"2023-03-14T15:37:23","guid":{"rendered":"https:\/\/micuna.com\/?post_type=product&#038;p=27655"},"modified":"2024-04-04T12:53:48","modified_gmt":"2024-04-04T10:53:48","slug":"fauteuil-dallaitement-mar","status":"publish","type":"product","link":"https:\/\/micuna.com\/fr\/product\/chambres\/fauteiuils-a-bascule-d-allaitement\/fauteuil-dallaitement-mar\/","title":{"rendered":"Mar Rocking-Chair D\u2019Allaitement"},"content":{"rendered":"<p><strong>ROCKING-CHAIR D&rsquo;ALLAITEMENT MAR<\/strong><\/p>\n<p><strong>Dimensions :<\/strong> Hauteur 98 x Largeur 96 x Profondeur 73 cm<\/p>\n<p><strong>Mat\u00e9riau :<\/strong> Mousse de polyur\u00e9thane \u2013 Pin<\/p>\n<p><strong>Couleurs :<\/strong> Similicuir blanc\/Gris Clair \u2013 Gris nuit\/Beige \u2013 Marron<\/p>\n<p><strong>Composition<\/strong> : Similicuir blanc 85 % PES 15 % CO\/ Gris et beige 100 % Polyester Acualine<\/p>\n<p><strong>En option :<\/strong> Coussin d\u2019allaitement\/Porte-biberons mural<\/p>\n<p><strong>Caract\u00e9ristiques :<\/strong> Rocking-chair avec bercement int\u00e9gr\u00e9 et syst\u00e8me rotatif<\/p>\n","protected":false},"excerpt":{"rendered":"<p>La grossesse et les premiers mois de la vie de votre b\u00e9b\u00e9 sont une \u00e9tape unique, dans laquelle il est tr\u00e8s important de prendre soin de vous et de vous reposer. C\u2019est pourquoi nous recherchons tout ce qui est confortable et facile, comme la nouvelle chaise ber\u00e7ante pour l\u2019allaitement Mar, qui vous permettra de donner plus facilement le coup de pouce au b\u00e9b\u00e9, am\u00e9liorant la posture gr\u00e2ce \u00e0 son mouvement de balancement et de rotation.<\/p>\n<p>Tous les avantages !<\/p>\n<p>Cette chaise ber\u00e7ante a un rembourrage Aqualine, facile \u00e0 laver et antitache. Il est \u00e9galement disponible en trois couleurs, combinant gris fonc\u00e9 et gris clair, marron et beige combin\u00e9s et similicuir blanc.<\/p>\n","protected":false},"featured_media":27528,"template":"","meta":[],"product_brand":[],"product_cat":[1808,1831,1850,1810],"product_tag":[],"class_list":{"0":"post-27655","1":"product","2":"type-product","3":"status-publish","4":"has-post-thumbnail","6":"product_cat-allaitement","7":"product_cat-tous-les-fauteuils-a-bascule","8":"product_cat-fauteiuils-a-bascule-d-allaitement","9":"product_cat-chambres","10":"pa_tapizado-gris-babybacter","11":"pa_tapizado-polipiel-blanco-fr","12":"pa_tapizado-soft-grey-fr","14":"first","15":"instock","16":"shipping-taxable","17":"product-type-variable","18":"has-default-attributes"},"_links":{"self":[{"href":"https:\/\/micuna.com\/fr\/wp-json\/wp\/v2\/product\/27655","targetHints":{"allow":["GET"]}}],"collection":[{"href":"https:\/\/micuna.com\/fr\/wp-json\/wp\/v2\/product"}],"about":[{"href":"https:\/\/micuna.com\/fr\/wp-json\/wp\/v2\/types\/product"}],"wp:featuredmedia":[{"embeddable":true,"href":"https:\/\/micuna.com\/fr\/wp-json\/wp\/v2\/media\/27528"}],"wp:attachment":[{"href":"https:\/\/micuna.com\/fr\/wp-json\/wp\/v2\/media?parent=27655"}],"wp:term":[{"taxonomy":"product_brand","embeddable":true,"href":"https:\/\/micuna.com\/fr\/wp-json\/wp\/v2\/product_brand?post=27655"},{"taxonomy":"product_cat","embeddable":true,"href":"https:\/\/micuna.com\/fr\/wp-json\/wp\/v2\/product_cat?post=27655"},{"taxonomy":"product_tag","embeddable":true,"href":"https:\/\/micuna.com\/fr\/wp-json\/wp\/v2\/product_tag?post=27655"}],"curies":[{"name":"wp","href":"https:\/\/api.w.org\/{rel}","templated":true}]}}