{"id":27847,"date":"2024-03-04T17:13:12","date_gmt":"2024-03-04T16:13:12","guid":{"rendered":"https:\/\/micuna.com\/?post_type=product&#038;p=27847"},"modified":"2024-05-22T10:33:57","modified_gmt":"2024-05-22T08:33:57","slug":"mini-converbaby","status":"publish","type":"product","link":"https:\/\/micuna.com\/fr\/product\/mini-berceaux\/mini-converbaby\/","title":{"rendered":"Converbaby Berceau"},"content":{"rendered":"<p><strong>CONVERBABY MO-2013 BERCEAU \u00c9VOLUTIF 90&#215;50<\/strong><\/p>\n<ul>\n<li><strong>Dimensions ext.<\/strong> : Hauteur 78 x Longueur 94,4 x Largeur 54,4 cm<\/li>\n<li><strong>Dimensions int\u00e9rieures :<\/strong> 90 x 50 cm<\/li>\n<li><strong>Mat\u00e9riau :<\/strong> H\u00eatre \u2013 Panneau de m\u00e9lamine<\/li>\n<li><strong>Couleur :<\/strong> Blanc \u2013 Cire naturelle \/ Cire naturelle<\/li>\n<li><strong>Caract\u00e9ristiques :<\/strong> Convertible en miniberceau cododo et en canap\u00e9 de 90&#215;50 cm \/ Avec 4 roulettes, dont 4 avec freins<\/li>\n<li><strong>Hauteurs de sommier:<\/strong> 6 hauteurs Du sommier au sol (y compris les roulettes): 20 cm \/ 24,8 cm \/ 31,2 cm \/ 37,6 cm \/ 44 cm \/ 50,4 cm<\/li>\n<li><strong>Poids support\u00e9:<\/strong> 20 kg<\/li>\n<\/ul>\n<p>&nbsp;<\/p>\n","protected":false},"excerpt":{"rendered":"<p>Polyvalence illimit\u00e9e avec le nouveau Mini Converbaby de Micuna!<\/p>\n<p>Transformez chaque \u00e9tape de la croissance de votre enfant en un moment unique avec le nouveau Mini Converbaby. Du cododo pour partager les premi\u00e8res nuits avec votre b\u00e9b\u00e9 \u00e0 un mini-canap\u00e9 confortable, en passant par une table de jeu pour profiter de moments amusants et m\u00eame un bureau polyvalent pour ses premiers dessins.<\/p>\n<p>Rendez chaque instant inoubliable !<\/p>\n","protected":false},"featured_media":27849,"template":"","meta":[],"product_brand":[],"product_cat":[1806,1823,1812,1824,1804],"product_tag":[2286],"class_list":{"0":"post-27847","1":"product","2":"type-product","3":"status-publish","4":"has-post-thumbnail","6":"product_cat-mini-berceaux","7":"product_cat-tous-les-mini-berceaux","8":"product_cat-mini-berceaux-cododo","9":"product_cat-mini-berceaux-evolutifs","10":"product_cat-cododo","11":"product_tag-coleccion-converbaby","12":"pa_color-madera-blanc-cire-naturelle","13":"pa_color-madera-cire-naturelle","15":"first","16":"instock","17":"shipping-taxable","18":"product-type-variable","19":"has-default-attributes"},"_links":{"self":[{"href":"https:\/\/micuna.com\/fr\/wp-json\/wp\/v2\/product\/27847","targetHints":{"allow":["GET"]}}],"collection":[{"href":"https:\/\/micuna.com\/fr\/wp-json\/wp\/v2\/product"}],"about":[{"href":"https:\/\/micuna.com\/fr\/wp-json\/wp\/v2\/types\/product"}],"wp:featuredmedia":[{"embeddable":true,"href":"https:\/\/micuna.com\/fr\/wp-json\/wp\/v2\/media\/27849"}],"wp:attachment":[{"href":"https:\/\/micuna.com\/fr\/wp-json\/wp\/v2\/media?parent=27847"}],"wp:term":[{"taxonomy":"product_brand","embeddable":true,"href":"https:\/\/micuna.com\/fr\/wp-json\/wp\/v2\/product_brand?post=27847"},{"taxonomy":"product_cat","embeddable":true,"href":"https:\/\/micuna.com\/fr\/wp-json\/wp\/v2\/product_cat?post=27847"},{"taxonomy":"product_tag","embeddable":true,"href":"https:\/\/micuna.com\/fr\/wp-json\/wp\/v2\/product_tag?post=27847"}],"curies":[{"name":"wp","href":"https:\/\/api.w.org\/{rel}","templated":true}]}}