{"id":27861,"date":"2024-03-04T17:30:31","date_gmt":"2024-03-04T16:30:31","guid":{"rendered":"https:\/\/micuna.com\/?post_type=product&#038;p=27861"},"modified":"2024-05-27T12:32:20","modified_gmt":"2024-05-27T10:32:20","slug":"converbaby","status":"publish","type":"product","link":"https:\/\/micuna.com\/fr\/product\/lit-bebe\/tous-les-berceaux\/converbaby\/","title":{"rendered":"Converbaby Lit B\u00e9b\u00e9"},"content":{"rendered":"<p><strong>CONVERBABY LIT B\u00c9B\u00c9<\/strong><strong>\u00a090 x 50<\/strong><\/p>\n<ul>\n<li><strong>Dimensions ext.<\/strong> : Hauteur 78 x Longueur 94,4 x Largeur 54,4 cm<\/li>\n<li><strong>Dimensions int\u00e9rieures :<\/strong> 90 x 50 cm<\/li>\n<li><strong>Mat\u00e9riau :<\/strong> H\u00eatre \u2013 Panneau de m\u00e9lamine<\/li>\n<li><strong>Couleur :<\/strong> Blanc \u2013 Cire naturelle \/ Cire naturelle<\/li>\n<li><strong>Caract\u00e9ristiques :<\/strong> Convertible en mini-berceau cododo et en canap\u00e9 de 90&#215;50 cm \/ Avec 4 roulettes, dont 4 avec freins<\/li>\n<li><strong>Hauteurs de sommier:<\/strong> 6 hauteurs Du sommier au sol (y compris les roulettes): 20 cm \/ 24,8 cm \/ 31,2 cm \/ 37,6 cm \/ 44 cm \/ 50,4 cm<\/li>\n<li><strong>Poids support\u00e9:<\/strong> 20 kg<\/li>\n<\/ul>\n<p>&nbsp;<\/p>\n<p><strong>CONVERBABY 90 x 70<\/strong><\/p>\n<ul>\n<li><strong>Dimensions ext.<\/strong> : Hauteur 78 x Longueur 94,4 x Largeur 74,4 cm<\/li>\n<li><strong>Dimensions int\u00e9rieures :<\/strong> 90 x 70 cm<\/li>\n<li><strong>Mat\u00e9riau :<\/strong> H\u00eatre \u2013 Panneau de m\u00e9lamine<\/li>\n<li><strong>Couleur :<\/strong> Blanc \u2013 Cire naturelle \/ Cire naturelle<\/li>\n<li><strong>Caract\u00e9ristiques :<\/strong> Comprend des pi\u00e8ces pour transformer le Converbaby en parc pour enfants<\/li>\n<li><strong>Hauteurs de sommier:<\/strong> 6 hauteurs Du sommier au sol (y compris les roulettes): 20 cm \/ 24,8 cm \/ 31,2 cm \/ 37,6 cm \/ 44 cm \/ 50,4 cm<\/li>\n<li><strong>Poids support\u00e9:<\/strong> 20 kg<\/li>\n<\/ul>\n<p>&nbsp;<\/p>\n<p><strong>CONVERBABY 140 x 70<\/strong><\/p>\n<ul>\n<li><strong>Dimensions ext.<\/strong> : Hauteur 78 x Longueur 144,4 x Largeur 74,4 cm<\/li>\n<li><strong>Dimensions int\u00e9rieures :<\/strong> 140 x 70 cm<\/li>\n<li><strong>Mat\u00e9riau :<\/strong> H\u00eatre \u2013 Panneau de m\u00e9lamine<\/li>\n<li><strong>Couleur :<\/strong> Blanc \u2013 Cire naturelle \/ Cire naturelle<\/li>\n<li><strong>Caract\u00e9ristiques :<\/strong> Convertible en lit avec ou sans barreaux, canap\u00e9 haut, canap\u00e9 Montessori, parc pour enfants et bureau \/ Inclut 4 roues avec freins \/ C\u00f4t\u00e9 rabattable avec syst\u00e8me de fixation rapide et facile<\/li>\n<li><strong>Hauteurs de sommier:<\/strong> 6 hauteurs Du sommier au sol (y compris les roulettes): 22,1 cm \/ 26,9 cm \/ 33,3 cm \/ 39,7 cm \/ 46,1 cm \/ 52,5 cm<\/li>\n<li><strong>Poids support\u00e9:<\/strong> 30 kg<\/li>\n<\/ul>\n","protected":false},"excerpt":{"rendered":"<p><strong>\u00c9volutif, polyvalent et fonctionnel<\/strong><\/p>\n<p>Le Converbaby est le nouveau concept \u00e9volutif de Micuna\u00ae.<\/p>\n<p>12 conversions diff\u00e9rentes en un seul produit.<\/p>\n<p>Le Converbaby allie polyvalence et \u00e9l\u00e9gance. C&rsquo;est le berceau qui grandit avec votre<br \/>\nfamille !<\/p>\n<p>Il comprend tous les \u00e9l\u00e9ments n\u00e9cessaires pour transformer le berceau<\/p>\n","protected":false},"featured_media":28167,"template":"","meta":[],"product_brand":[],"product_cat":[2074,1805,1814,1804],"product_tag":[2286],"class_list":{"0":"post-27861","1":"product","2":"type-product","3":"status-publish","4":"has-post-thumbnail","6":"product_cat-berceaux-cododo-fr","7":"product_cat-lit-bebe","8":"product_cat-tous-les-berceaux","9":"product_cat-cododo","10":"product_tag-coleccion-converbaby","12":"first","13":"instock","14":"shipping-taxable","15":"product-type-simple"},"_links":{"self":[{"href":"https:\/\/micuna.com\/fr\/wp-json\/wp\/v2\/product\/27861","targetHints":{"allow":["GET"]}}],"collection":[{"href":"https:\/\/micuna.com\/fr\/wp-json\/wp\/v2\/product"}],"about":[{"href":"https:\/\/micuna.com\/fr\/wp-json\/wp\/v2\/types\/product"}],"wp:featuredmedia":[{"embeddable":true,"href":"https:\/\/micuna.com\/fr\/wp-json\/wp\/v2\/media\/28167"}],"wp:attachment":[{"href":"https:\/\/micuna.com\/fr\/wp-json\/wp\/v2\/media?parent=27861"}],"wp:term":[{"taxonomy":"product_brand","embeddable":true,"href":"https:\/\/micuna.com\/fr\/wp-json\/wp\/v2\/product_brand?post=27861"},{"taxonomy":"product_cat","embeddable":true,"href":"https:\/\/micuna.com\/fr\/wp-json\/wp\/v2\/product_cat?post=27861"},{"taxonomy":"product_tag","embeddable":true,"href":"https:\/\/micuna.com\/fr\/wp-json\/wp\/v2\/product_tag?post=27861"}],"curies":[{"name":"wp","href":"https:\/\/api.w.org\/{rel}","templated":true}]}}